{"id":4279,"date":"2026-01-09T22:58:29","date_gmt":"2026-01-09T21:58:29","guid":{"rendered":"https:\/\/lichtundeisen.at\/?post_type=product&#038;p=4279"},"modified":"2026-01-09T23:37:00","modified_gmt":"2026-01-09T22:37:00","slug":"wandleuchte-25-2","status":"publish","type":"product","link":"https:\/\/lichtundeisen.at\/en\/produkt\/wandleuchte-25-2","title":{"rendered":"Wandleuchte 25-2"},"content":{"rendered":"<p>Diese rustikale Wandleuchte im Landhausstil \u00fcberzeugt durch ihr handgefertigtes Design aus Metall und liebevoll ausgearbeitete Details.<\/p>\n<p>Die zwei geschwungenen Arme mit Kerzenh\u00fclsen und Stoffschirmen sorgen f\u00fcr ein warmes, behagliches Licht und schaffen eine gem\u00fctliche Atmosph\u00e4re.<\/p>\n<p>Ideal geeignet f\u00fcr Wohn- und Essbereiche, Flure oder Schlafzimmer im Landhaus-, Vintage- oder Rustikalstil.<\/p>\n<p>Die Leuchte wird hochwertig verarbeitet und kann auf Wunsch farblich individuell angepasst werden.<\/p>\n<p>2 flammig E14<\/p>\n<p>Leuchte <strong>430\u20ac<\/strong><\/p>\n<p data-start=\"669\" data-end=\"698\">Schirm (optional): <strong data-start=\"688\" data-end=\"696\">50 \u20ac<\/strong><\/p>\n<p data-start=\"701\" data-end=\"734\">Schirmblende (optional): j<strong>e <\/strong><strong data-start=\"726\" data-end=\"734\">40 \u20ac<\/strong><\/p>\n<p data-start=\"701\" data-end=\"734\"><strong data-start=\"752\" data-end=\"787\">50 % Rabatt auf lagernde St\u00fccke<\/strong><\/p>\n<p data-start=\"701\" data-end=\"734\">1x braun + 1x schwarz lagernd<\/p>\n","protected":false},"excerpt":{"rendered":"<p>Rustikale Wandleuchte im Landhausstil aus handgefertigtem Metall mit zwei Armen, Stoffschirmen und warmem Licht f\u00fcr eine gem\u00fctliche Atmosph\u00e4re.<\/p>\n","protected":false},"featured_media":4285,"template":"","meta":[],"product_brand":[120],"product_cat":[107,57,59],"product_tag":[],"class_list":{"0":"post-4279","1":"product","2":"type-product","3":"status-publish","4":"has-post-thumbnail","6":"product_brand-beleuchtungshaus-schmidt","7":"product_cat-abverkauf-50","8":"product_cat-klassisch","9":"product_cat-wandleuchten","11":"first","12":"instock","13":"sale","14":"taxable","15":"shipping-taxable","16":"purchasable","17":"product-type-simple"},"jetpack_sharing_enabled":true,"_links":{"self":[{"href":"https:\/\/lichtundeisen.at\/en\/wp-json\/wp\/v2\/product\/4279","targetHints":{"allow":["GET"]}}],"collection":[{"href":"https:\/\/lichtundeisen.at\/en\/wp-json\/wp\/v2\/product"}],"about":[{"href":"https:\/\/lichtundeisen.at\/en\/wp-json\/wp\/v2\/types\/product"}],"wp:featuredmedia":[{"embeddable":true,"href":"https:\/\/lichtundeisen.at\/en\/wp-json\/wp\/v2\/media\/4285"}],"wp:attachment":[{"href":"https:\/\/lichtundeisen.at\/en\/wp-json\/wp\/v2\/media?parent=4279"}],"wp:term":[{"taxonomy":"product_brand","embeddable":true,"href":"https:\/\/lichtundeisen.at\/en\/wp-json\/wp\/v2\/product_brand?post=4279"},{"taxonomy":"product_cat","embeddable":true,"href":"https:\/\/lichtundeisen.at\/en\/wp-json\/wp\/v2\/product_cat?post=4279"},{"taxonomy":"product_tag","embeddable":true,"href":"https:\/\/lichtundeisen.at\/en\/wp-json\/wp\/v2\/product_tag?post=4279"}],"curies":[{"name":"wp","href":"https:\/\/api.w.org\/{rel}","templated":true}]}}