{"id":4150,"date":"2025-12-29T11:16:19","date_gmt":"2025-12-29T10:16:19","guid":{"rendered":"https:\/\/lichtundeisen.at\/?post_type=product&#038;p=4150"},"modified":"2025-12-29T11:16:19","modified_gmt":"2025-12-29T10:16:19","slug":"tischleuchte-es14","status":"publish","type":"product","link":"https:\/\/lichtundeisen.at\/en\/produkt\/tischleuchte-es14","title":{"rendered":"Tischleuchte ES14"},"content":{"rendered":"<div class=\"flex max-w-full flex-col grow\">\n<div class=\"min-h-8 text-message relative flex w-full flex-col items-end gap-2 text-start break-words whitespace-normal [.text-message+&amp;]:mt-1\" dir=\"auto\" data-message-author-role=\"assistant\" data-message-id=\"16a0c9e4-0e9d-4b57-bc04-4012e6c5bff9\" data-message-model-slug=\"gpt-5-2\">\n<div class=\"flex w-full flex-col gap-1 empty:hidden first:pt-[1px]\">\n<div class=\"markdown prose dark:prose-invert w-full break-words dark markdown-new-styling\">\n<p data-start=\"0\" data-end=\"486\">Diese au\u00dfergew\u00f6hnliche Tischlampe \u00fcberzeugt durch ihr k\u00fcnstlerisches Design in Form einer stilisierten Metallfigur und wird so zum echten Blickfang in jedem Raum. Der schlanke, handwerklich anmutende Metallkorpus steht auf einer stabilen rechteckigen Bodenplatte und vermittelt eine moderne, fast skulpturale Leichtigkeit. Die Figur h\u00e4lt den zylindrischen Lampenschirm aus hellem, leicht strukturiertem Material, der das Licht sanft filtert und eine warme, angenehme Atmosph\u00e4re schafft.<\/p>\n<p data-start=\"488\" data-end=\"838\">Durch die Kombination aus minimalistischem Design und dekorativem Charakter eignet sich die Lampe ideal als Akzentbeleuchtung auf Sideboards, Beistelltischen oder Regalen. Sie harmoniert besonders gut mit modernen, industriellen oder k\u00fcnstlerisch inspirierten Einrichtungsstilen und setzt stilvolle Lichtakzente im Wohn-, Schlaf- oder Arbeitsbereich.<\/p>\n<p data-start=\"840\" data-end=\"852\"><strong data-start=\"840\" data-end=\"852\">Details:<\/strong><\/p>\n<ul data-start=\"853\" data-end=\"1071\">\n<li data-start=\"853\" data-end=\"888\">\n<p data-start=\"855\" data-end=\"888\">Typ: Tischlampe \/ Designleuchte<\/p>\n<\/li>\n<li data-start=\"889\" data-end=\"948\">\n<p data-start=\"891\" data-end=\"948\">Material: Metallgestell, Stoff- bzw. Papierlampenschirm<\/p>\n<\/li>\n<li data-start=\"949\" data-end=\"992\">\n<p data-start=\"951\" data-end=\"992\">Farbe: Dunkler Metallton, heller Schirm<\/p>\n<\/li>\n<li data-start=\"993\" data-end=\"1040\">\n<p data-start=\"995\" data-end=\"1040\">Lichtwirkung: Warmes, stimmungsvolles Licht<\/p>\n<\/li>\n<li data-start=\"1041\" data-end=\"1071\">\n<p data-start=\"1043\" data-end=\"1071\">Einsatzbereich: Innenr\u00e4ume<\/p>\n<\/li>\n<\/ul>\n<p data-start=\"1073\" data-end=\"1196\" data-is-last-node=\"\" data-is-only-node=\"\">Diese Lampe verbindet Funktionalit\u00e4t mit Kunstobjekt-Charakter und verleiht jedem Raum eine individuelle und elegante Note.<\/p>\n<p data-start=\"1073\" data-end=\"1196\" data-is-last-node=\"\" data-is-only-node=\"\">EINZELST\u00dcCKE<\/p>\n<h5 data-start=\"1073\" data-end=\"1196\">50% RABATT<\/h5>\n<\/div>\n<\/div>\n<\/div>\n<\/div>\n<div class=\"z-0 flex min-h-[46px] justify-start\"><\/div>\n","protected":false},"excerpt":{"rendered":"<p>Elegante Tischlampe in Figurenform aus Metall mit schlichtem Schirm, die als au\u00dfergew\u00f6hnliches Designobjekt warmes Akzentlicht spendet.<\/p>\n","protected":false},"featured_media":4154,"template":"","meta":[],"product_brand":[],"product_cat":[104,58,56],"product_tag":[],"class_list":{"0":"post-4150","1":"product","2":"type-product","3":"status-publish","4":"has-post-thumbnail","6":"product_cat-abverkauf","7":"product_cat-modern","8":"product_cat-tischleuchten","10":"first","11":"instock","12":"sale","13":"taxable","14":"shipping-taxable","15":"purchasable","16":"product-type-simple"},"jetpack_sharing_enabled":true,"_links":{"self":[{"href":"https:\/\/lichtundeisen.at\/en\/wp-json\/wp\/v2\/product\/4150","targetHints":{"allow":["GET"]}}],"collection":[{"href":"https:\/\/lichtundeisen.at\/en\/wp-json\/wp\/v2\/product"}],"about":[{"href":"https:\/\/lichtundeisen.at\/en\/wp-json\/wp\/v2\/types\/product"}],"wp:featuredmedia":[{"embeddable":true,"href":"https:\/\/lichtundeisen.at\/en\/wp-json\/wp\/v2\/media\/4154"}],"wp:attachment":[{"href":"https:\/\/lichtundeisen.at\/en\/wp-json\/wp\/v2\/media?parent=4150"}],"wp:term":[{"taxonomy":"product_brand","embeddable":true,"href":"https:\/\/lichtundeisen.at\/en\/wp-json\/wp\/v2\/product_brand?post=4150"},{"taxonomy":"product_cat","embeddable":true,"href":"https:\/\/lichtundeisen.at\/en\/wp-json\/wp\/v2\/product_cat?post=4150"},{"taxonomy":"product_tag","embeddable":true,"href":"https:\/\/lichtundeisen.at\/en\/wp-json\/wp\/v2\/product_tag?post=4150"}],"curies":[{"name":"wp","href":"https:\/\/api.w.org\/{rel}","templated":true}]}}