{"id":4062,"date":"2025-12-15T23:27:29","date_gmt":"2025-12-15T22:27:29","guid":{"rendered":"https:\/\/lichtundeisen.at\/?post_type=product&#038;p=4062"},"modified":"2026-01-09T23:43:57","modified_gmt":"2026-01-09T22:43:57","slug":"luster-169","status":"publish","type":"product","link":"https:\/\/lichtundeisen.at\/en\/produkt\/luster-169","title":{"rendered":"H\u00e4ngeleuchte Nr.169"},"content":{"rendered":"<p data-start=\"0\" data-end=\"57\"><strong data-start=\"0\" data-end=\"57\">Rustikale Pendelleuchte aus Schmiedeeisen \u2013 1-flammig<\/strong><\/p>\n<p data-start=\"59\" data-end=\"454\">Diese dekorative Pendelleuchte besticht durch ihr handgeschmiedetes Design und ihren warmen, einladenden Charakter. Das kunstvoll gearbeitete Metallgestell mit gedrehten Elementen und geschwungenen Details verleiht der Leuchte einen authentischen Landhaus- und Vintage-Look. Der konische Glasschirm in Creme sorgt f\u00fcr eine angenehme, warme Lichtverteilung und schafft eine gem\u00fctliche Atmosph\u00e4re.<\/p>\n<p data-start=\"456\" data-end=\"565\">Ideal geeignet f\u00fcr K\u00fcche, Essbereich, Flur oder als stilvolle Einzelbeleuchtung \u00fcber einem Tisch oder Tresen.<\/p>\n<p data-start=\"567\" data-end=\"579\"><strong data-start=\"567\" data-end=\"579\">Details:<\/strong><\/p>\n<ul data-start=\"580\" data-end=\"790\">\n<li data-start=\"580\" data-end=\"619\">\n<p data-start=\"582\" data-end=\"619\">Stil: Rustikal \/ Landhaus \/ Vintage<\/p>\n<\/li>\n<li data-start=\"620\" data-end=\"656\">\n<p data-start=\"622\" data-end=\"656\">Material: Schmiedeeisen und Glas<\/p>\n<\/li>\n<li data-start=\"657\" data-end=\"688\">\n<p data-start=\"659\" data-end=\"688\">Farbe: Antikgrau \/ br\u00fcniert<\/p>\n<\/li>\n<li data-start=\"689\" data-end=\"715\">\n<p data-start=\"691\" data-end=\"715\">Anzahl Lichtquellen: 1<\/p>\n<\/li>\n<li data-start=\"716\" data-end=\"756\">\n<p data-start=\"718\" data-end=\"756\">Aufh\u00e4ngung: Kette (h\u00f6henverstellbar)<\/p>\n<\/li>\n<\/ul>\n<p data-start=\"792\" data-end=\"811\"><strong data-start=\"792\" data-end=\"811\">Besonderheiten:<\/strong><\/p>\n<ul data-start=\"812\" data-end=\"930\">\n<li data-start=\"812\" data-end=\"853\">\n<p data-start=\"814\" data-end=\"853\">Aufwendig gearbeitete Schmiededetails<\/p>\n<\/li>\n<li data-start=\"854\" data-end=\"883\">\n<p data-start=\"856\" data-end=\"883\">Warmes, blendfreies Licht<\/p>\n<\/li>\n<li data-start=\"884\" data-end=\"930\">\n<p data-start=\"886\" data-end=\"930\">Zeitloses Design mit handwerklichem Charme<\/p>\n<\/li>\n<\/ul>\n<p data-start=\"932\" data-end=\"1026\" data-is-last-node=\"\" data-is-only-node=\"\">Eine charaktervolle Pendelleuchte, die jedem Raum eine behagliche und stilvolle Note verleiht.<\/p>\n<p data-start=\"932\" data-end=\"1026\" data-is-last-node=\"\" data-is-only-node=\"\">50% auf lagernde St\u00fccke<\/p>\n","protected":false},"excerpt":{"rendered":"<p>Rustikale Pendelleuchte aus Schmiedeeisen \u2013 1-flammig Diese dekorative Pendelleuchte besticht durch ihr handgeschmiedetes Design und ihren warmen, einladenden Charakter. Das kunstvoll gearbeitete Metallgestell mit gedrehten Elementen und geschwungenen Details verleiht der Leuchte einen authentischen Landhaus- und Vintage-Look. Der konische Glasschirm in Creme sorgt f\u00fcr eine angenehme, warme Lichtverteilung und schafft [&hellip;]<\/p>\n","protected":false},"featured_media":4067,"template":"","meta":[],"product_brand":[120],"product_cat":[107,54,57],"product_tag":[],"class_list":{"0":"post-4062","1":"product","2":"type-product","3":"status-publish","4":"has-post-thumbnail","6":"product_brand-beleuchtungshaus-schmidt","7":"product_cat-abverkauf-50","8":"product_cat-hangeleuchten","9":"product_cat-klassisch","11":"first","12":"instock","13":"sale","14":"taxable","15":"shipping-taxable","16":"purchasable","17":"product-type-simple"},"jetpack_sharing_enabled":true,"_links":{"self":[{"href":"https:\/\/lichtundeisen.at\/en\/wp-json\/wp\/v2\/product\/4062","targetHints":{"allow":["GET"]}}],"collection":[{"href":"https:\/\/lichtundeisen.at\/en\/wp-json\/wp\/v2\/product"}],"about":[{"href":"https:\/\/lichtundeisen.at\/en\/wp-json\/wp\/v2\/types\/product"}],"wp:featuredmedia":[{"embeddable":true,"href":"https:\/\/lichtundeisen.at\/en\/wp-json\/wp\/v2\/media\/4067"}],"wp:attachment":[{"href":"https:\/\/lichtundeisen.at\/en\/wp-json\/wp\/v2\/media?parent=4062"}],"wp:term":[{"taxonomy":"product_brand","embeddable":true,"href":"https:\/\/lichtundeisen.at\/en\/wp-json\/wp\/v2\/product_brand?post=4062"},{"taxonomy":"product_cat","embeddable":true,"href":"https:\/\/lichtundeisen.at\/en\/wp-json\/wp\/v2\/product_cat?post=4062"},{"taxonomy":"product_tag","embeddable":true,"href":"https:\/\/lichtundeisen.at\/en\/wp-json\/wp\/v2\/product_tag?post=4062"}],"curies":[{"name":"wp","href":"https:\/\/api.w.org\/{rel}","templated":true}]}}