{"id":4058,"date":"2025-12-15T23:16:45","date_gmt":"2025-12-15T22:16:45","guid":{"rendered":"https:\/\/lichtundeisen.at\/?post_type=product&#038;p=4058"},"modified":"2026-01-19T13:53:48","modified_gmt":"2026-01-19T12:53:48","slug":"luster-68","status":"publish","type":"product","link":"https:\/\/lichtundeisen.at\/en\/produkt\/luster-68","title":{"rendered":"H\u00e4ngeleuchte Nr.68"},"content":{"rendered":"<p data-start=\"0\" data-end=\"50\"><strong data-start=\"0\" data-end=\"50\">Antiker Schmiedeeisen-Kronleuchter \u2013 4-flammig<\/strong><\/p>\n<p data-start=\"52\" data-end=\"431\">Dieser stilvolle Kronleuchter aus Schmiedeeisen \u00fcberzeugt durch sein authentisches, handwerkliches Design. Die geschwungenen Arme, dekorativen Metallbl\u00e4tter und die robuste Kettenaufh\u00e4ngung verleihen der Leuchte einen klassischen, rustikalen Charakter. Die vier Kerzenfassungen in warmem Creme unterstreichen den traditionellen Stil und bringen nostalgisches Flair in jeden Raum.<\/p>\n<p data-start=\"433\" data-end=\"562\">Ideal f\u00fcr Esszimmer, Wohnzimmer, Flur oder Jagdzimmer \u2013 besonders passend zu Landhaus-, Vintage- oder mediterranen Einrichtungen.<\/p>\n<p data-start=\"564\" data-end=\"576\"><strong data-start=\"564\" data-end=\"576\">Details:<\/strong><\/p>\n<ul data-start=\"577\" data-end=\"798\">\n<li data-start=\"577\" data-end=\"614\">\n<p data-start=\"579\" data-end=\"614\">Stil: Antik \/ Rustikal \/ Landhaus<\/p>\n<\/li>\n<li data-start=\"615\" data-end=\"642\">\n<p data-start=\"617\" data-end=\"642\">Material: Schmiedeeisen<\/p>\n<\/li>\n<li data-start=\"643\" data-end=\"680\">\n<p data-start=\"645\" data-end=\"680\">Farbe: Dunkles Grau \/ Antiksilber<\/p>\n<\/li>\n<li data-start=\"681\" data-end=\"707\">\n<p data-start=\"683\" data-end=\"707\">Anzahl Lichtquellen: 4<\/p>\n<\/li>\n<li data-start=\"708\" data-end=\"732\">\n<p data-start=\"710\" data-end=\"732\">Fassung: Kerzenoptik<\/p>\n<\/li>\n<li data-start=\"733\" data-end=\"764\">\n<p data-start=\"735\" data-end=\"764\">Aufh\u00e4ngung: Kette (k\u00fcrzbar)<\/p>\n<\/li>\n<\/ul>\n<p data-start=\"800\" data-end=\"819\"><strong data-start=\"800\" data-end=\"819\">Besonderheiten:<\/strong><\/p>\n<ul data-start=\"820\" data-end=\"944\">\n<li data-start=\"820\" data-end=\"864\">\n<p data-start=\"822\" data-end=\"864\">Aufwendig gearbeitete Metallverzierungen<\/p>\n<\/li>\n<li data-start=\"865\" data-end=\"899\">\n<p data-start=\"867\" data-end=\"899\">Massives, langlebiges Material<\/p>\n<\/li>\n<li data-start=\"900\" data-end=\"944\">\n<p data-start=\"902\" data-end=\"944\">Zeitloses Design mit historischem Charme<\/p>\n<\/li>\n<\/ul>\n<p data-start=\"946\" data-end=\"1069\" data-is-last-node=\"\" data-is-only-node=\"\">Ein charakterstarker Kronleuchter, der jedem Raum eine warme, klassische Atmosph\u00e4re verleiht und zum echten Blickfang wird.<\/p>\n","protected":false},"excerpt":{"rendered":"<p>Antiker Schmiedeeisen-Kronleuchter \u2013 4-flammig Dieser stilvolle Kronleuchter aus Schmiedeeisen \u00fcberzeugt durch sein authentisches, handwerkliches Design. Die geschwungenen Arme, dekorativen Metallbl\u00e4tter und die robuste Kettenaufh\u00e4ngung verleihen der Leuchte einen klassischen, rustikalen Charakter. Die vier Kerzenfassungen in warmem Creme unterstreichen den traditionellen Stil und bringen nostalgisches Flair in jeden Raum. Ideal f\u00fcr [&hellip;]<\/p>\n","protected":false},"featured_media":4061,"template":"","meta":[],"product_brand":[120],"product_cat":[107,54,57,119],"product_tag":[],"class_list":{"0":"post-4058","1":"product","2":"type-product","3":"status-publish","4":"has-post-thumbnail","6":"product_brand-beleuchtungshaus-schmidt","7":"product_cat-abverkauf-50","8":"product_cat-hangeleuchten","9":"product_cat-klassisch","10":"product_cat-luster","12":"first","13":"instock","14":"sale","15":"taxable","16":"shipping-taxable","17":"purchasable","18":"product-type-simple"},"jetpack_sharing_enabled":true,"_links":{"self":[{"href":"https:\/\/lichtundeisen.at\/en\/wp-json\/wp\/v2\/product\/4058","targetHints":{"allow":["GET"]}}],"collection":[{"href":"https:\/\/lichtundeisen.at\/en\/wp-json\/wp\/v2\/product"}],"about":[{"href":"https:\/\/lichtundeisen.at\/en\/wp-json\/wp\/v2\/types\/product"}],"wp:featuredmedia":[{"embeddable":true,"href":"https:\/\/lichtundeisen.at\/en\/wp-json\/wp\/v2\/media\/4061"}],"wp:attachment":[{"href":"https:\/\/lichtundeisen.at\/en\/wp-json\/wp\/v2\/media?parent=4058"}],"wp:term":[{"taxonomy":"product_brand","embeddable":true,"href":"https:\/\/lichtundeisen.at\/en\/wp-json\/wp\/v2\/product_brand?post=4058"},{"taxonomy":"product_cat","embeddable":true,"href":"https:\/\/lichtundeisen.at\/en\/wp-json\/wp\/v2\/product_cat?post=4058"},{"taxonomy":"product_tag","embeddable":true,"href":"https:\/\/lichtundeisen.at\/en\/wp-json\/wp\/v2\/product_tag?post=4058"}],"curies":[{"name":"wp","href":"https:\/\/api.w.org\/{rel}","templated":true}]}}