{"id":4001,"date":"2025-12-12T17:51:03","date_gmt":"2025-12-12T16:51:03","guid":{"rendered":"https:\/\/lichtundeisen.at\/?post_type=product&#038;p=4001"},"modified":"2026-01-19T13:54:31","modified_gmt":"2026-01-19T12:54:31","slug":"tisch-nr-2","status":"publish","type":"product","link":"https:\/\/lichtundeisen.at\/en\/produkt\/tisch-nr-2","title":{"rendered":"Tisch Nr. 2"},"content":{"rendered":"<p>Tisch mit Glasplatte \u2013 Schmiedeeisen, grau lackiert &amp; patiniert<br \/>\nMa\u00dfe: 90 \u00d7 90 \u00d7 75 cm (B\/T\/H)<br \/>\nStabiler, dekorativer Tisch aus hochwertigem Schmiedeeisen mit eleganter Patina und klarer Glasplatte. Ideal f\u00fcr Esszimmer, K\u00fcche oder Wintergarten.<\/p>\n<p>Abverkauf auf lagernde St\u00fccke \u2013 jetzt 50 % reduziert!<\/p>\n<p>zuz\u00fcglich Versandkosten (Spedition)<\/p>\n","protected":false},"excerpt":{"rendered":"<p>Eleganter Tisch mit klarer Glasplatte und stabilem Metallgestell im zeitlosen Design.<\/p>\n","protected":false},"featured_media":4006,"template":"","meta":[],"product_brand":[120],"product_cat":[107,57,61],"product_tag":[],"class_list":{"0":"post-4001","1":"product","2":"type-product","3":"status-publish","4":"has-post-thumbnail","6":"product_brand-beleuchtungshaus-schmidt","7":"product_cat-abverkauf-50","8":"product_cat-klassisch","9":"product_cat-moebel","10":"product_shipping_class-spedition","12":"first","13":"instock","14":"sale","15":"taxable","16":"shipping-taxable","17":"purchasable","18":"product-type-simple"},"jetpack_sharing_enabled":true,"_links":{"self":[{"href":"https:\/\/lichtundeisen.at\/en\/wp-json\/wp\/v2\/product\/4001","targetHints":{"allow":["GET"]}}],"collection":[{"href":"https:\/\/lichtundeisen.at\/en\/wp-json\/wp\/v2\/product"}],"about":[{"href":"https:\/\/lichtundeisen.at\/en\/wp-json\/wp\/v2\/types\/product"}],"wp:featuredmedia":[{"embeddable":true,"href":"https:\/\/lichtundeisen.at\/en\/wp-json\/wp\/v2\/media\/4006"}],"wp:attachment":[{"href":"https:\/\/lichtundeisen.at\/en\/wp-json\/wp\/v2\/media?parent=4001"}],"wp:term":[{"taxonomy":"product_brand","embeddable":true,"href":"https:\/\/lichtundeisen.at\/en\/wp-json\/wp\/v2\/product_brand?post=4001"},{"taxonomy":"product_cat","embeddable":true,"href":"https:\/\/lichtundeisen.at\/en\/wp-json\/wp\/v2\/product_cat?post=4001"},{"taxonomy":"product_tag","embeddable":true,"href":"https:\/\/lichtundeisen.at\/en\/wp-json\/wp\/v2\/product_tag?post=4001"}],"curies":[{"name":"wp","href":"https:\/\/api.w.org\/{rel}","templated":true}]}}