{"id":3776,"date":"2025-09-29T13:58:42","date_gmt":"2025-09-29T11:58:42","guid":{"rendered":"https:\/\/lichtundeisen.at\/?post_type=product&#038;p=3776"},"modified":"2026-01-10T12:43:05","modified_gmt":"2026-01-10T11:43:05","slug":"wandleuchten-line-k","status":"publish","type":"product","link":"https:\/\/lichtundeisen.at\/en\/produkt\/wandleuchten-line-k","title":{"rendered":"Wandleuchten line K"},"content":{"rendered":"<h3 data-start=\"75\" data-end=\"103\">Wandleuchte <strong data-start=\"91\" data-end=\"101\">Line K<\/strong><\/h3>\n<p data-start=\"104\" data-end=\"178\">Minimalistische Formensprache kombiniert mit klassischen Kristall-Details.<\/p>\n<ul data-start=\"180\" data-end=\"440\">\n<li data-start=\"180\" data-end=\"245\">\n<p data-start=\"182\" data-end=\"245\"><strong data-start=\"182\" data-end=\"190\">Ma\u00dfe<\/strong>: Breite ca. 64 cm \u00b7 Tiefe ca. 7,5 cm \u00b7 H\u00f6he ca. 4 cm<\/p>\n<\/li>\n<li data-start=\"246\" data-end=\"312\">\n<p data-start=\"248\" data-end=\"312\"><strong data-start=\"248\" data-end=\"257\">Licht<\/strong>: LED Warmwei\u00df, Up- &amp; Downlight, 11,5 W, ca. 1 000 lm<\/p>\n<\/li>\n<li data-start=\"313\" data-end=\"371\">\n<p data-start=\"315\" data-end=\"371\"><strong data-start=\"315\" data-end=\"329\">Oberfl\u00e4che<\/strong>: Mittelgrau mit elegantem Glimmereffekt<\/p>\n<\/li>\n<li data-start=\"372\" data-end=\"440\">\n<p data-start=\"374\" data-end=\"440\"><strong data-start=\"374\" data-end=\"390\">Besonderheit<\/strong>: Dezentes Design mit funkelnden Kristallelementen<\/p>\n<\/li>\n<\/ul>\n","protected":false},"excerpt":{"rendered":"<p>Wandleuchte Line K Minimalistische Formensprache kombiniert mit klassischen Kristall-Details. Ma\u00dfe: Breite ca. 64 cm \u00b7 Tiefe ca. 7,5 cm \u00b7 H\u00f6he ca. 4 cm Licht: LED Warmwei\u00df, Up- &amp; Downlight, 11,5 W, ca. 1 000 lm Oberfl\u00e4che: Mittelgrau mit elegantem Glimmereffekt Besonderheit: Dezentes Design mit funkelnden Kristallelementen<\/p>\n","protected":false},"featured_media":3779,"template":"","meta":[],"product_brand":[121],"product_cat":[58,117,59],"product_tag":[],"class_list":{"0":"post-3776","1":"product","2":"type-product","3":"status-publish","4":"has-post-thumbnail","6":"product_brand-lichtundeisen","7":"product_cat-modern","8":"product_cat-neuheiten","9":"product_cat-wandleuchten","11":"first","12":"instock","13":"featured","14":"taxable","15":"shipping-taxable","16":"purchasable","17":"product-type-simple"},"jetpack_sharing_enabled":true,"_links":{"self":[{"href":"https:\/\/lichtundeisen.at\/en\/wp-json\/wp\/v2\/product\/3776","targetHints":{"allow":["GET"]}}],"collection":[{"href":"https:\/\/lichtundeisen.at\/en\/wp-json\/wp\/v2\/product"}],"about":[{"href":"https:\/\/lichtundeisen.at\/en\/wp-json\/wp\/v2\/types\/product"}],"wp:featuredmedia":[{"embeddable":true,"href":"https:\/\/lichtundeisen.at\/en\/wp-json\/wp\/v2\/media\/3779"}],"wp:attachment":[{"href":"https:\/\/lichtundeisen.at\/en\/wp-json\/wp\/v2\/media?parent=3776"}],"wp:term":[{"taxonomy":"product_brand","embeddable":true,"href":"https:\/\/lichtundeisen.at\/en\/wp-json\/wp\/v2\/product_brand?post=3776"},{"taxonomy":"product_cat","embeddable":true,"href":"https:\/\/lichtundeisen.at\/en\/wp-json\/wp\/v2\/product_cat?post=3776"},{"taxonomy":"product_tag","embeddable":true,"href":"https:\/\/lichtundeisen.at\/en\/wp-json\/wp\/v2\/product_tag?post=3776"}],"curies":[{"name":"wp","href":"https:\/\/api.w.org\/{rel}","templated":true}]}}