{"id":3763,"date":"2025-09-28T21:56:47","date_gmt":"2025-09-28T19:56:47","guid":{"rendered":"https:\/\/lichtundeisen.at\/?post_type=product&#038;p=3763"},"modified":"2026-01-18T17:22:03","modified_gmt":"2026-01-18T16:22:03","slug":"tischleuchte-tripod","status":"publish","type":"product","link":"https:\/\/lichtundeisen.at\/en\/produkt\/tischleuchte-tripod","title":{"rendered":"Tischleuchte tripod"},"content":{"rendered":"<h3 data-start=\"153\" data-end=\"182\">Tischleuchte <strong data-start=\"170\" data-end=\"180\">Tripod<\/strong><\/h3>\n<p data-start=\"183\" data-end=\"238\">Extravagantes Design trifft auf handwerkliche Qualit\u00e4t.<\/p>\n<ul data-start=\"240\" data-end=\"538\">\n<li data-start=\"240\" data-end=\"308\">\n<p data-start=\"242\" data-end=\"308\"><strong data-start=\"242\" data-end=\"257\">Leuchtenfu\u00df<\/strong>: H\u00f6he ca. 45 cm, Grundfl\u00e4che ca. 17 \u00d7 17 \u00d7 17 cm<\/p>\n<\/li>\n<li data-start=\"309\" data-end=\"375\">\n<p data-start=\"311\" data-end=\"375\"><strong data-start=\"311\" data-end=\"325\">Oberfl\u00e4che<\/strong>: Schwarz matt, mit feinem Eisenglimmer veredelt<\/p>\n<\/li>\n<li data-start=\"376\" data-end=\"428\">\n<p data-start=\"378\" data-end=\"428\"><strong data-start=\"378\" data-end=\"389\">Fassung<\/strong>: E27, inklusive warmwei\u00dfer LED-Birne<\/p>\n<\/li>\n<li data-start=\"429\" data-end=\"505\">\n<p data-start=\"431\" data-end=\"505\"><strong data-start=\"431\" data-end=\"440\">Kabel<\/strong>: Schwarzes, gedrehtes Stoffkabel mit Schalter, L\u00e4nge ca. 1,5 m<\/p>\n<\/li>\n<li data-start=\"506\" data-end=\"538\">\n<p data-start=\"508\" data-end=\"538\"><strong data-start=\"508\" data-end=\"531\">Preis (ohne Schirm)<\/strong>: 250 \u20ac<\/p>\n<\/li>\n<\/ul>\n<p data-start=\"540\" data-end=\"568\"><strong data-start=\"540\" data-end=\"566\">Passender Lampenschirm: Schirm 04<\/strong><\/p>\n<ul data-start=\"569\" data-end=\"651\">\n<li data-start=\"569\" data-end=\"610\">\n<p data-start=\"571\" data-end=\"610\">Durchmesser ca. 12 cm, H\u00f6he ca. 45 cm<\/p>\n<\/li>\n<li data-start=\"611\" data-end=\"637\">\n<p data-start=\"613\" data-end=\"637\">Handgefertigtes Papier<\/p>\n<\/li>\n<li data-start=\"638\" data-end=\"651\">\n<p data-start=\"640\" data-end=\"651\">Preis: 100 \u20ac<\/p>\n<\/li>\n<\/ul>\n<p data-start=\"653\" data-end=\"746\">Individuelle W\u00fcnsche?<br data-start=\"674\" data-end=\"677\" \/>Diese Leuchte ist <strong data-start=\"695\" data-end=\"745\">in jeder Gr\u00f6\u00dfe und Farbe auf Wunsch bestellbar<\/strong>.<\/p>\n<p>&nbsp;<\/p>\n<p>&nbsp;<\/p>\n","protected":false},"excerpt":{"rendered":"<p>Tischleuchte Tripod Extravagantes Design trifft auf handwerkliche Qualit\u00e4t. Leuchtenfu\u00df: H\u00f6he ca. 45 cm, Grundfl\u00e4che ca. 17 \u00d7 17 \u00d7 17 cm Oberfl\u00e4che: Schwarz matt, mit feinem Eisenglimmer veredelt Fassung: E27, inklusive warmwei\u00dfer LED-Birne Kabel: Schwarzes, gedrehtes Stoffkabel mit Schalter, L\u00e4nge ca. 1,5 m Preis (ohne Schirm): 250 \u20ac Passender Lampenschirm: [&hellip;]<\/p>\n","protected":false},"featured_media":3766,"template":"","meta":[],"product_brand":[121],"product_cat":[58,117,56],"product_tag":[],"class_list":{"0":"post-3763","1":"product","2":"type-product","3":"status-publish","4":"has-post-thumbnail","6":"product_brand-lichtundeisen","7":"product_cat-modern","8":"product_cat-neuheiten","9":"product_cat-tischleuchten","11":"first","12":"instock","13":"featured","14":"taxable","15":"shipping-taxable","16":"purchasable","17":"product-type-simple"},"jetpack_sharing_enabled":true,"_links":{"self":[{"href":"https:\/\/lichtundeisen.at\/en\/wp-json\/wp\/v2\/product\/3763","targetHints":{"allow":["GET"]}}],"collection":[{"href":"https:\/\/lichtundeisen.at\/en\/wp-json\/wp\/v2\/product"}],"about":[{"href":"https:\/\/lichtundeisen.at\/en\/wp-json\/wp\/v2\/types\/product"}],"wp:featuredmedia":[{"embeddable":true,"href":"https:\/\/lichtundeisen.at\/en\/wp-json\/wp\/v2\/media\/3766"}],"wp:attachment":[{"href":"https:\/\/lichtundeisen.at\/en\/wp-json\/wp\/v2\/media?parent=3763"}],"wp:term":[{"taxonomy":"product_brand","embeddable":true,"href":"https:\/\/lichtundeisen.at\/en\/wp-json\/wp\/v2\/product_brand?post=3763"},{"taxonomy":"product_cat","embeddable":true,"href":"https:\/\/lichtundeisen.at\/en\/wp-json\/wp\/v2\/product_cat?post=3763"},{"taxonomy":"product_tag","embeddable":true,"href":"https:\/\/lichtundeisen.at\/en\/wp-json\/wp\/v2\/product_tag?post=3763"}],"curies":[{"name":"wp","href":"https:\/\/api.w.org\/{rel}","templated":true}]}}