{"id":3750,"date":"2025-09-27T20:04:21","date_gmt":"2025-09-27T18:04:21","guid":{"rendered":"https:\/\/lichtundeisen.at\/?post_type=product&#038;p=3750"},"modified":"2026-01-09T23:22:09","modified_gmt":"2026-01-09T22:22:09","slug":"tischleuchte-spot1","status":"publish","type":"product","link":"https:\/\/lichtundeisen.at\/en\/produkt\/tischleuchte-spot1","title":{"rendered":"Tischleuchte spot1"},"content":{"rendered":"<p data-start=\"89\" data-end=\"176\"><strong data-start=\"89\" data-end=\"112\">Tischleuchte Spot 1<\/strong><br data-start=\"112\" data-end=\"115\" \/>Unsere kompakte Nachttischleuchte im eleganten Spot-Design.<\/p>\n<ul data-start=\"177\" data-end=\"329\">\n<li data-start=\"177\" data-end=\"221\">\n<p data-start=\"179\" data-end=\"221\"><strong data-start=\"179\" data-end=\"188\">Ma\u00dfe:<\/strong> H\u00f6he ca. 30 cm, Fu\u00df 12 \u00d7 12 cm<\/p>\n<\/li>\n<li data-start=\"222\" data-end=\"278\">\n<p data-start=\"224\" data-end=\"278\"><strong data-start=\"224\" data-end=\"234\">Licht:<\/strong> LED warmwei\u00df 5 W (\u2248 45 W Halogen), 400 lm<\/p>\n<\/li>\n<li data-start=\"279\" data-end=\"329\">\n<p data-start=\"281\" data-end=\"329\"><strong data-start=\"281\" data-end=\"291\">Farbe:<\/strong> Schwarz mit edler grauer Veredelung<\/p>\n<\/li>\n<\/ul>\n<p data-start=\"331\" data-end=\"434\">Die Spot 1 sorgt f\u00fcr stimmungsvolles, warmwei\u00dfes Licht \u2013 ideal f\u00fcr Nachttisch, Sideboard oder Leseecke.<\/p>\n","protected":false},"excerpt":{"rendered":"<p>Tischleuchte Spot 1Unsere kompakte Nachttischleuchte im eleganten Spot-Design. Ma\u00dfe: H\u00f6he ca. 30 cm, Fu\u00df 12 \u00d7 12 cm Licht: LED warmwei\u00df 5 W (\u2248 45 W Halogen), 400 lm Farbe: Schwarz mit edler grauer Veredelung Die Spot 1 sorgt f\u00fcr stimmungsvolles, warmwei\u00dfes Licht \u2013 ideal f\u00fcr Nachttisch, Sideboard oder Leseecke.<\/p>\n","protected":false},"featured_media":3751,"template":"","meta":[],"product_brand":[121],"product_cat":[58,117,56],"product_tag":[],"class_list":{"0":"post-3750","1":"product","2":"type-product","3":"status-publish","4":"has-post-thumbnail","6":"product_brand-lichtundeisen","7":"product_cat-modern","8":"product_cat-neuheiten","9":"product_cat-tischleuchten","11":"first","12":"onbackorder","13":"featured","14":"taxable","15":"shipping-taxable","16":"purchasable","17":"product-type-simple"},"jetpack_sharing_enabled":true,"_links":{"self":[{"href":"https:\/\/lichtundeisen.at\/en\/wp-json\/wp\/v2\/product\/3750","targetHints":{"allow":["GET"]}}],"collection":[{"href":"https:\/\/lichtundeisen.at\/en\/wp-json\/wp\/v2\/product"}],"about":[{"href":"https:\/\/lichtundeisen.at\/en\/wp-json\/wp\/v2\/types\/product"}],"wp:featuredmedia":[{"embeddable":true,"href":"https:\/\/lichtundeisen.at\/en\/wp-json\/wp\/v2\/media\/3751"}],"wp:attachment":[{"href":"https:\/\/lichtundeisen.at\/en\/wp-json\/wp\/v2\/media?parent=3750"}],"wp:term":[{"taxonomy":"product_brand","embeddable":true,"href":"https:\/\/lichtundeisen.at\/en\/wp-json\/wp\/v2\/product_brand?post=3750"},{"taxonomy":"product_cat","embeddable":true,"href":"https:\/\/lichtundeisen.at\/en\/wp-json\/wp\/v2\/product_cat?post=3750"},{"taxonomy":"product_tag","embeddable":true,"href":"https:\/\/lichtundeisen.at\/en\/wp-json\/wp\/v2\/product_tag?post=3750"}],"curies":[{"name":"wp","href":"https:\/\/api.w.org\/{rel}","templated":true}]}}