{"id":3705,"date":"2025-09-27T15:55:49","date_gmt":"2025-09-27T13:55:49","guid":{"rendered":"https:\/\/lichtundeisen.at\/?post_type=product&#038;p=3705"},"modified":"2026-02-09T17:24:54","modified_gmt":"2026-02-09T16:24:54","slug":"stehtisch","status":"publish","type":"product","link":"https:\/\/lichtundeisen.at\/en\/produkt\/stehtisch","title":{"rendered":"Stehtisch"},"content":{"rendered":"<p data-start=\"108\" data-end=\"138\"><strong data-start=\"108\" data-end=\"136\">Stehtisch mit Glasplatte<\/strong><\/p>\n<ul data-start=\"139\" data-end=\"395\">\n<li data-start=\"139\" data-end=\"176\">\n<p data-start=\"141\" data-end=\"176\"><strong data-start=\"141\" data-end=\"150\">Ma\u00dfe:<\/strong> 50 \u00d7 50 cm, H\u00f6he 115 cm<\/p>\n<\/li>\n<li data-start=\"177\" data-end=\"252\">\n<p data-start=\"179\" data-end=\"252\"><strong data-start=\"179\" data-end=\"200\">Material &amp; Farbe:<\/strong> Schwarzes Gestell mit eleganter grauer Veredelung<\/p>\n<\/li>\n<li data-start=\"253\" data-end=\"319\">\n<p data-start=\"255\" data-end=\"319\"><strong data-start=\"255\" data-end=\"271\">Tischplatte:<\/strong> Robuste Glasplatte f\u00fcr modernes, edles Design<\/p>\n<\/li>\n<li data-start=\"320\" data-end=\"395\">\n<p data-start=\"322\" data-end=\"395\"><strong data-start=\"322\" data-end=\"341\">Besonderheiten:<\/strong> Stabiler Standfu\u00df, ideal f\u00fcr Bar, Event oder Lounge<\/p>\n<\/li>\n<\/ul>\n<p data-start=\"397\" data-end=\"470\">Passende Barhocker sind ebenfalls verf\u00fcgbar \u2013 perfekt als komplettes Set.<\/p>\n","protected":false},"excerpt":{"rendered":"<p>Stehtisch mit Glasplatte Ma\u00dfe: 50 \u00d7 50 cm, H\u00f6he 115 cm Material &amp; Farbe: Schwarzes Gestell mit eleganter grauer Veredelung Tischplatte: Robuste Glasplatte f\u00fcr modernes, edles Design Besonderheiten: Stabiler Standfu\u00df, ideal f\u00fcr Bar, Event oder Lounge Passende Barhocker sind ebenfalls verf\u00fcgbar \u2013 perfekt als komplettes Set.<\/p>\n","protected":false},"featured_media":3710,"template":"","meta":[],"product_brand":[121],"product_cat":[61,58],"product_tag":[],"class_list":{"0":"post-3705","1":"product","2":"type-product","3":"status-publish","4":"has-post-thumbnail","6":"product_brand-lichtundeisen","7":"product_cat-moebel","8":"product_cat-modern","9":"product_shipping_class-spedition","11":"first","12":"instock","13":"featured","14":"taxable","15":"shipping-taxable","16":"purchasable","17":"product-type-simple"},"jetpack_sharing_enabled":true,"_links":{"self":[{"href":"https:\/\/lichtundeisen.at\/en\/wp-json\/wp\/v2\/product\/3705","targetHints":{"allow":["GET"]}}],"collection":[{"href":"https:\/\/lichtundeisen.at\/en\/wp-json\/wp\/v2\/product"}],"about":[{"href":"https:\/\/lichtundeisen.at\/en\/wp-json\/wp\/v2\/types\/product"}],"wp:featuredmedia":[{"embeddable":true,"href":"https:\/\/lichtundeisen.at\/en\/wp-json\/wp\/v2\/media\/3710"}],"wp:attachment":[{"href":"https:\/\/lichtundeisen.at\/en\/wp-json\/wp\/v2\/media?parent=3705"}],"wp:term":[{"taxonomy":"product_brand","embeddable":true,"href":"https:\/\/lichtundeisen.at\/en\/wp-json\/wp\/v2\/product_brand?post=3705"},{"taxonomy":"product_cat","embeddable":true,"href":"https:\/\/lichtundeisen.at\/en\/wp-json\/wp\/v2\/product_cat?post=3705"},{"taxonomy":"product_tag","embeddable":true,"href":"https:\/\/lichtundeisen.at\/en\/wp-json\/wp\/v2\/product_tag?post=3705"}],"curies":[{"name":"wp","href":"https:\/\/api.w.org\/{rel}","templated":true}]}}