{"id":3684,"date":"2025-09-27T14:21:04","date_gmt":"2025-09-27T12:21:04","guid":{"rendered":"https:\/\/lichtundeisen.at\/?post_type=product&#038;p=3684"},"modified":"2026-02-09T17:25:16","modified_gmt":"2026-02-09T16:25:16","slug":"barhocker","status":"publish","type":"product","link":"https:\/\/lichtundeisen.at\/en\/produkt\/barhocker","title":{"rendered":"Barhocker"},"content":{"rendered":"<p data-start=\"153\" data-end=\"194\"><strong data-start=\"153\" data-end=\"192\">Barhocker \u2013 individuell nach Wunsch<\/strong><\/p>\n<ul data-start=\"195\" data-end=\"402\">\n<li data-start=\"195\" data-end=\"289\">\n<p data-start=\"197\" data-end=\"289\"><strong data-start=\"197\" data-end=\"212\">Sitzfl\u00e4che:<\/strong> 40 \u00d7 40 cm, bequeme 5 cm Polsterung, bezogen mit hochwertigem grauem Stoff<\/p>\n<\/li>\n<li data-start=\"290\" data-end=\"316\">\n<p data-start=\"292\" data-end=\"316\"><strong data-start=\"292\" data-end=\"307\">Gesamth\u00f6he:<\/strong> 115 cm<\/p>\n<\/li>\n<li data-start=\"317\" data-end=\"381\">\n<p data-start=\"319\" data-end=\"381\"><strong data-start=\"319\" data-end=\"334\">Oberfl\u00e4che:<\/strong> Schwarz lackiert mit edler grauer Veredelung<\/p>\n<\/li>\n<li data-start=\"382\" data-end=\"402\">\n<p data-start=\"384\" data-end=\"402\"><strong data-start=\"384\" data-end=\"394\">Preis:<\/strong> 500 \u20ac<\/p>\n<\/li>\n<\/ul>\n<p data-start=\"404\" data-end=\"524\">Gr\u00f6\u00dfe und Farbgestaltung k\u00f6nnen auf Kundenwunsch angepasst werden, sodass jeder Hocker perfekt zu Ihrem Interieur passt.<\/p>\n","protected":false},"excerpt":{"rendered":"<p>Barhocker \u2013 individuell nach Wunsch Sitzfl\u00e4che: 40 \u00d7 40 cm, bequeme 5 cm Polsterung, bezogen mit hochwertigem grauem Stoff Gesamth\u00f6he: 115 cm Oberfl\u00e4che: Schwarz lackiert mit edler grauer Veredelung Preis: 500 \u20ac Gr\u00f6\u00dfe und Farbgestaltung k\u00f6nnen auf Kundenwunsch angepasst werden, sodass jeder Hocker perfekt zu Ihrem Interieur passt.<\/p>\n","protected":false},"featured_media":3695,"template":"","meta":[],"product_brand":[121],"product_cat":[61,58],"product_tag":[],"class_list":{"0":"post-3684","1":"product","2":"type-product","3":"status-publish","4":"has-post-thumbnail","6":"product_brand-lichtundeisen","7":"product_cat-moebel","8":"product_cat-modern","9":"product_shipping_class-spedition","11":"first","12":"instock","13":"featured","14":"taxable","15":"shipping-taxable","16":"purchasable","17":"product-type-simple"},"jetpack_sharing_enabled":true,"_links":{"self":[{"href":"https:\/\/lichtundeisen.at\/en\/wp-json\/wp\/v2\/product\/3684","targetHints":{"allow":["GET"]}}],"collection":[{"href":"https:\/\/lichtundeisen.at\/en\/wp-json\/wp\/v2\/product"}],"about":[{"href":"https:\/\/lichtundeisen.at\/en\/wp-json\/wp\/v2\/types\/product"}],"wp:featuredmedia":[{"embeddable":true,"href":"https:\/\/lichtundeisen.at\/en\/wp-json\/wp\/v2\/media\/3695"}],"wp:attachment":[{"href":"https:\/\/lichtundeisen.at\/en\/wp-json\/wp\/v2\/media?parent=3684"}],"wp:term":[{"taxonomy":"product_brand","embeddable":true,"href":"https:\/\/lichtundeisen.at\/en\/wp-json\/wp\/v2\/product_brand?post=3684"},{"taxonomy":"product_cat","embeddable":true,"href":"https:\/\/lichtundeisen.at\/en\/wp-json\/wp\/v2\/product_cat?post=3684"},{"taxonomy":"product_tag","embeddable":true,"href":"https:\/\/lichtundeisen.at\/en\/wp-json\/wp\/v2\/product_tag?post=3684"}],"curies":[{"name":"wp","href":"https:\/\/api.w.org\/{rel}","templated":true}]}}