{"id":3651,"date":"2025-09-27T10:23:58","date_gmt":"2025-09-27T08:23:58","guid":{"rendered":"https:\/\/lichtundeisen.at\/?post_type=product&#038;p=3651"},"modified":"2026-01-19T11:16:39","modified_gmt":"2026-01-19T10:16:39","slug":"stehleuchte-nr-6","status":"publish","type":"product","link":"https:\/\/lichtundeisen.at\/en\/produkt\/stehleuchte-nr-6","title":{"rendered":"Stehleuchte Nr.6"},"content":{"rendered":"<p data-start=\"74\" data-end=\"133\"><strong data-start=\"74\" data-end=\"94\">Stehleuchte Nr.6<\/strong><br data-start=\"94\" data-end=\"97\" \/>Einzelst\u00fcck mit besonderem Holzfu\u00df<\/p>\n<ul data-start=\"135\" data-end=\"353\">\n<li data-start=\"135\" data-end=\"197\">\n<p data-start=\"137\" data-end=\"197\"><strong data-start=\"137\" data-end=\"145\">Fu\u00df:<\/strong> Holzscheibe, Durchmesser ca. 35 cm, H\u00f6he ca. 6 cm<\/p>\n<\/li>\n<li data-start=\"198\" data-end=\"245\">\n<p data-start=\"200\" data-end=\"245\"><strong data-start=\"200\" data-end=\"209\">H\u00f6he:<\/strong> Fu\u00df ca. 1 m, Gesamth\u00f6he ca. 1,6 m<\/p>\n<\/li>\n<li data-start=\"246\" data-end=\"310\">\n<p data-start=\"248\" data-end=\"310\"><strong data-start=\"248\" data-end=\"258\">Kabel:<\/strong> Hell meliertes Stoffkabel mit Schalter, ca. 1,5 m<\/p>\n<\/li>\n<li data-start=\"311\" data-end=\"353\">\n<p data-start=\"313\" data-end=\"353\"><strong data-start=\"313\" data-end=\"345\">Preis Leuchte (ohne Schirm):<\/strong> 300\u20ac<\/p>\n<\/li>\n<\/ul>\n<p data-start=\"355\" data-end=\"378\"><strong data-start=\"355\" data-end=\"376\">Passender Schirm:<\/strong><\/p>\n<ul data-start=\"379\" data-end=\"429\">\n<li data-start=\"379\" data-end=\"412\">\n<p data-start=\"381\" data-end=\"412\">Durchmesser 25 cm, H\u00f6he 60 cm<\/p>\n<\/li>\n<li data-start=\"413\" data-end=\"429\">\n<p data-start=\"415\" data-end=\"429\">Preis: 150 \u20ac<\/p>\n<\/li>\n<\/ul>\n<p data-start=\"431\" data-end=\"502\">Ein einzigartiges Designst\u00fcck, das warme Akzente in jedem Raum setzt.<\/p>\n","protected":false},"excerpt":{"rendered":"<p>Stehleuchte Nr.6Einzelst\u00fcck mit besonderem Holzfu\u00df Fu\u00df: Holzscheibe, Durchmesser ca. 35 cm, H\u00f6he ca. 6 cm H\u00f6he: Fu\u00df ca. 1 m, Gesamth\u00f6he ca. 1,6 m Kabel: Hell meliertes Stoffkabel mit Schalter, ca. 1,5 m Preis Leuchte (ohne Schirm): 300\u20ac Passender Schirm: Durchmesser 25 cm, H\u00f6he 60 cm Preis: 150 \u20ac Ein [&hellip;]<\/p>\n","protected":false},"featured_media":3652,"template":"","meta":[],"product_brand":[121],"product_cat":[58,117,55],"product_tag":[],"class_list":{"0":"post-3651","1":"product","2":"type-product","3":"status-publish","4":"has-post-thumbnail","6":"product_brand-lichtundeisen","7":"product_cat-modern","8":"product_cat-neuheiten","9":"product_cat-stehleuchten","10":"product_shipping_class-sperrgut","12":"first","13":"instock","14":"featured","15":"taxable","16":"shipping-taxable","17":"purchasable","18":"product-type-simple"},"jetpack_sharing_enabled":true,"_links":{"self":[{"href":"https:\/\/lichtundeisen.at\/en\/wp-json\/wp\/v2\/product\/3651","targetHints":{"allow":["GET"]}}],"collection":[{"href":"https:\/\/lichtundeisen.at\/en\/wp-json\/wp\/v2\/product"}],"about":[{"href":"https:\/\/lichtundeisen.at\/en\/wp-json\/wp\/v2\/types\/product"}],"wp:featuredmedia":[{"embeddable":true,"href":"https:\/\/lichtundeisen.at\/en\/wp-json\/wp\/v2\/media\/3652"}],"wp:attachment":[{"href":"https:\/\/lichtundeisen.at\/en\/wp-json\/wp\/v2\/media?parent=3651"}],"wp:term":[{"taxonomy":"product_brand","embeddable":true,"href":"https:\/\/lichtundeisen.at\/en\/wp-json\/wp\/v2\/product_brand?post=3651"},{"taxonomy":"product_cat","embeddable":true,"href":"https:\/\/lichtundeisen.at\/en\/wp-json\/wp\/v2\/product_cat?post=3651"},{"taxonomy":"product_tag","embeddable":true,"href":"https:\/\/lichtundeisen.at\/en\/wp-json\/wp\/v2\/product_tag?post=3651"}],"curies":[{"name":"wp","href":"https:\/\/api.w.org\/{rel}","templated":true}]}}