{"id":3623,"date":"2025-09-27T09:18:28","date_gmt":"2025-09-27T07:18:28","guid":{"rendered":"https:\/\/lichtundeisen.at\/?post_type=product&#038;p=3623"},"modified":"2026-01-10T00:56:25","modified_gmt":"2026-01-09T23:56:25","slug":"tischleuchte-cut-2","status":"publish","type":"product","link":"https:\/\/lichtundeisen.at\/en\/produkt\/tischleuchte-cut-2","title":{"rendered":"Tischleuchte Cut"},"content":{"rendered":"<p data-start=\"83\" data-end=\"156\"><strong data-start=\"83\" data-end=\"103\">Tischleuchte Cut<\/strong><br data-start=\"103\" data-end=\"106\" \/>Moderne Tischleuchte mit elegantem Glimmereffekt<\/p>\n<ul data-start=\"158\" data-end=\"375\">\n<li data-start=\"158\" data-end=\"202\">\n<p data-start=\"160\" data-end=\"202\"><strong data-start=\"160\" data-end=\"170\">Farbe:<\/strong> Grau mit feinem Glimmereffekt<\/p>\n<\/li>\n<li data-start=\"203\" data-end=\"243\">\n<p data-start=\"205\" data-end=\"243\"><strong data-start=\"205\" data-end=\"214\">Ma\u00dfe:<\/strong> Fu\u00df 10 \u00d7 10 cm, H\u00f6he 40 cm<\/p>\n<\/li>\n<li data-start=\"244\" data-end=\"308\">\n<p data-start=\"246\" data-end=\"308\"><strong data-start=\"246\" data-end=\"262\">Beleuchtung:<\/strong> Indirekte LED, warmwei\u00df, 10 W, ca. 1 000 lm<\/p>\n<\/li>\n<li data-start=\"309\" data-end=\"375\">\n<p data-start=\"311\" data-end=\"375\"><strong data-start=\"311\" data-end=\"322\">Option:<\/strong> Dimmer f\u00fcr stimmungsvolle Lichtanpassung verf\u00fcgbar<\/p>\n<\/li>\n<\/ul>\n<p data-start=\"377\" data-end=\"468\">Ein stilvolles Lichtobjekt, das f\u00fcr gem\u00fctliche Atmosph\u00e4re auf Tisch oder Sideboard sorgt.<\/p>\n","protected":false},"excerpt":{"rendered":"<p>Tischleuchte CutModerne Tischleuchte mit elegantem Glimmereffekt Farbe: Grau mit feinem Glimmereffekt Ma\u00dfe: Fu\u00df 10 \u00d7 10 cm, H\u00f6he 40 cm Beleuchtung: Indirekte LED, warmwei\u00df, 10 W, ca. 1 000 lm Option: Dimmer f\u00fcr stimmungsvolle Lichtanpassung verf\u00fcgbar Ein stilvolles Lichtobjekt, das f\u00fcr gem\u00fctliche Atmosph\u00e4re auf Tisch oder Sideboard sorgt.<\/p>\n","protected":false},"featured_media":3624,"template":"","meta":[],"product_brand":[121],"product_cat":[58,117,56],"product_tag":[],"class_list":{"0":"post-3623","1":"product","2":"type-product","3":"status-publish","4":"has-post-thumbnail","6":"product_brand-lichtundeisen","7":"product_cat-modern","8":"product_cat-neuheiten","9":"product_cat-tischleuchten","11":"first","12":"instock","13":"featured","14":"taxable","15":"shipping-taxable","16":"purchasable","17":"product-type-simple"},"jetpack_sharing_enabled":true,"_links":{"self":[{"href":"https:\/\/lichtundeisen.at\/en\/wp-json\/wp\/v2\/product\/3623","targetHints":{"allow":["GET"]}}],"collection":[{"href":"https:\/\/lichtundeisen.at\/en\/wp-json\/wp\/v2\/product"}],"about":[{"href":"https:\/\/lichtundeisen.at\/en\/wp-json\/wp\/v2\/types\/product"}],"wp:featuredmedia":[{"embeddable":true,"href":"https:\/\/lichtundeisen.at\/en\/wp-json\/wp\/v2\/media\/3624"}],"wp:attachment":[{"href":"https:\/\/lichtundeisen.at\/en\/wp-json\/wp\/v2\/media?parent=3623"}],"wp:term":[{"taxonomy":"product_brand","embeddable":true,"href":"https:\/\/lichtundeisen.at\/en\/wp-json\/wp\/v2\/product_brand?post=3623"},{"taxonomy":"product_cat","embeddable":true,"href":"https:\/\/lichtundeisen.at\/en\/wp-json\/wp\/v2\/product_cat?post=3623"},{"taxonomy":"product_tag","embeddable":true,"href":"https:\/\/lichtundeisen.at\/en\/wp-json\/wp\/v2\/product_tag?post=3623"}],"curies":[{"name":"wp","href":"https:\/\/api.w.org\/{rel}","templated":true}]}}