{"id":3589,"date":"2025-09-27T08:24:56","date_gmt":"2025-09-27T06:24:56","guid":{"rendered":"https:\/\/lichtundeisen.at\/?post_type=product&#038;p=3589"},"modified":"2026-01-09T23:22:11","modified_gmt":"2026-01-09T22:22:11","slug":"tischleuchte-flat-m2","status":"publish","type":"product","link":"https:\/\/lichtundeisen.at\/en\/produkt\/tischleuchte-flat-m2","title":{"rendered":"Tischleuchte flat M2"},"content":{"rendered":"<p data-start=\"55\" data-end=\"108\"><strong data-start=\"55\" data-end=\"79\">Tischleuchte Flat M2<\/strong><br data-start=\"79\" data-end=\"82\" \/><em data-start=\"82\" data-end=\"106\">Klassik trifft Moderne<\/em><\/p>\n<ul data-start=\"110\" data-end=\"354\">\n<li data-start=\"110\" data-end=\"171\">\n<p data-start=\"112\" data-end=\"171\"><strong data-start=\"112\" data-end=\"127\">Ausf\u00fchrung:<\/strong> schwarz lackiert mit feinem Glimmereffekt<\/p>\n<\/li>\n<li data-start=\"172\" data-end=\"234\">\n<p data-start=\"174\" data-end=\"234\"><strong data-start=\"174\" data-end=\"183\">Ma\u00dfe:<\/strong> H\u00f6he ohne Schirm ca. 42 cm, Fu\u00df 16 \u00d7 16 \u00d7 2,5 cm<\/p>\n<\/li>\n<li data-start=\"235\" data-end=\"305\">\n<p data-start=\"237\" data-end=\"305\"><strong data-start=\"237\" data-end=\"247\">Kabel:<\/strong> grau meliertes Stoffkabel mit Schalter, ca. 1,5 m L\u00e4nge<\/p>\n<\/li>\n<li data-start=\"306\" data-end=\"354\">\n<p data-start=\"308\" data-end=\"354\"><strong data-start=\"308\" data-end=\"320\">Fassung:<\/strong> E27, inkl. warmwei\u00dfer Gl\u00fchbirne<\/p>\n<\/li>\n<\/ul>\n<p data-start=\"356\" data-end=\"396\"><strong data-start=\"356\" data-end=\"388\">Preis Leuchte (ohne Schirm):<\/strong> 350 \u20ac<\/p>\n<p data-start=\"398\" data-end=\"420\"><strong data-start=\"398\" data-end=\"418\">Passender Schirm<\/strong><\/p>\n<ul data-start=\"421\" data-end=\"521\">\n<li data-start=\"421\" data-end=\"470\">\n<p data-start=\"423\" data-end=\"470\">handgefertigtes Papier mit farbgleicher Borte<\/p>\n<\/li>\n<li data-start=\"471\" data-end=\"504\">\n<p data-start=\"473\" data-end=\"504\">Durchmesser 25 cm, H\u00f6he 30 cm<\/p>\n<\/li>\n<li data-start=\"505\" data-end=\"521\">\n<p data-start=\"507\" data-end=\"521\">Preis: 120 \u20ac<\/p>\n<\/li>\n<\/ul>\n<p data-start=\"523\" data-end=\"602\">Farbvarianten oder individuelle Anpassungen k\u00f6nnen auf Wunsch umgesetzt werden.<\/p>\n","protected":false},"excerpt":{"rendered":"<p>Tischleuchte Flat M2Klassik trifft Moderne Ausf\u00fchrung: schwarz lackiert mit feinem Glimmereffekt Ma\u00dfe: H\u00f6he ohne Schirm ca. 42 cm, Fu\u00df 16 \u00d7 16 \u00d7 2,5 cm Kabel: grau meliertes Stoffkabel mit Schalter, ca. 1,5 m L\u00e4nge Fassung: E27, inkl. warmwei\u00dfer Gl\u00fchbirne Preis Leuchte (ohne Schirm): 350 \u20ac Passender Schirm handgefertigtes Papier [&hellip;]<\/p>\n","protected":false},"featured_media":3590,"template":"","meta":[],"product_brand":[121],"product_cat":[58,117,56],"product_tag":[],"class_list":{"0":"post-3589","1":"product","2":"type-product","3":"status-publish","4":"has-post-thumbnail","6":"product_brand-lichtundeisen","7":"product_cat-modern","8":"product_cat-neuheiten","9":"product_cat-tischleuchten","11":"first","12":"instock","13":"featured","14":"taxable","15":"shipping-taxable","16":"purchasable","17":"product-type-simple"},"jetpack_sharing_enabled":true,"_links":{"self":[{"href":"https:\/\/lichtundeisen.at\/en\/wp-json\/wp\/v2\/product\/3589","targetHints":{"allow":["GET"]}}],"collection":[{"href":"https:\/\/lichtundeisen.at\/en\/wp-json\/wp\/v2\/product"}],"about":[{"href":"https:\/\/lichtundeisen.at\/en\/wp-json\/wp\/v2\/types\/product"}],"wp:featuredmedia":[{"embeddable":true,"href":"https:\/\/lichtundeisen.at\/en\/wp-json\/wp\/v2\/media\/3590"}],"wp:attachment":[{"href":"https:\/\/lichtundeisen.at\/en\/wp-json\/wp\/v2\/media?parent=3589"}],"wp:term":[{"taxonomy":"product_brand","embeddable":true,"href":"https:\/\/lichtundeisen.at\/en\/wp-json\/wp\/v2\/product_brand?post=3589"},{"taxonomy":"product_cat","embeddable":true,"href":"https:\/\/lichtundeisen.at\/en\/wp-json\/wp\/v2\/product_cat?post=3589"},{"taxonomy":"product_tag","embeddable":true,"href":"https:\/\/lichtundeisen.at\/en\/wp-json\/wp\/v2\/product_tag?post=3589"}],"curies":[{"name":"wp","href":"https:\/\/api.w.org\/{rel}","templated":true}]}}