{"id":3544,"date":"2025-09-27T07:58:42","date_gmt":"2025-09-27T05:58:42","guid":{"rendered":"https:\/\/lichtundeisen.at\/?post_type=product&#038;p=3544"},"modified":"2026-02-01T22:26:44","modified_gmt":"2026-02-01T21:26:44","slug":"haengeleuchte-line-s","status":"publish","type":"product","link":"https:\/\/lichtundeisen.at\/en\/produkt\/haengeleuchte-line-s","title":{"rendered":"H\u00e4ngeleuchte line S"},"content":{"rendered":"<p data-start=\"77\" data-end=\"175\"><strong data-start=\"77\" data-end=\"100\">H\u00e4ngeleuchte Line S<\/strong><br data-start=\"100\" data-end=\"103\" \/>Elegante, schlanke Pendelleuchte f\u00fcr Esstisch, K\u00fcche oder Arbeitsplatz<\/p>\n<ul data-start=\"177\" data-end=\"398\">\n<li data-start=\"177\" data-end=\"268\">\n<p data-start=\"179\" data-end=\"268\"><strong data-start=\"179\" data-end=\"195\">Beleuchtung:<\/strong> integrierter LED-Streifen, warmwei\u00df, 20 W, ca. 2 000 lm, ohne Dimmer<\/p>\n<\/li>\n<li data-start=\"269\" data-end=\"321\">\n<p data-start=\"271\" data-end=\"321\"><strong data-start=\"271\" data-end=\"288\">Ma\u00dfe Leuchte:<\/strong> ca. 1 m L\u00e4nge, 2 \u00d7 2 cm Profil<\/p>\n<\/li>\n<li data-start=\"322\" data-end=\"365\">\n<p data-start=\"324\" data-end=\"365\"><strong data-start=\"324\" data-end=\"340\">Abh\u00e4ngeh\u00f6he:<\/strong> individuell bestellbar<\/p>\n<\/li>\n<li data-start=\"366\" data-end=\"398\">\n<p data-start=\"368\" data-end=\"398\"><strong data-start=\"368\" data-end=\"382\">Baldachin:<\/strong> 29 \u00d7 4 \u00d7 3 cm<\/p>\n<\/li>\n<\/ul>\n<p data-start=\"400\" data-end=\"532\">Ausf\u00fchrung hier in <strong data-start=\"419\" data-end=\"449\">hellgrau mit feiner Patina<\/strong>.<br data-start=\"450\" data-end=\"453\" \/>Farbe und L\u00e4nge k\u00f6nnen selbstverst\u00e4ndlich nach Ihren W\u00fcnschen gefertigt werden.<\/p>\n","protected":false},"excerpt":{"rendered":"<p>H\u00e4ngeleuchte Line SElegante, schlanke Pendelleuchte f\u00fcr Esstisch, K\u00fcche oder Arbeitsplatz Beleuchtung: integrierter LED-Streifen, warmwei\u00df, 20 W, ca. 2 000 lm, ohne Dimmer Ma\u00dfe Leuchte: ca. 1 m L\u00e4nge, 2 \u00d7 2 cm Profil Abh\u00e4ngeh\u00f6he: individuell bestellbar Baldachin: 29 \u00d7 4 \u00d7 3 cm Ausf\u00fchrung hier in hellgrau mit feiner Patina.Farbe [&hellip;]<\/p>\n","protected":false},"featured_media":3551,"template":"","meta":[],"product_brand":[121],"product_cat":[54,58,117],"product_tag":[],"class_list":{"0":"post-3544","1":"product","2":"type-product","3":"status-publish","4":"has-post-thumbnail","6":"product_brand-lichtundeisen","7":"product_cat-hangeleuchten","8":"product_cat-modern","9":"product_cat-neuheiten","11":"first","12":"instock","13":"featured","14":"taxable","15":"shipping-taxable","16":"purchasable","17":"product-type-simple"},"jetpack_sharing_enabled":true,"_links":{"self":[{"href":"https:\/\/lichtundeisen.at\/en\/wp-json\/wp\/v2\/product\/3544","targetHints":{"allow":["GET"]}}],"collection":[{"href":"https:\/\/lichtundeisen.at\/en\/wp-json\/wp\/v2\/product"}],"about":[{"href":"https:\/\/lichtundeisen.at\/en\/wp-json\/wp\/v2\/types\/product"}],"wp:featuredmedia":[{"embeddable":true,"href":"https:\/\/lichtundeisen.at\/en\/wp-json\/wp\/v2\/media\/3551"}],"wp:attachment":[{"href":"https:\/\/lichtundeisen.at\/en\/wp-json\/wp\/v2\/media?parent=3544"}],"wp:term":[{"taxonomy":"product_brand","embeddable":true,"href":"https:\/\/lichtundeisen.at\/en\/wp-json\/wp\/v2\/product_brand?post=3544"},{"taxonomy":"product_cat","embeddable":true,"href":"https:\/\/lichtundeisen.at\/en\/wp-json\/wp\/v2\/product_cat?post=3544"},{"taxonomy":"product_tag","embeddable":true,"href":"https:\/\/lichtundeisen.at\/en\/wp-json\/wp\/v2\/product_tag?post=3544"}],"curies":[{"name":"wp","href":"https:\/\/api.w.org\/{rel}","templated":true}]}}