{"id":3445,"date":"2025-07-17T16:23:14","date_gmt":"2025-07-17T14:23:14","guid":{"rendered":"https:\/\/lichtundeisen.at\/?post_type=product&#038;p=3445"},"modified":"2026-02-01T22:11:36","modified_gmt":"2026-02-01T21:11:36","slug":"wandleuchte-cut-w","status":"publish","type":"product","link":"https:\/\/lichtundeisen.at\/en\/produkt\/wandleuchte-cut-w","title":{"rendered":"Wandleuchte Cut"},"content":{"rendered":"<h3 data-start=\"213\" data-end=\"242\"><strong data-start=\"217\" data-end=\"240\">Wandleuchte Cut<\/strong><\/h3>\n<p data-start=\"243\" data-end=\"297\"><strong data-start=\"243\" data-end=\"297\">Pr\u00e4zision in Form \u2013 Licht in seiner klarsten Linie<\/strong><\/p>\n<p data-start=\"299\" data-end=\"582\">Die Wandleuchte <strong data-start=\"315\" data-end=\"324\">Cut W<\/strong> setzt auf klare Geometrie und hochwertige Materialien. Gefertigt aus feinen Metallprofilen, matt schwarz lackiert und mit einem subtilen Glimmereffekt veredelt, f\u00fcgt sie sich harmonisch in moderne Raumkonzepte ein \u2013 und setzt dennoch selbstbewusste Akzente.<\/p>\n<p data-start=\"584\" data-end=\"777\"><strong data-start=\"584\" data-end=\"610\">Material &amp; Oberfl\u00e4che:<\/strong><br data-start=\"610\" data-end=\"613\" \/>Zartes Metallprofil, schwarz matt mit Glimmer-Finish<br data-start=\"665\" data-end=\"668\" \/><strong data-start=\"668\" data-end=\"684\">Lichtquelle:<\/strong><br data-start=\"684\" data-end=\"687\" \/>Integrierte LED, ca. 14\u202fW, ca. 1600\u202flm<br data-start=\"725\" data-end=\"728\" \/><strong data-start=\"728\" data-end=\"737\">Ma\u00dfe:<\/strong><br data-start=\"737\" data-end=\"740\" \/>H\u00f6he 70\u202fcm \u00d7 Breite 6\u202fcm \u00d7 Tiefe 7\u202fcm<\/p>\n<hr data-start=\"779\" data-end=\"782\" \/>\n<p data-start=\"784\" data-end=\"921\"><strong data-start=\"784\" data-end=\"812\">Individuell wie Ihr Raum<\/strong><br data-start=\"812\" data-end=\"815\" \/>Wie immer sind Gr\u00f6\u00dfe und Farbe auf Wunsch frei w\u00e4hlbar \u2013 f\u00fcr ma\u00dfgeschneiderte Lichtl\u00f6sungen mit Charakter.<\/p>\n","protected":false},"excerpt":{"rendered":"<p>Wandleuchte Cut Pr\u00e4zision in Form \u2013 Licht in seiner klarsten Linie Die Wandleuchte Cut W setzt auf klare Geometrie und hochwertige Materialien. Gefertigt aus feinen Metallprofilen, matt schwarz lackiert und mit einem subtilen Glimmereffekt veredelt, f\u00fcgt sie sich harmonisch in moderne Raumkonzepte ein \u2013 und setzt dennoch selbstbewusste Akzente. Material [&hellip;]<\/p>\n","protected":false},"featured_media":3446,"template":"","meta":[],"product_brand":[121],"product_cat":[58,117,59],"product_tag":[],"class_list":{"0":"post-3445","1":"product","2":"type-product","3":"status-publish","4":"has-post-thumbnail","6":"product_brand-lichtundeisen","7":"product_cat-modern","8":"product_cat-neuheiten","9":"product_cat-wandleuchten","11":"first","12":"instock","13":"featured","14":"taxable","15":"shipping-taxable","16":"purchasable","17":"product-type-simple"},"jetpack_sharing_enabled":true,"_links":{"self":[{"href":"https:\/\/lichtundeisen.at\/en\/wp-json\/wp\/v2\/product\/3445","targetHints":{"allow":["GET"]}}],"collection":[{"href":"https:\/\/lichtundeisen.at\/en\/wp-json\/wp\/v2\/product"}],"about":[{"href":"https:\/\/lichtundeisen.at\/en\/wp-json\/wp\/v2\/types\/product"}],"wp:featuredmedia":[{"embeddable":true,"href":"https:\/\/lichtundeisen.at\/en\/wp-json\/wp\/v2\/media\/3446"}],"wp:attachment":[{"href":"https:\/\/lichtundeisen.at\/en\/wp-json\/wp\/v2\/media?parent=3445"}],"wp:term":[{"taxonomy":"product_brand","embeddable":true,"href":"https:\/\/lichtundeisen.at\/en\/wp-json\/wp\/v2\/product_brand?post=3445"},{"taxonomy":"product_cat","embeddable":true,"href":"https:\/\/lichtundeisen.at\/en\/wp-json\/wp\/v2\/product_cat?post=3445"},{"taxonomy":"product_tag","embeddable":true,"href":"https:\/\/lichtundeisen.at\/en\/wp-json\/wp\/v2\/product_tag?post=3445"}],"curies":[{"name":"wp","href":"https:\/\/api.w.org\/{rel}","templated":true}]}}