{"id":3256,"date":"2025-02-03T14:12:06","date_gmt":"2025-02-03T13:12:06","guid":{"rendered":"https:\/\/lichtundeisen.at\/?post_type=product&#038;p=3256"},"modified":"2026-01-18T17:25:03","modified_gmt":"2026-01-18T16:25:03","slug":"tischleuchte-1-v2","status":"publish","type":"product","link":"https:\/\/lichtundeisen.at\/en\/produkt\/tischleuchte-1-v2","title":{"rendered":"Tischleuchte Nr.1 v2"},"content":{"rendered":"<h3 data-start=\"125\" data-end=\"172\">Tischleuchte Nr.1 \u2013 Stilvoll &amp; handgefertigt<\/h3>\n<p data-start=\"173\" data-end=\"276\">Diese elegante Tischleuchte \u00fcberzeugt durch ihr minimalistisches Design und hochwertige Verarbeitung.<\/p>\n<p data-start=\"278\" data-end=\"307\"><strong data-start=\"278\" data-end=\"305\">Details zum Leuchtenfu\u00df<\/strong><\/p>\n<ul data-start=\"308\" data-end=\"495\">\n<li data-start=\"308\" data-end=\"328\">\n<p data-start=\"310\" data-end=\"328\">Ma\u00dfe: 13 \u00d7 13 cm<\/p>\n<\/li>\n<li data-start=\"329\" data-end=\"344\">\n<p data-start=\"331\" data-end=\"344\">H\u00f6he: 25 cm<\/p>\n<\/li>\n<li data-start=\"345\" data-end=\"396\">\n<p data-start=\"347\" data-end=\"396\">Fassung: E27 \u2013 passend f\u00fcr g\u00e4ngige Leuchtmittel<\/p>\n<\/li>\n<li data-start=\"397\" data-end=\"450\">\n<p data-start=\"399\" data-end=\"450\">Schwarzes Kabel mit Schalter, ca. 1,5 m lang<\/p>\n<\/li>\n<li data-start=\"451\" data-end=\"495\">\n<p data-start=\"453\" data-end=\"495\">Preis ohne Schirm: 220\u20ac<\/p>\n<\/li>\n<\/ul>\n<h5 data-start=\"497\" data-end=\"536\"><strong data-start=\"497\" data-end=\"534\">Passender Lampenschirm (optional): <\/strong>Schirm 01<\/h5>\n<ul data-start=\"537\" data-end=\"640\">\n<li data-start=\"537\" data-end=\"587\">\n<p data-start=\"539\" data-end=\"587\">Handgefertigtes Papier, jedes St\u00fcck ein Unikat<\/p>\n<\/li>\n<li data-start=\"588\" data-end=\"603\">\n<p data-start=\"590\" data-end=\"603\">H\u00f6he: 45 cm<\/p>\n<\/li>\n<li data-start=\"604\" data-end=\"626\">\n<p data-start=\"606\" data-end=\"626\">Durchmesser: 18 cm<\/p>\n<\/li>\n<li data-start=\"627\" data-end=\"640\">\n<p data-start=\"629\" data-end=\"640\">Preis: 100\u20ac<\/p>\n<\/li>\n<\/ul>\n<p data-start=\"642\" data-end=\"784\">Ob als stimmungsvolles Licht auf dem Nachttisch, im Wohnzimmer oder im B\u00fcro \u2013 diese Leuchte setzt in jedem Raum einen modernen, warmen Akzent.<\/p>\n","protected":false},"excerpt":{"rendered":"<p>Tischleuchte Nr.1 \u2013 Stilvoll &amp; handgefertigt Diese elegante Tischleuchte \u00fcberzeugt durch ihr minimalistisches Design und hochwertige Verarbeitung. Details zum Leuchtenfu\u00df Ma\u00dfe: 13 \u00d7 13 cm H\u00f6he: 25 cm Fassung: E27 \u2013 passend f\u00fcr g\u00e4ngige Leuchtmittel Schwarzes Kabel mit Schalter, ca. 1,5 m lang Preis ohne Schirm: 220\u20ac Passender Lampenschirm (optional): [&hellip;]<\/p>\n","protected":false},"featured_media":3257,"template":"","meta":[],"product_brand":[121],"product_cat":[58,56],"product_tag":[],"class_list":{"0":"post-3256","1":"product","2":"type-product","3":"status-publish","4":"has-post-thumbnail","6":"product_brand-lichtundeisen","7":"product_cat-modern","8":"product_cat-tischleuchten","10":"first","11":"instock","12":"taxable","13":"shipping-taxable","14":"purchasable","15":"product-type-simple"},"jetpack_sharing_enabled":true,"_links":{"self":[{"href":"https:\/\/lichtundeisen.at\/en\/wp-json\/wp\/v2\/product\/3256","targetHints":{"allow":["GET"]}}],"collection":[{"href":"https:\/\/lichtundeisen.at\/en\/wp-json\/wp\/v2\/product"}],"about":[{"href":"https:\/\/lichtundeisen.at\/en\/wp-json\/wp\/v2\/types\/product"}],"wp:featuredmedia":[{"embeddable":true,"href":"https:\/\/lichtundeisen.at\/en\/wp-json\/wp\/v2\/media\/3257"}],"wp:attachment":[{"href":"https:\/\/lichtundeisen.at\/en\/wp-json\/wp\/v2\/media?parent=3256"}],"wp:term":[{"taxonomy":"product_brand","embeddable":true,"href":"https:\/\/lichtundeisen.at\/en\/wp-json\/wp\/v2\/product_brand?post=3256"},{"taxonomy":"product_cat","embeddable":true,"href":"https:\/\/lichtundeisen.at\/en\/wp-json\/wp\/v2\/product_cat?post=3256"},{"taxonomy":"product_tag","embeddable":true,"href":"https:\/\/lichtundeisen.at\/en\/wp-json\/wp\/v2\/product_tag?post=3256"}],"curies":[{"name":"wp","href":"https:\/\/api.w.org\/{rel}","templated":true}]}}