{"id":3186,"date":"2025-02-02T18:50:59","date_gmt":"2025-02-02T17:50:59","guid":{"rendered":"https:\/\/lichtundeisen.at\/?post_type=product&#038;p=3186"},"modified":"2026-01-19T11:18:44","modified_gmt":"2026-01-19T10:18:44","slug":"stehleuchte-1-mit-spot","status":"publish","type":"product","link":"https:\/\/lichtundeisen.at\/en\/produkt\/stehleuchte-1-mit-spot","title":{"rendered":"Stehleuchte Nr.1 mit Spot"},"content":{"rendered":"<h3 data-start=\"133\" data-end=\"168\"><strong data-start=\"137\" data-end=\"168\">Stehleuchte \u2013 Schwarz antik<\/strong><\/h3>\n<ul data-start=\"169\" data-end=\"448\">\n<li data-start=\"169\" data-end=\"197\">\n<p data-start=\"171\" data-end=\"197\"><strong data-start=\"171\" data-end=\"184\">Ma\u00dfe Fu\u00df:<\/strong> 26 \u00d7 26 cm<\/p>\n<\/li>\n<li data-start=\"198\" data-end=\"224\">\n<p data-start=\"200\" data-end=\"224\"><strong data-start=\"200\" data-end=\"215\">Gesamth\u00f6he:<\/strong> 114 cm<\/p>\n<\/li>\n<li data-start=\"225\" data-end=\"253\">\n<p data-start=\"227\" data-end=\"253\"><strong data-start=\"227\" data-end=\"237\">Farbe:<\/strong> Schwarz antik<\/p>\n<\/li>\n<li data-start=\"254\" data-end=\"309\">\n<p data-start=\"256\" data-end=\"309\"><strong data-start=\"256\" data-end=\"266\">Kabel:<\/strong> Stoffkabel, schwarz, 2 m mit Fu\u00dfschalter<\/p>\n<\/li>\n<li data-start=\"310\" data-end=\"407\">\n<p data-start=\"312\" data-end=\"328\"><strong data-start=\"312\" data-end=\"326\">Fassungen:<\/strong><\/p>\n<ul data-start=\"331\" data-end=\"407\">\n<li data-start=\"331\" data-end=\"345\">\n<p data-start=\"333\" data-end=\"345\">1\u00d7 <strong data-start=\"336\" data-end=\"343\">E27<\/strong><\/p>\n<\/li>\n<li data-start=\"348\" data-end=\"407\">\n<p data-start=\"350\" data-end=\"407\">1\u00d7 <strong data-start=\"353\" data-end=\"366\">GU10 Spot<\/strong> (als separate Leseleuchte zuschaltbar)<\/p>\n<\/li>\n<\/ul>\n<\/li>\n<li data-start=\"408\" data-end=\"448\">\n<p data-start=\"410\" data-end=\"448\"><strong data-start=\"410\" data-end=\"432\">Preis ohne Schirm: <\/strong><strong data-start=\"601\" data-end=\"610\">490 \u20ac<\/strong><\/p>\n<\/li>\n<\/ul>\n<hr data-start=\"450\" data-end=\"453\" \/>\n<p><strong data-start=\"459\" data-end=\"496\">Passender Lampenschirm (optional)<\/strong><\/p>\n<ul data-start=\"497\" data-end=\"612\">\n<li data-start=\"497\" data-end=\"535\">\n<p data-start=\"499\" data-end=\"535\"><strong data-start=\"499\" data-end=\"512\">Material:<\/strong> handgemachtes Papier<\/p>\n<\/li>\n<li data-start=\"536\" data-end=\"580\">\n<p data-start=\"538\" data-end=\"580\"><strong data-start=\"538\" data-end=\"547\">Ma\u00dfe:<\/strong> Durchmesser 40 cm \u00d7 H\u00f6he 30 cm<\/p>\n<\/li>\n<li data-start=\"581\" data-end=\"612\">\n<p data-start=\"583\" data-end=\"612\"><strong data-start=\"583\" data-end=\"600\">Preis Schirm:<\/strong> <strong data-start=\"601\" data-end=\"610\">286\u20ac<\/strong><\/p>\n<\/li>\n<\/ul>\n","protected":false},"excerpt":{"rendered":"<p>Stehleuchte \u2013 Schwarz antik Ma\u00dfe Fu\u00df: 26 \u00d7 26 cm Gesamth\u00f6he: 114 cm Farbe: Schwarz antik Kabel: Stoffkabel, schwarz, 2 m mit Fu\u00dfschalter Fassungen: 1\u00d7 E27 1\u00d7 GU10 Spot (als separate Leseleuchte zuschaltbar) Preis ohne Schirm: 490 \u20ac Passender Lampenschirm (optional) Material: handgemachtes Papier Ma\u00dfe: Durchmesser 40 cm \u00d7 H\u00f6he [&hellip;]<\/p>\n","protected":false},"featured_media":2011,"template":"","meta":[],"product_brand":[121],"product_cat":[58,55],"product_tag":[],"class_list":{"0":"post-3186","1":"product","2":"type-product","3":"status-publish","4":"has-post-thumbnail","6":"product_brand-lichtundeisen","7":"product_cat-modern","8":"product_cat-stehleuchten","9":"product_shipping_class-sperrgut","11":"first","12":"instock","13":"taxable","14":"shipping-taxable","15":"purchasable","16":"product-type-simple"},"jetpack_sharing_enabled":true,"_links":{"self":[{"href":"https:\/\/lichtundeisen.at\/en\/wp-json\/wp\/v2\/product\/3186","targetHints":{"allow":["GET"]}}],"collection":[{"href":"https:\/\/lichtundeisen.at\/en\/wp-json\/wp\/v2\/product"}],"about":[{"href":"https:\/\/lichtundeisen.at\/en\/wp-json\/wp\/v2\/types\/product"}],"wp:featuredmedia":[{"embeddable":true,"href":"https:\/\/lichtundeisen.at\/en\/wp-json\/wp\/v2\/media\/2011"}],"wp:attachment":[{"href":"https:\/\/lichtundeisen.at\/en\/wp-json\/wp\/v2\/media?parent=3186"}],"wp:term":[{"taxonomy":"product_brand","embeddable":true,"href":"https:\/\/lichtundeisen.at\/en\/wp-json\/wp\/v2\/product_brand?post=3186"},{"taxonomy":"product_cat","embeddable":true,"href":"https:\/\/lichtundeisen.at\/en\/wp-json\/wp\/v2\/product_cat?post=3186"},{"taxonomy":"product_tag","embeddable":true,"href":"https:\/\/lichtundeisen.at\/en\/wp-json\/wp\/v2\/product_tag?post=3186"}],"curies":[{"name":"wp","href":"https:\/\/api.w.org\/{rel}","templated":true}]}}