{"id":3176,"date":"2025-02-02T13:34:10","date_gmt":"2025-02-02T12:34:10","guid":{"rendered":"https:\/\/lichtundeisen.at\/?post_type=product&#038;p=3176"},"modified":"2026-01-18T17:59:57","modified_gmt":"2026-01-18T16:59:57","slug":"tischleuchte-2-v2","status":"publish","type":"product","link":"https:\/\/lichtundeisen.at\/en\/produkt\/tischleuchte-2-v2","title":{"rendered":"Tischleuchte Nr.2 v2"},"content":{"rendered":"<h3 data-start=\"125\" data-end=\"172\">Tischleuchte Nr.2 \u2013 Stilvoll &amp; handgefertigt<\/h3>\n<p data-start=\"173\" data-end=\"276\">Diese elegante Tischleuchte \u00fcberzeugt durch ihr minimalistisches Design und hochwertige Verarbeitung.<\/p>\n<p data-start=\"278\" data-end=\"307\"><strong data-start=\"278\" data-end=\"305\">Details zum Leuchtenfu\u00df<\/strong><\/p>\n<ul data-start=\"308\" data-end=\"495\">\n<li data-start=\"308\" data-end=\"328\">\n<p data-start=\"310\" data-end=\"328\">Ma\u00dfe: 11 \u00d7 11 cm<\/p>\n<\/li>\n<li data-start=\"329\" data-end=\"344\">\n<p data-start=\"331\" data-end=\"344\">H\u00f6he: 20 cm<\/p>\n<\/li>\n<li data-start=\"345\" data-end=\"396\">\n<p data-start=\"347\" data-end=\"396\">Fassung: E27 \u2013 passend f\u00fcr g\u00e4ngige Leuchtmittel<\/p>\n<\/li>\n<li data-start=\"397\" data-end=\"450\">\n<p data-start=\"399\" data-end=\"450\">Schwarzes Stoffkabel mit Schalter, ca. 1,5 m lang<\/p>\n<\/li>\n<li data-start=\"451\" data-end=\"495\">\n<p data-start=\"453\" data-end=\"495\">Preis ohne Schirm: 200\u20ac<\/p>\n<\/li>\n<\/ul>\n<p data-start=\"497\" data-end=\"536\"><strong data-start=\"497\" data-end=\"534\">Passender Lampenschirm (optional): Schirm 10<\/strong><\/p>\n<ul data-start=\"537\" data-end=\"640\">\n<li data-start=\"537\" data-end=\"587\">\n<p data-start=\"539\" data-end=\"587\">Handgefertigtes Papier, jedes St\u00fcck ein Unikat<\/p>\n<\/li>\n<li data-start=\"588\" data-end=\"603\">\n<p data-start=\"590\" data-end=\"603\">H\u00f6he: 35 cm<\/p>\n<\/li>\n<li data-start=\"604\" data-end=\"626\">\n<p data-start=\"606\" data-end=\"626\">Durchmesser: 15 cm<\/p>\n<\/li>\n<li data-start=\"627\" data-end=\"640\">\n<p data-start=\"629\" data-end=\"640\">Preis: 72\u20ac<\/p>\n<\/li>\n<\/ul>\n<p data-start=\"642\" data-end=\"784\">Ob als stimmungsvolles Licht auf dem Nachttisch, im Wohnzimmer oder im B\u00fcro \u2013 diese Leuchte setzt in jedem Raum einen modernen, warmen Akzent.<\/p>\n","protected":false},"excerpt":{"rendered":"<p>Tischleuchte Nr.2 \u2013 Stilvoll &amp; handgefertigt Diese elegante Tischleuchte \u00fcberzeugt durch ihr minimalistisches Design und hochwertige Verarbeitung. Details zum Leuchtenfu\u00df Ma\u00dfe: 11 \u00d7 11 cm H\u00f6he: 20 cm Fassung: E27 \u2013 passend f\u00fcr g\u00e4ngige Leuchtmittel Schwarzes Stoffkabel mit Schalter, ca. 1,5 m lang Preis ohne Schirm: 200\u20ac Passender Lampenschirm (optional): [&hellip;]<\/p>\n","protected":false},"featured_media":3177,"template":"","meta":[],"product_brand":[121],"product_cat":[104,58,56],"product_tag":[],"class_list":{"0":"post-3176","1":"product","2":"type-product","3":"status-publish","4":"has-post-thumbnail","6":"product_brand-lichtundeisen","7":"product_cat-abverkauf","8":"product_cat-modern","9":"product_cat-tischleuchten","11":"first","12":"instock","13":"taxable","14":"shipping-taxable","15":"purchasable","16":"product-type-simple"},"jetpack_sharing_enabled":true,"_links":{"self":[{"href":"https:\/\/lichtundeisen.at\/en\/wp-json\/wp\/v2\/product\/3176","targetHints":{"allow":["GET"]}}],"collection":[{"href":"https:\/\/lichtundeisen.at\/en\/wp-json\/wp\/v2\/product"}],"about":[{"href":"https:\/\/lichtundeisen.at\/en\/wp-json\/wp\/v2\/types\/product"}],"wp:featuredmedia":[{"embeddable":true,"href":"https:\/\/lichtundeisen.at\/en\/wp-json\/wp\/v2\/media\/3177"}],"wp:attachment":[{"href":"https:\/\/lichtundeisen.at\/en\/wp-json\/wp\/v2\/media?parent=3176"}],"wp:term":[{"taxonomy":"product_brand","embeddable":true,"href":"https:\/\/lichtundeisen.at\/en\/wp-json\/wp\/v2\/product_brand?post=3176"},{"taxonomy":"product_cat","embeddable":true,"href":"https:\/\/lichtundeisen.at\/en\/wp-json\/wp\/v2\/product_cat?post=3176"},{"taxonomy":"product_tag","embeddable":true,"href":"https:\/\/lichtundeisen.at\/en\/wp-json\/wp\/v2\/product_tag?post=3176"}],"curies":[{"name":"wp","href":"https:\/\/api.w.org\/{rel}","templated":true}]}}