{"id":2988,"date":"2024-12-31T23:06:20","date_gmt":"2024-12-31T22:06:20","guid":{"rendered":"https:\/\/lichtundeisen.at\/?post_type=product&#038;p=2988"},"modified":"2026-01-19T13:51:58","modified_gmt":"2026-01-19T12:51:58","slug":"wandleuchte-641w1k","status":"publish","type":"product","link":"https:\/\/lichtundeisen.at\/en\/produkt\/wandleuchte-641w1k","title":{"rendered":"Wandleuchte Nr.641"},"content":{"rendered":"<h2>Wandleuchte 641<\/h2>\n<h3 data-start=\"133\" data-end=\"205\">Antike Wandlampe aus Schmiedeeisen \u2013 Goldfarbene Vintage-Wandleuchte<\/h3>\n<p data-start=\"207\" data-end=\"499\">Diese elegante Wandlampe aus kunstvoll geschwungenem Schmiedeeisen bringt klassischen Charme und zeitlose Eleganz in Ihr Zuhause. Das filigrane Rankendesign und die goldfarbene Patina verleihen der Leuchte einen edlen, antiken Charakter und machen sie zu einem echten Blickfang an jeder Wand.<\/p>\n<p data-start=\"501\" data-end=\"859\">Die einflammige Wandleuchte ist im Stil einer Kerzenhalterung gestaltet und eignet sich perfekt f\u00fcr stimmungsvolle Beleuchtung in Wohnr\u00e4umen, Fluren, Treppenh\u00e4usern oder Schlafzimmern. Durch ihr schlankes, vertikales Design wirkt sie dekorativ, ohne aufdringlich zu sein, und harmoniert besonders gut mit klassischen, mediterranen oder Vintage-Einrichtungen.<\/p>\n<p data-start=\"861\" data-end=\"873\"><strong data-start=\"861\" data-end=\"873\">Details:<\/strong><\/p>\n<ul data-start=\"874\" data-end=\"1150\">\n<li data-start=\"874\" data-end=\"911\">\n<p data-start=\"876\" data-end=\"911\">Stil: Antik \/ Vintage \/ Klassisch<\/p>\n<\/li>\n<li data-start=\"912\" data-end=\"939\">\n<p data-start=\"914\" data-end=\"939\">Material: Schmiedeeisen<\/p>\n<\/li>\n<li data-start=\"940\" data-end=\"972\">\n<p data-start=\"942\" data-end=\"972\">Farbe: Goldfarben mit Patina<\/p>\n<\/li>\n<li data-start=\"973\" data-end=\"1042\">\n<p data-start=\"975\" data-end=\"1042\">Lichtquelle: 1-flammig E14<\/p>\n<\/li>\n<li data-start=\"1043\" data-end=\"1067\">\n<p data-start=\"1045\" data-end=\"1067\">Montage: Wandmontage<\/p>\n<\/li>\n<\/ul>\n<p data-start=\"1152\" data-end=\"1305\">Diese Wandlampe verbindet funktionale Beleuchtung mit dekorativer Kunstfertigkeit und ist ideal f\u00fcr Liebhaber klassischer Wohnaccessoires mit Geschichte.<\/p>\n<p>kleine Ausf\u00fchrung<\/p>\n<p>H\u00f6he 45cm, Breite 23cm<\/p>\n<p>1 x gold, 1 x blau, 2x schwarz lagernd<\/p>\n<h2>50% Rabatt auf lagernde St\u00fccke<\/h2>\n<p>&nbsp;<\/p>\n<p>&nbsp;<\/p>\n","protected":false},"excerpt":{"rendered":"<p>Wandleuchte 641 Antike Wandlampe aus Schmiedeeisen \u2013 Goldfarbene Vintage-Wandleuchte Diese elegante Wandlampe aus kunstvoll geschwungenem Schmiedeeisen bringt klassischen Charme und zeitlose Eleganz in Ihr Zuhause. Das filigrane Rankendesign und die goldfarbene Patina verleihen der Leuchte einen edlen, antiken Charakter und machen sie zu einem echten Blickfang an jeder Wand. Die [&hellip;]<\/p>\n","protected":false},"featured_media":2993,"template":"","meta":[],"product_brand":[120],"product_cat":[104,107,57,59],"product_tag":[],"class_list":{"0":"post-2988","1":"product","2":"type-product","3":"status-publish","4":"has-post-thumbnail","6":"product_brand-beleuchtungshaus-schmidt","7":"product_cat-abverkauf","8":"product_cat-abverkauf-50","9":"product_cat-klassisch","10":"product_cat-wandleuchten","12":"first","13":"instock","14":"sale","15":"taxable","16":"shipping-taxable","17":"purchasable","18":"product-type-simple"},"jetpack_sharing_enabled":true,"_links":{"self":[{"href":"https:\/\/lichtundeisen.at\/en\/wp-json\/wp\/v2\/product\/2988","targetHints":{"allow":["GET"]}}],"collection":[{"href":"https:\/\/lichtundeisen.at\/en\/wp-json\/wp\/v2\/product"}],"about":[{"href":"https:\/\/lichtundeisen.at\/en\/wp-json\/wp\/v2\/types\/product"}],"wp:featuredmedia":[{"embeddable":true,"href":"https:\/\/lichtundeisen.at\/en\/wp-json\/wp\/v2\/media\/2993"}],"wp:attachment":[{"href":"https:\/\/lichtundeisen.at\/en\/wp-json\/wp\/v2\/media?parent=2988"}],"wp:term":[{"taxonomy":"product_brand","embeddable":true,"href":"https:\/\/lichtundeisen.at\/en\/wp-json\/wp\/v2\/product_brand?post=2988"},{"taxonomy":"product_cat","embeddable":true,"href":"https:\/\/lichtundeisen.at\/en\/wp-json\/wp\/v2\/product_cat?post=2988"},{"taxonomy":"product_tag","embeddable":true,"href":"https:\/\/lichtundeisen.at\/en\/wp-json\/wp\/v2\/product_tag?post=2988"}],"curies":[{"name":"wp","href":"https:\/\/api.w.org\/{rel}","templated":true}]}}