{"id":2972,"date":"2024-12-31T15:39:37","date_gmt":"2024-12-31T14:39:37","guid":{"rendered":"https:\/\/lichtundeisen.at\/?post_type=product&#038;p=2972"},"modified":"2026-01-19T13:51:41","modified_gmt":"2026-01-19T12:51:41","slug":"wandleuchte-641w1g-ii","status":"publish","type":"product","link":"https:\/\/lichtundeisen.at\/en\/produkt\/wandleuchte-641w1g-ii","title":{"rendered":"Wandleuchte 641w1g II"},"content":{"rendered":"<p data-start=\"25\" data-end=\"432\">Diese elegante <strong data-start=\"40\" data-end=\"83\">Wandleuchte aus handgeschmiedetem Eisen<\/strong> besticht durch ihr au\u00dfergew\u00f6hnliches, florales Design. Die filigranen, symmetrisch angeordneten <strong data-start=\"180\" data-end=\"208\">Ranken- und Spiralformen<\/strong> erinnern an stilisierte Bl\u00e4tter und verleihen der Leuchte eine leichte, fast ornamentale Wirkung. Die dunkle, antik patinierte Oberfl\u00e4che unterstreicht den handwerklichen Charakter und macht jedes St\u00fcck optisch einzigartig.<\/p>\n<p data-start=\"434\" data-end=\"657\">Die <strong data-start=\"438\" data-end=\"467\">kerzenf\u00f6rmige Lichtquelle<\/strong> sitzt auf einer dekorativen Tropfschale und sorgt f\u00fcr ein warmes, stimmungsvolles Licht. Durch ihre schlanke, vertikale Form eignet sich die Wandleuchte besonders gut als Akzentbeleuchtung.<\/p>\n<p data-start=\"659\" data-end=\"677\"><strong data-start=\"659\" data-end=\"677\">Eigenschaften:<\/strong><\/p>\n<ul data-start=\"678\" data-end=\"901\">\n<li data-start=\"678\" data-end=\"714\">\n<p data-start=\"680\" data-end=\"714\">Material: Schmiedeeisen \/ Metall<\/p>\n<\/li>\n<li data-start=\"715\" data-end=\"766\">\n<p data-start=\"717\" data-end=\"766\">Farbe: Dunkelbraun bis Schwarz mit Antik-Patina<\/p>\n<\/li>\n<li data-start=\"767\" data-end=\"828\">\n<p data-start=\"769\" data-end=\"828\">Lichtquelle: 1 \u00d7 kerzenf\u00f6rmiges Leuchtmittel (elektrisch)<\/p>\n<\/li>\n<li data-start=\"829\" data-end=\"853\">\n<p data-start=\"831\" data-end=\"853\">Montage: Wandmontage<\/p>\n<\/li>\n<li data-start=\"854\" data-end=\"901\">\n<p data-start=\"856\" data-end=\"901\">Stil: Antik, rustikal, mediterran, Landhaus<\/p>\n<\/li>\n<\/ul>\n<p data-start=\"903\" data-end=\"1064\"><strong data-start=\"903\" data-end=\"923\">Einsatzbereiche:<\/strong><br data-start=\"923\" data-end=\"926\" \/>Ideal f\u00fcr Flure, Treppenh\u00e4user, Wohn- oder Essbereiche, aber auch f\u00fcr stilvolle Gastronomie, Weinkeller oder historisch inspirierte R\u00e4ume.<\/p>\n<p data-start=\"1066\" data-end=\"1200\" data-is-last-node=\"\" data-is-only-node=\"\">Diese Wandleuchte vereint dekorative Kunstschmiedearbeit mit funktionaler Beleuchtung und setzt einen stilvollen Akzent an jeder Wand.<\/p>\n<p>Wandleuchte 641<\/p>\n<p>1 fl\u00e4mmig<\/p>\n<p>gro\u00dfe Ausf\u00fchrung einfachere Variante<\/p>\n<p>H\u00f6he 52cm, Breite 23cm<\/p>\n<h2>50% Rabatt auf lagernde St\u00fccke<\/h2>\n<p>&nbsp;<\/p>\n<p>&nbsp;<\/p>\n","protected":false},"excerpt":{"rendered":"<p>Diese elegante Wandleuchte aus handgeschmiedetem Eisen besticht durch ihr au\u00dfergew\u00f6hnliches, florales Design. Die filigranen, symmetrisch angeordneten Ranken- und Spiralformen erinnern an stilisierte Bl\u00e4tter und verleihen der Leuchte eine leichte, fast ornamentale Wirkung. Die dunkle, antik patinierte Oberfl\u00e4che unterstreicht den handwerklichen Charakter und macht jedes St\u00fcck optisch einzigartig. Die kerzenf\u00f6rmige Lichtquelle [&hellip;]<\/p>\n","protected":false},"featured_media":2979,"template":"","meta":[],"product_brand":[120],"product_cat":[104,107,57,59],"product_tag":[],"class_list":{"0":"post-2972","1":"product","2":"type-product","3":"status-publish","4":"has-post-thumbnail","6":"product_brand-beleuchtungshaus-schmidt","7":"product_cat-abverkauf","8":"product_cat-abverkauf-50","9":"product_cat-klassisch","10":"product_cat-wandleuchten","12":"first","13":"instock","14":"sale","15":"taxable","16":"shipping-taxable","17":"purchasable","18":"product-type-simple"},"jetpack_sharing_enabled":true,"_links":{"self":[{"href":"https:\/\/lichtundeisen.at\/en\/wp-json\/wp\/v2\/product\/2972","targetHints":{"allow":["GET"]}}],"collection":[{"href":"https:\/\/lichtundeisen.at\/en\/wp-json\/wp\/v2\/product"}],"about":[{"href":"https:\/\/lichtundeisen.at\/en\/wp-json\/wp\/v2\/types\/product"}],"wp:featuredmedia":[{"embeddable":true,"href":"https:\/\/lichtundeisen.at\/en\/wp-json\/wp\/v2\/media\/2979"}],"wp:attachment":[{"href":"https:\/\/lichtundeisen.at\/en\/wp-json\/wp\/v2\/media?parent=2972"}],"wp:term":[{"taxonomy":"product_brand","embeddable":true,"href":"https:\/\/lichtundeisen.at\/en\/wp-json\/wp\/v2\/product_brand?post=2972"},{"taxonomy":"product_cat","embeddable":true,"href":"https:\/\/lichtundeisen.at\/en\/wp-json\/wp\/v2\/product_cat?post=2972"},{"taxonomy":"product_tag","embeddable":true,"href":"https:\/\/lichtundeisen.at\/en\/wp-json\/wp\/v2\/product_tag?post=2972"}],"curies":[{"name":"wp","href":"https:\/\/api.w.org\/{rel}","templated":true}]}}