{"id":2953,"date":"2024-12-31T14:38:43","date_gmt":"2024-12-31T13:38:43","guid":{"rendered":"https:\/\/lichtundeisen.at\/?post_type=product&#038;p=2953"},"modified":"2026-01-10T12:44:58","modified_gmt":"2026-01-10T11:44:58","slug":"wandleuchte-es5","status":"publish","type":"product","link":"https:\/\/lichtundeisen.at\/en\/produkt\/wandleuchte-es5","title":{"rendered":"Wandleuchte ES5"},"content":{"rendered":"<p>Wandleuchte<\/p>\n<p>H\u00f6he 46cm, Breite 22cm, Tiefe 25cm<\/p>\n<p>Einzelst\u00fccke<\/p>\n<h2>50% Rabatt auf lagernde St\u00fccke<\/h2>\n","protected":false},"excerpt":{"rendered":"<p>Wandleuchte H\u00f6he 46cm, Breite 22cm, Tiefe 25cm Einzelst\u00fccke 50% Rabatt auf lagernde St\u00fccke<\/p>\n","protected":false},"featured_media":2954,"template":"","meta":[],"product_brand":[120],"product_cat":[104,107,57,59],"product_tag":[],"class_list":{"0":"post-2953","1":"product","2":"type-product","3":"status-publish","4":"has-post-thumbnail","6":"product_brand-beleuchtungshaus-schmidt","7":"product_cat-abverkauf","8":"product_cat-abverkauf-50","9":"product_cat-klassisch","10":"product_cat-wandleuchten","12":"first","13":"instock","14":"sale","15":"taxable","16":"shipping-taxable","17":"purchasable","18":"product-type-simple"},"jetpack_sharing_enabled":true,"_links":{"self":[{"href":"https:\/\/lichtundeisen.at\/en\/wp-json\/wp\/v2\/product\/2953","targetHints":{"allow":["GET"]}}],"collection":[{"href":"https:\/\/lichtundeisen.at\/en\/wp-json\/wp\/v2\/product"}],"about":[{"href":"https:\/\/lichtundeisen.at\/en\/wp-json\/wp\/v2\/types\/product"}],"wp:featuredmedia":[{"embeddable":true,"href":"https:\/\/lichtundeisen.at\/en\/wp-json\/wp\/v2\/media\/2954"}],"wp:attachment":[{"href":"https:\/\/lichtundeisen.at\/en\/wp-json\/wp\/v2\/media?parent=2953"}],"wp:term":[{"taxonomy":"product_brand","embeddable":true,"href":"https:\/\/lichtundeisen.at\/en\/wp-json\/wp\/v2\/product_brand?post=2953"},{"taxonomy":"product_cat","embeddable":true,"href":"https:\/\/lichtundeisen.at\/en\/wp-json\/wp\/v2\/product_cat?post=2953"},{"taxonomy":"product_tag","embeddable":true,"href":"https:\/\/lichtundeisen.at\/en\/wp-json\/wp\/v2\/product_tag?post=2953"}],"curies":[{"name":"wp","href":"https:\/\/api.w.org\/{rel}","templated":true}]}}