{"id":2932,"date":"2024-12-30T13:07:36","date_gmt":"2024-12-30T12:07:36","guid":{"rendered":"https:\/\/lichtundeisen.at\/?post_type=product&#038;p=2932"},"modified":"2026-01-19T11:19:06","modified_gmt":"2026-01-19T10:19:06","slug":"tischleuchte-es7","status":"publish","type":"product","link":"https:\/\/lichtundeisen.at\/en\/produkt\/tischleuchte-es7","title":{"rendered":"Tischleuchte ES7"},"content":{"rendered":"<p>Tischleuchte aus Holz lasiert mit Schirm<\/p>\n<p>Schirm Stoff H\u00f6he 22cm, Durchmesser 40cm<\/p>\n<p>Gesamth\u00f6he 80cm<\/p>\n<h2>50% Rabatt auf lagernde St\u00fccke<\/h2>\n<p>&nbsp;<\/p>\n","protected":false},"excerpt":{"rendered":"<p>Tischleuchte aus Holz lasiert mit Schirm Schirm Stoff H\u00f6he 22cm, Durchmesser 40cm Gesamth\u00f6he 80cm 50% Rabatt auf lagernde St\u00fccke &nbsp;<\/p>\n","protected":false},"featured_media":2941,"template":"","meta":[],"product_brand":[],"product_cat":[104,107,57,56],"product_tag":[],"class_list":{"0":"post-2932","1":"product","2":"type-product","3":"status-publish","4":"has-post-thumbnail","6":"product_cat-abverkauf","7":"product_cat-abverkauf-50","8":"product_cat-klassisch","9":"product_cat-tischleuchten","10":"product_shipping_class-sperrgut","12":"first","13":"instock","14":"sale","15":"taxable","16":"shipping-taxable","17":"purchasable","18":"product-type-simple"},"jetpack_sharing_enabled":true,"_links":{"self":[{"href":"https:\/\/lichtundeisen.at\/en\/wp-json\/wp\/v2\/product\/2932","targetHints":{"allow":["GET"]}}],"collection":[{"href":"https:\/\/lichtundeisen.at\/en\/wp-json\/wp\/v2\/product"}],"about":[{"href":"https:\/\/lichtundeisen.at\/en\/wp-json\/wp\/v2\/types\/product"}],"wp:featuredmedia":[{"embeddable":true,"href":"https:\/\/lichtundeisen.at\/en\/wp-json\/wp\/v2\/media\/2941"}],"wp:attachment":[{"href":"https:\/\/lichtundeisen.at\/en\/wp-json\/wp\/v2\/media?parent=2932"}],"wp:term":[{"taxonomy":"product_brand","embeddable":true,"href":"https:\/\/lichtundeisen.at\/en\/wp-json\/wp\/v2\/product_brand?post=2932"},{"taxonomy":"product_cat","embeddable":true,"href":"https:\/\/lichtundeisen.at\/en\/wp-json\/wp\/v2\/product_cat?post=2932"},{"taxonomy":"product_tag","embeddable":true,"href":"https:\/\/lichtundeisen.at\/en\/wp-json\/wp\/v2\/product_tag?post=2932"}],"curies":[{"name":"wp","href":"https:\/\/api.w.org\/{rel}","templated":true}]}}