{"id":2916,"date":"2024-12-29T22:15:07","date_gmt":"2024-12-29T21:15:07","guid":{"rendered":"https:\/\/lichtundeisen.at\/?post_type=product&#038;p=2916"},"modified":"2026-01-19T13:50:32","modified_gmt":"2026-01-19T12:50:32","slug":"wandleuchte-025w1","status":"publish","type":"product","link":"https:\/\/lichtundeisen.at\/en\/produkt\/wandleuchte-025w1","title":{"rendered":"Wandleuchte 25w1"},"content":{"rendered":"<p data-start=\"0\" data-end=\"58\"><strong data-start=\"0\" data-end=\"58\">Klassische Wandleuchte ohne Schirm \u2013 braun antikisiert<\/strong><\/p>\n<p data-start=\"60\" data-end=\"415\">Elegante, klassische Wandleuchte im Kerzenstil mit kunstvoll gearbeiteter Metall-Wandhalterung. Die antikisierte braune Oberfl\u00e4che verleiht der Leuchte einen zeitlosen, historischen Charakter und passt ideal zu klassischen, rustikalen oder stilvollen Interieurs. Die Leuchte ist ohne Schirm gestaltet und wirkt dadurch besonders authentisch und dekorativ.<\/p>\n<p data-start=\"417\" data-end=\"547\">Die Wandleuchte ist <strong data-start=\"437\" data-end=\"469\">lagernd in braun antikisiert<\/strong>, kann auf Wunsch jedoch auch <strong data-start=\"499\" data-end=\"529\">in jeder gew\u00fcnschten Farbe<\/strong> gefertigt werden.<\/p>\n<p data-start=\"549\" data-end=\"572\"><strong data-start=\"549\" data-end=\"572\">Ma\u00dfe (ohne Schirm):<\/strong><\/p>\n<ul data-start=\"573\" data-end=\"614\">\n<li data-start=\"573\" data-end=\"592\">\n<p data-start=\"575\" data-end=\"592\">H\u00f6he: ca. 27 cm<\/p>\n<\/li>\n<li data-start=\"593\" data-end=\"614\">\n<p data-start=\"595\" data-end=\"614\">Breite: ca. 12 cm<\/p>\n<\/li>\n<\/ul>\n<p data-start=\"616\" data-end=\"627\"><strong data-start=\"616\" data-end=\"627\">Preise:<\/strong><\/p>\n<ul data-start=\"628\" data-end=\"734\">\n<li data-start=\"628\" data-end=\"666\">\n<p data-start=\"630\" data-end=\"666\">Wandleuchte ohne Schirm: <strong data-start=\"655\" data-end=\"664\">340 \u20ac<\/strong><\/p>\n<\/li>\n<li data-start=\"667\" data-end=\"698\">\n<p data-start=\"669\" data-end=\"698\">Schirm (optional): <strong data-start=\"688\" data-end=\"696\">50 \u20ac<\/strong><\/p>\n<\/li>\n<li data-start=\"699\" data-end=\"734\">\n<p data-start=\"701\" data-end=\"734\">Schirmblende (optional): <strong data-start=\"726\" data-end=\"734\">40 \u20ac<\/strong><\/p>\n<\/li>\n<\/ul>\n<p data-start=\"736\" data-end=\"787\"><strong data-start=\"738\" data-end=\"749\">Aktion:<\/strong><br data-start=\"749\" data-end=\"752\" \/><strong data-start=\"752\" data-end=\"787\">50 % Rabatt auf lagernde St\u00fccke<\/strong><\/p>\n<p data-start=\"789\" data-end=\"967\" data-is-last-node=\"\" data-is-only-node=\"\">Ideal geeignet f\u00fcr Flure, Wohnzimmer, Stiegenh\u00e4user oder als stilvolle Akzentbeleuchtung. Eine hochwertige Leuchte f\u00fcr Liebhaber klassischer Handwerkskunst und zeitloser Eleganz.<\/p>\n","protected":false},"excerpt":{"rendered":"<p>Klassische Wandleuchte ohne Schirm \u2013 braun antikisiert Elegante, klassische Wandleuchte im Kerzenstil mit kunstvoll gearbeiteter Metall-Wandhalterung. Die antikisierte braune Oberfl\u00e4che verleiht der Leuchte einen zeitlosen, historischen Charakter und passt ideal zu klassischen, rustikalen oder stilvollen Interieurs. Die Leuchte ist ohne Schirm gestaltet und wirkt dadurch besonders authentisch und dekorativ. Die [&hellip;]<\/p>\n","protected":false},"featured_media":2920,"template":"","meta":[],"product_brand":[120],"product_cat":[104,107,57,59],"product_tag":[],"class_list":{"0":"post-2916","1":"product","2":"type-product","3":"status-publish","4":"has-post-thumbnail","6":"product_brand-beleuchtungshaus-schmidt","7":"product_cat-abverkauf","8":"product_cat-abverkauf-50","9":"product_cat-klassisch","10":"product_cat-wandleuchten","12":"first","13":"instock","14":"sale","15":"taxable","16":"shipping-taxable","17":"purchasable","18":"product-type-simple"},"jetpack_sharing_enabled":true,"_links":{"self":[{"href":"https:\/\/lichtundeisen.at\/en\/wp-json\/wp\/v2\/product\/2916","targetHints":{"allow":["GET"]}}],"collection":[{"href":"https:\/\/lichtundeisen.at\/en\/wp-json\/wp\/v2\/product"}],"about":[{"href":"https:\/\/lichtundeisen.at\/en\/wp-json\/wp\/v2\/types\/product"}],"wp:featuredmedia":[{"embeddable":true,"href":"https:\/\/lichtundeisen.at\/en\/wp-json\/wp\/v2\/media\/2920"}],"wp:attachment":[{"href":"https:\/\/lichtundeisen.at\/en\/wp-json\/wp\/v2\/media?parent=2916"}],"wp:term":[{"taxonomy":"product_brand","embeddable":true,"href":"https:\/\/lichtundeisen.at\/en\/wp-json\/wp\/v2\/product_brand?post=2916"},{"taxonomy":"product_cat","embeddable":true,"href":"https:\/\/lichtundeisen.at\/en\/wp-json\/wp\/v2\/product_cat?post=2916"},{"taxonomy":"product_tag","embeddable":true,"href":"https:\/\/lichtundeisen.at\/en\/wp-json\/wp\/v2\/product_tag?post=2916"}],"curies":[{"name":"wp","href":"https:\/\/api.w.org\/{rel}","templated":true}]}}