{"id":2901,"date":"2024-12-29T21:02:09","date_gmt":"2024-12-29T20:02:09","guid":{"rendered":"https:\/\/lichtundeisen.at\/?post_type=product&#038;p=2901"},"modified":"2026-01-10T12:44:11","modified_gmt":"2026-01-10T11:44:11","slug":"wandleuchte-es3","status":"publish","type":"product","link":"https:\/\/lichtundeisen.at\/en\/produkt\/wandleuchte-es3","title":{"rendered":"Wandleuchte ES3"},"content":{"rendered":"<p>Wandleuchte aus antikem T\u00fcrbeschlag<\/p>\n<p>2 flammig E14<\/p>\n<p>Breite 42cm, H\u00f6he 25cm<\/p>\n<p>Einzelst\u00fccke<\/p>\n<h2>50% Rabatt auf lagernde St\u00fccke<\/h2>\n","protected":false},"excerpt":{"rendered":"<p>Wandleuchte aus antikem T\u00fcrbeschlag 2 flammig E14 Breite 42cm, H\u00f6he 25cm Einzelst\u00fccke 50% Rabatt auf lagernde St\u00fccke<\/p>\n","protected":false},"featured_media":2902,"template":"","meta":[],"product_brand":[120],"product_cat":[104,107,57,59],"product_tag":[],"class_list":{"0":"post-2901","1":"product","2":"type-product","3":"status-publish","4":"has-post-thumbnail","6":"product_brand-beleuchtungshaus-schmidt","7":"product_cat-abverkauf","8":"product_cat-abverkauf-50","9":"product_cat-klassisch","10":"product_cat-wandleuchten","12":"first","13":"instock","14":"sale","15":"taxable","16":"shipping-taxable","17":"purchasable","18":"product-type-simple"},"jetpack_sharing_enabled":true,"_links":{"self":[{"href":"https:\/\/lichtundeisen.at\/en\/wp-json\/wp\/v2\/product\/2901","targetHints":{"allow":["GET"]}}],"collection":[{"href":"https:\/\/lichtundeisen.at\/en\/wp-json\/wp\/v2\/product"}],"about":[{"href":"https:\/\/lichtundeisen.at\/en\/wp-json\/wp\/v2\/types\/product"}],"wp:featuredmedia":[{"embeddable":true,"href":"https:\/\/lichtundeisen.at\/en\/wp-json\/wp\/v2\/media\/2902"}],"wp:attachment":[{"href":"https:\/\/lichtundeisen.at\/en\/wp-json\/wp\/v2\/media?parent=2901"}],"wp:term":[{"taxonomy":"product_brand","embeddable":true,"href":"https:\/\/lichtundeisen.at\/en\/wp-json\/wp\/v2\/product_brand?post=2901"},{"taxonomy":"product_cat","embeddable":true,"href":"https:\/\/lichtundeisen.at\/en\/wp-json\/wp\/v2\/product_cat?post=2901"},{"taxonomy":"product_tag","embeddable":true,"href":"https:\/\/lichtundeisen.at\/en\/wp-json\/wp\/v2\/product_tag?post=2901"}],"curies":[{"name":"wp","href":"https:\/\/api.w.org\/{rel}","templated":true}]}}