{"id":2881,"date":"2024-12-28T21:14:17","date_gmt":"2024-12-28T20:14:17","guid":{"rendered":"https:\/\/lichtundeisen.at\/?post_type=product&#038;p=2881"},"modified":"2026-01-19T13:49:38","modified_gmt":"2026-01-19T12:49:38","slug":"tischleuchte-10t23-blau","status":"publish","type":"product","link":"https:\/\/lichtundeisen.at\/en\/produkt\/tischleuchte-10t23-blau","title":{"rendered":"Tischleuchte 10t23 blau"},"content":{"rendered":"<p>Klassische Tischleuchte mit Folienschirm<\/p>\n<p>Tischleuchte 438\u20ac in blau<\/p>\n<p>Schirm mit Salzburg Stich 250\u20ac (Einzelst\u00fcck)<\/p>\n<p>Anfertigung von individuellen Schirmen aus Papier oder Stoff m\u00f6glich<\/p>\n<h2>50% Rabatt auf lagernde St\u00fccke<\/h2>\n<p>&nbsp;<\/p>\n","protected":false},"excerpt":{"rendered":"<p>Klassische Tischleuchte mit Folienschirm Tischleuchte 438\u20ac in blau Schirm mit Salzburg Stich 250\u20ac (Einzelst\u00fcck) Anfertigung von individuellen Schirmen aus Papier oder Stoff m\u00f6glich 50% Rabatt auf lagernde St\u00fccke &nbsp;<\/p>\n","protected":false},"featured_media":2882,"template":"","meta":[],"product_brand":[120],"product_cat":[104,107,57,56],"product_tag":[],"class_list":{"0":"post-2881","1":"product","2":"type-product","3":"status-publish","4":"has-post-thumbnail","6":"product_brand-beleuchtungshaus-schmidt","7":"product_cat-abverkauf","8":"product_cat-abverkauf-50","9":"product_cat-klassisch","10":"product_cat-tischleuchten","12":"first","13":"instock","14":"sale","15":"taxable","16":"shipping-taxable","17":"purchasable","18":"product-type-simple"},"jetpack_sharing_enabled":true,"_links":{"self":[{"href":"https:\/\/lichtundeisen.at\/en\/wp-json\/wp\/v2\/product\/2881","targetHints":{"allow":["GET"]}}],"collection":[{"href":"https:\/\/lichtundeisen.at\/en\/wp-json\/wp\/v2\/product"}],"about":[{"href":"https:\/\/lichtundeisen.at\/en\/wp-json\/wp\/v2\/types\/product"}],"wp:featuredmedia":[{"embeddable":true,"href":"https:\/\/lichtundeisen.at\/en\/wp-json\/wp\/v2\/media\/2882"}],"wp:attachment":[{"href":"https:\/\/lichtundeisen.at\/en\/wp-json\/wp\/v2\/media?parent=2881"}],"wp:term":[{"taxonomy":"product_brand","embeddable":true,"href":"https:\/\/lichtundeisen.at\/en\/wp-json\/wp\/v2\/product_brand?post=2881"},{"taxonomy":"product_cat","embeddable":true,"href":"https:\/\/lichtundeisen.at\/en\/wp-json\/wp\/v2\/product_cat?post=2881"},{"taxonomy":"product_tag","embeddable":true,"href":"https:\/\/lichtundeisen.at\/en\/wp-json\/wp\/v2\/product_tag?post=2881"}],"curies":[{"name":"wp","href":"https:\/\/api.w.org\/{rel}","templated":true}]}}