{"id":2863,"date":"2024-12-28T20:15:21","date_gmt":"2024-12-28T19:15:21","guid":{"rendered":"https:\/\/lichtundeisen.at\/?post_type=product&#038;p=2863"},"modified":"2026-01-19T13:36:40","modified_gmt":"2026-01-19T12:36:40","slug":"stehleuchte-3","status":"publish","type":"product","link":"https:\/\/lichtundeisen.at\/en\/produkt\/stehleuchte-3","title":{"rendered":"Stehleuchte 1014 v2"},"content":{"rendered":"<p data-start=\"168\" data-end=\"232\"><strong data-start=\"172\" data-end=\"232\">Handgeschmiedete Stehleuchte \u2013 Unikat in Metall &amp; Papier<\/strong><\/p>\n<p data-start=\"234\" data-end=\"467\">Diese au\u00dfergew\u00f6hnliche Stehleuchte vereint traditionelles Schmiedehandwerk mit zeitloser Leichtigkeit. Jeder Leuchtenfu\u00df wird in sorgf\u00e4ltiger Handarbeit gefertigt \u2013 ein Unikat mit Charakter, klarer Formensprache und subtiler Pr\u00e4senz.<\/p>\n<p data-start=\"469\" data-end=\"489\"><strong data-start=\"474\" data-end=\"489\">Leuchtenfu\u00df<\/strong><\/p>\n<ul data-start=\"490\" data-end=\"619\">\n<li data-start=\"490\" data-end=\"540\">\n<p data-start=\"492\" data-end=\"540\"><strong data-start=\"492\" data-end=\"520\">Handgeschmiedetes Metall<\/strong>, H\u00f6he: <strong data-start=\"528\" data-end=\"538\">120 cm<\/strong><\/p>\n<\/li>\n<li data-start=\"541\" data-end=\"586\">\n<p data-start=\"543\" data-end=\"586\">Puristisches Design mit feiner Oberfl\u00e4che<\/p>\n<\/li>\n<li data-start=\"587\" data-end=\"619\">\n<p data-start=\"589\" data-end=\"619\"><strong data-start=\"589\" data-end=\"605\">Preis: 500\u202f\u20ac<\/strong> (ohne Schirm)<\/p>\n<\/li>\n<\/ul>\n<p data-start=\"621\" data-end=\"642\"><strong data-start=\"626\" data-end=\"642\">Lampenschirm<\/strong><\/p>\n<ul data-start=\"643\" data-end=\"788\">\n<li data-start=\"643\" data-end=\"723\">\n<p data-start=\"645\" data-end=\"723\">Aus handgesch\u00f6pftem Papier, mit feiner Struktur und nat\u00fcrlicher Lichtwirkung<\/p>\n<\/li>\n<li data-start=\"724\" data-end=\"767\">\n<p data-start=\"726\" data-end=\"767\"><strong data-start=\"726\" data-end=\"748\">Durchmesser: 50 cm<\/strong>, <strong data-start=\"750\" data-end=\"765\">H\u00f6he: 30 cm<\/strong><\/p>\n<\/li>\n<li data-start=\"768\" data-end=\"788\">\n<p data-start=\"770\" data-end=\"788\"><strong data-start=\"770\" data-end=\"786\">Preis: 286\u202f\u20ac<\/strong><\/p>\n<\/li>\n<\/ul>\n<p data-start=\"790\" data-end=\"809\"><strong data-start=\"795\" data-end=\"809\">Gesamth\u00f6he<\/strong><\/p>\n<ul data-start=\"810\" data-end=\"885\">\n<li data-start=\"810\" data-end=\"885\">\n<p data-start=\"812\" data-end=\"885\"><strong data-start=\"812\" data-end=\"822\">140 cm<\/strong> \u2013 ideal als Lichtobjekt neben Sofa, Sessel oder in Leseecken<\/p>\n<\/li>\n<\/ul>\n<blockquote data-start=\"887\" data-end=\"1049\">\n<p data-start=\"889\" data-end=\"1049\"><strong data-start=\"889\" data-end=\"918\">Individuelle Anfertigung:<\/strong><br data-start=\"918\" data-end=\"921\" \/>Schirme k\u00f6nnen jederzeit auf Wunsch in Form, Gr\u00f6\u00dfe oder Papierart individuell gestaltet werden \u2013 passend zu Ihrem Raum und Stil.<\/p>\n<\/blockquote>\n","protected":false},"excerpt":{"rendered":"<p>Handgeschmiedete Stehleuchte \u2013 Unikat in Metall &amp; Papier Diese au\u00dfergew\u00f6hnliche Stehleuchte vereint traditionelles Schmiedehandwerk mit zeitloser Leichtigkeit. Jeder Leuchtenfu\u00df wird in sorgf\u00e4ltiger Handarbeit gefertigt \u2013 ein Unikat mit Charakter, klarer Formensprache und subtiler Pr\u00e4senz. Leuchtenfu\u00df Handgeschmiedetes Metall, H\u00f6he: 120 cm Puristisches Design mit feiner Oberfl\u00e4che Preis: 500\u202f\u20ac (ohne Schirm) Lampenschirm [&hellip;]<\/p>\n","protected":false},"featured_media":2864,"template":"","meta":[],"product_brand":[120],"product_cat":[104,57,55],"product_tag":[],"class_list":{"0":"post-2863","1":"product","2":"type-product","3":"status-publish","4":"has-post-thumbnail","6":"product_brand-beleuchtungshaus-schmidt","7":"product_cat-abverkauf","8":"product_cat-klassisch","9":"product_cat-stehleuchten","10":"product_shipping_class-sperrgut","12":"first","13":"instock","14":"sale","15":"taxable","16":"shipping-taxable","17":"purchasable","18":"product-type-simple"},"jetpack_sharing_enabled":true,"_links":{"self":[{"href":"https:\/\/lichtundeisen.at\/en\/wp-json\/wp\/v2\/product\/2863","targetHints":{"allow":["GET"]}}],"collection":[{"href":"https:\/\/lichtundeisen.at\/en\/wp-json\/wp\/v2\/product"}],"about":[{"href":"https:\/\/lichtundeisen.at\/en\/wp-json\/wp\/v2\/types\/product"}],"wp:featuredmedia":[{"embeddable":true,"href":"https:\/\/lichtundeisen.at\/en\/wp-json\/wp\/v2\/media\/2864"}],"wp:attachment":[{"href":"https:\/\/lichtundeisen.at\/en\/wp-json\/wp\/v2\/media?parent=2863"}],"wp:term":[{"taxonomy":"product_brand","embeddable":true,"href":"https:\/\/lichtundeisen.at\/en\/wp-json\/wp\/v2\/product_brand?post=2863"},{"taxonomy":"product_cat","embeddable":true,"href":"https:\/\/lichtundeisen.at\/en\/wp-json\/wp\/v2\/product_cat?post=2863"},{"taxonomy":"product_tag","embeddable":true,"href":"https:\/\/lichtundeisen.at\/en\/wp-json\/wp\/v2\/product_tag?post=2863"}],"curies":[{"name":"wp","href":"https:\/\/api.w.org\/{rel}","templated":true}]}}