{"id":2833,"date":"2024-12-26T13:55:38","date_gmt":"2024-12-26T12:55:38","guid":{"rendered":"https:\/\/lichtundeisen.at\/?post_type=product&#038;p=2833"},"modified":"2026-01-19T13:37:07","modified_gmt":"2026-01-19T12:37:07","slug":"tischleuchte-986t2","status":"publish","type":"product","link":"https:\/\/lichtundeisen.at\/en\/produkt\/tischleuchte-986t2","title":{"rendered":"Tischleuchte 986t2"},"content":{"rendered":"<p>Tischleuchte mit Steinbock<\/p>\n<p>verschiedene Figuren auf Wunsch m\u00f6glich<\/p>\n<p>H\u00f6he Fuss 40cm, Breite 18, L\u00e4nge 12cm<\/p>\n<p>hier mit Naturlederschirm H\u00f6he 24cm, DM 30cm (290\u20ac)<\/p>\n<p>Es k\u00f6nnen Schirme aus Papier oder Folie nach Wunsch angefertigt werden<\/p>\n<p>Preis ohne Schirm 500\u20ac<\/p>\n","protected":false},"excerpt":{"rendered":"<p>Tischleuchte mit Steinbock verschiedene Figuren auf Wunsch m\u00f6glich H\u00f6he Fuss 40cm, Breite 18, L\u00e4nge 12cm hier mit Naturlederschirm H\u00f6he 24cm, DM 30cm (290\u20ac) Es k\u00f6nnen Schirme aus Papier oder Folie nach Wunsch angefertigt werden Preis ohne Schirm 500\u20ac<\/p>\n","protected":false},"featured_media":2834,"template":"","meta":[],"product_brand":[120],"product_cat":[104,57,56],"product_tag":[],"class_list":{"0":"post-2833","1":"product","2":"type-product","3":"status-publish","4":"has-post-thumbnail","6":"product_brand-beleuchtungshaus-schmidt","7":"product_cat-abverkauf","8":"product_cat-klassisch","9":"product_cat-tischleuchten","11":"first","12":"instock","13":"sale","14":"taxable","15":"shipping-taxable","16":"purchasable","17":"product-type-simple"},"jetpack_sharing_enabled":true,"_links":{"self":[{"href":"https:\/\/lichtundeisen.at\/en\/wp-json\/wp\/v2\/product\/2833","targetHints":{"allow":["GET"]}}],"collection":[{"href":"https:\/\/lichtundeisen.at\/en\/wp-json\/wp\/v2\/product"}],"about":[{"href":"https:\/\/lichtundeisen.at\/en\/wp-json\/wp\/v2\/types\/product"}],"wp:featuredmedia":[{"embeddable":true,"href":"https:\/\/lichtundeisen.at\/en\/wp-json\/wp\/v2\/media\/2834"}],"wp:attachment":[{"href":"https:\/\/lichtundeisen.at\/en\/wp-json\/wp\/v2\/media?parent=2833"}],"wp:term":[{"taxonomy":"product_brand","embeddable":true,"href":"https:\/\/lichtundeisen.at\/en\/wp-json\/wp\/v2\/product_brand?post=2833"},{"taxonomy":"product_cat","embeddable":true,"href":"https:\/\/lichtundeisen.at\/en\/wp-json\/wp\/v2\/product_cat?post=2833"},{"taxonomy":"product_tag","embeddable":true,"href":"https:\/\/lichtundeisen.at\/en\/wp-json\/wp\/v2\/product_tag?post=2833"}],"curies":[{"name":"wp","href":"https:\/\/api.w.org\/{rel}","templated":true}]}}