{"id":2811,"date":"2024-12-25T17:38:54","date_gmt":"2024-12-25T16:38:54","guid":{"rendered":"https:\/\/lichtundeisen.at\/?post_type=product&#038;p=2811"},"modified":"2026-01-19T11:49:02","modified_gmt":"2026-01-19T10:49:02","slug":"tischleuchte-es5","status":"publish","type":"product","link":"https:\/\/lichtundeisen.at\/en\/produkt\/tischleuchte-es5","title":{"rendered":"Tischleuchte ES5"},"content":{"rendered":"<p>Tischleuchte mit Schirm<\/p>\n<p>Holzfu\u00df lackiert<\/p>\n<p>Schirm Folie mit Bild handgemacht<\/p>\n<p>H\u00f6he 65<br \/>\nBreite 26<br \/>\nL\u00e4nge 40<\/p>\n<h2>50% Rabatt auf lagernde St\u00fccke<\/h2>\n","protected":false},"excerpt":{"rendered":"<p>Tischleuchte mit Schirm Holzfu\u00df lackiert Schirm Folie mit Bild handgemacht H\u00f6he 65 Breite 26 L\u00e4nge 40 50% Rabatt auf lagernde St\u00fccke<\/p>\n","protected":false},"featured_media":2813,"template":"","meta":[],"product_brand":[],"product_cat":[104,107,57,56],"product_tag":[],"class_list":{"0":"post-2811","1":"product","2":"type-product","3":"status-publish","4":"has-post-thumbnail","6":"product_cat-abverkauf","7":"product_cat-abverkauf-50","8":"product_cat-klassisch","9":"product_cat-tischleuchten","11":"first","12":"instock","13":"sale","14":"taxable","15":"shipping-taxable","16":"purchasable","17":"product-type-simple"},"jetpack_sharing_enabled":true,"_links":{"self":[{"href":"https:\/\/lichtundeisen.at\/en\/wp-json\/wp\/v2\/product\/2811","targetHints":{"allow":["GET"]}}],"collection":[{"href":"https:\/\/lichtundeisen.at\/en\/wp-json\/wp\/v2\/product"}],"about":[{"href":"https:\/\/lichtundeisen.at\/en\/wp-json\/wp\/v2\/types\/product"}],"wp:featuredmedia":[{"embeddable":true,"href":"https:\/\/lichtundeisen.at\/en\/wp-json\/wp\/v2\/media\/2813"}],"wp:attachment":[{"href":"https:\/\/lichtundeisen.at\/en\/wp-json\/wp\/v2\/media?parent=2811"}],"wp:term":[{"taxonomy":"product_brand","embeddable":true,"href":"https:\/\/lichtundeisen.at\/en\/wp-json\/wp\/v2\/product_brand?post=2811"},{"taxonomy":"product_cat","embeddable":true,"href":"https:\/\/lichtundeisen.at\/en\/wp-json\/wp\/v2\/product_cat?post=2811"},{"taxonomy":"product_tag","embeddable":true,"href":"https:\/\/lichtundeisen.at\/en\/wp-json\/wp\/v2\/product_tag?post=2811"}],"curies":[{"name":"wp","href":"https:\/\/api.w.org\/{rel}","templated":true}]}}