{"id":2795,"date":"2024-12-25T16:09:19","date_gmt":"2024-12-25T15:09:19","guid":{"rendered":"https:\/\/lichtundeisen.at\/?post_type=product&#038;p=2795"},"modified":"2026-01-19T11:20:07","modified_gmt":"2026-01-19T10:20:07","slug":"tischleuchte-es3","status":"publish","type":"product","link":"https:\/\/lichtundeisen.at\/en\/produkt\/tischleuchte-es3","title":{"rendered":"Tischleuchte ES3"},"content":{"rendered":"<p>Tischleuchte mit Schirm<\/p>\n<p>H\u00f6he 62cm<\/p>\n<p>Breite 26, L\u00e4nge 18<\/p>\n<p>Einzelst\u00fcck<\/p>\n<p>Fassung E14, schwarzes Kabel mit Schalter<\/p>\n","protected":false},"excerpt":{"rendered":"<p>Tischleuchte mit Schirm H\u00f6he 62cm Breite 26, L\u00e4nge 18 Einzelst\u00fcck Fassung E14, schwarzes Kabel mit Schalter<\/p>\n","protected":false},"featured_media":2798,"template":"","meta":[],"product_brand":[],"product_cat":[104,107,57,56],"product_tag":[],"class_list":{"0":"post-2795","1":"product","2":"type-product","3":"status-publish","4":"has-post-thumbnail","6":"product_cat-abverkauf","7":"product_cat-abverkauf-50","8":"product_cat-klassisch","9":"product_cat-tischleuchten","10":"product_shipping_class-sperrgut","12":"first","13":"instock","14":"sale","15":"taxable","16":"shipping-taxable","17":"purchasable","18":"product-type-simple"},"jetpack_sharing_enabled":true,"_links":{"self":[{"href":"https:\/\/lichtundeisen.at\/en\/wp-json\/wp\/v2\/product\/2795","targetHints":{"allow":["GET"]}}],"collection":[{"href":"https:\/\/lichtundeisen.at\/en\/wp-json\/wp\/v2\/product"}],"about":[{"href":"https:\/\/lichtundeisen.at\/en\/wp-json\/wp\/v2\/types\/product"}],"wp:featuredmedia":[{"embeddable":true,"href":"https:\/\/lichtundeisen.at\/en\/wp-json\/wp\/v2\/media\/2798"}],"wp:attachment":[{"href":"https:\/\/lichtundeisen.at\/en\/wp-json\/wp\/v2\/media?parent=2795"}],"wp:term":[{"taxonomy":"product_brand","embeddable":true,"href":"https:\/\/lichtundeisen.at\/en\/wp-json\/wp\/v2\/product_brand?post=2795"},{"taxonomy":"product_cat","embeddable":true,"href":"https:\/\/lichtundeisen.at\/en\/wp-json\/wp\/v2\/product_cat?post=2795"},{"taxonomy":"product_tag","embeddable":true,"href":"https:\/\/lichtundeisen.at\/en\/wp-json\/wp\/v2\/product_tag?post=2795"}],"curies":[{"name":"wp","href":"https:\/\/api.w.org\/{rel}","templated":true}]}}