{"id":2784,"date":"2024-12-25T14:26:36","date_gmt":"2024-12-25T13:26:36","guid":{"rendered":"https:\/\/lichtundeisen.at\/?post_type=product&#038;p=2784"},"modified":"2026-01-19T11:20:23","modified_gmt":"2026-01-19T10:20:23","slug":"tischleuchte-es2","status":"publish","type":"product","link":"https:\/\/lichtundeisen.at\/en\/produkt\/tischleuchte-es2","title":{"rendered":"Tischleuchte ES2"},"content":{"rendered":"<h3 data-start=\"145\" data-end=\"198\"><strong data-start=\"149\" data-end=\"198\">Tischleuchte \u2013 Eiche &amp; handgesch\u00f6pftes Papier<\/strong><\/h3>\n<p data-start=\"200\" data-end=\"446\">Diese hochwertige Tischleuchte vereint zeitloses Design mit nat\u00fcrlichen Materialien und handwerklicher Fertigung. Mit einer Gesamth\u00f6he von <strong data-start=\"339\" data-end=\"348\">85 cm<\/strong> setzt sie ein klares Statement in jedem Raum \u2013 ob auf Sideboards, Konsolen oder gr\u00f6\u00dferen Tischen.<\/p>\n<h4 data-start=\"448\" data-end=\"468\"><strong data-start=\"453\" data-end=\"468\">Leuchtenfu\u00df<\/strong><\/h4>\n<ul data-start=\"469\" data-end=\"649\">\n<li data-start=\"469\" data-end=\"510\">\n<p data-start=\"471\" data-end=\"510\">Aus massivem <strong data-start=\"484\" data-end=\"508\">Vollholz Eiche natur<\/strong><\/p>\n<\/li>\n<li data-start=\"511\" data-end=\"554\">\n<p data-start=\"513\" data-end=\"554\">H\u00f6he: <strong data-start=\"519\" data-end=\"528\">42 cm<\/strong>, Durchmesser: <strong data-start=\"543\" data-end=\"552\">30 cm<\/strong><\/p>\n<\/li>\n<li data-start=\"555\" data-end=\"616\">\n<p data-start=\"557\" data-end=\"616\">Ge\u00f6lte Oberfl\u00e4che f\u00fcr eine warme, nat\u00fcrliche Ausstrahlung<\/p>\n<\/li>\n<li data-start=\"617\" data-end=\"649\">\n<p data-start=\"619\" data-end=\"649\"><strong data-start=\"619\" data-end=\"635\">Preis: 500\u202f\u20ac<\/strong> (ohne Schirm)<\/p>\n<\/li>\n<\/ul>\n<h4 data-start=\"651\" data-end=\"672\"><strong data-start=\"656\" data-end=\"672\">Lampenschirm<\/strong><\/h4>\n<ul data-start=\"673\" data-end=\"838\">\n<li data-start=\"673\" data-end=\"732\">\n<p data-start=\"675\" data-end=\"732\">Handgefertigt aus hochwertigem, strukturiertem <strong data-start=\"722\" data-end=\"732\">Papier<\/strong><\/p>\n<\/li>\n<li data-start=\"733\" data-end=\"772\">\n<p data-start=\"735\" data-end=\"772\">Ma\u00dfe: <strong data-start=\"741\" data-end=\"772\">H 40 cm x L 50 cm x B 37 cm<\/strong><\/p>\n<\/li>\n<li data-start=\"773\" data-end=\"819\">\n<p data-start=\"775\" data-end=\"819\">Sorgt f\u00fcr ein weiches, atmosph\u00e4risches Licht<\/p>\n<\/li>\n<li data-start=\"820\" data-end=\"838\">\n<p data-start=\"822\" data-end=\"838\"><strong data-start=\"822\" data-end=\"838\">Preis: 286\u202f\u20ac<\/strong><\/p>\n<\/li>\n<\/ul>\n<h4 data-start=\"840\" data-end=\"867\"><strong data-start=\"845\" data-end=\"867\">Gesamtma\u00dfe Leuchte<\/strong><\/h4>\n<ul data-start=\"868\" data-end=\"923\">\n<li data-start=\"868\" data-end=\"885\">\n<p data-start=\"870\" data-end=\"885\"><strong data-start=\"870\" data-end=\"885\">H\u00f6he: 85 cm<\/strong><\/p>\n<\/li>\n<li data-start=\"886\" data-end=\"923\">\n<p data-start=\"888\" data-end=\"923\"><strong data-start=\"888\" data-end=\"904\">L\u00e4nge: 50 cm<\/strong>, <strong data-start=\"906\" data-end=\"923\">Breite: 37 cm<\/strong><\/p>\n<\/li>\n<\/ul>\n<p data-start=\"925\" data-end=\"1102\">Diese Leuchte ist nicht nur ein Lichtobjekt, sondern ein St\u00fcck zeitgem\u00e4\u00dfer Handwerkskunst \u2013 ideal f\u00fcr alle, die Wert auf Qualit\u00e4t, Materialit\u00e4t und zur\u00fcckhaltendes Design legen.<\/p>\n","protected":false},"excerpt":{"rendered":"<p>Tischleuchte \u2013 Eiche &amp; handgesch\u00f6pftes Papier Diese hochwertige Tischleuchte vereint zeitloses Design mit nat\u00fcrlichen Materialien und handwerklicher Fertigung. Mit einer Gesamth\u00f6he von 85 cm setzt sie ein klares Statement in jedem Raum \u2013 ob auf Sideboards, Konsolen oder gr\u00f6\u00dferen Tischen. Leuchtenfu\u00df Aus massivem Vollholz Eiche natur H\u00f6he: 42 cm, Durchmesser: [&hellip;]<\/p>\n","protected":false},"featured_media":2793,"template":"","meta":[],"product_brand":[],"product_cat":[107,57,56],"product_tag":[],"class_list":{"0":"post-2784","1":"product","2":"type-product","3":"status-publish","4":"has-post-thumbnail","6":"product_cat-abverkauf-50","7":"product_cat-klassisch","8":"product_cat-tischleuchten","9":"product_shipping_class-sperrgut","11":"first","12":"instock","13":"sale","14":"taxable","15":"shipping-taxable","16":"purchasable","17":"product-type-simple"},"jetpack_sharing_enabled":true,"_links":{"self":[{"href":"https:\/\/lichtundeisen.at\/en\/wp-json\/wp\/v2\/product\/2784","targetHints":{"allow":["GET"]}}],"collection":[{"href":"https:\/\/lichtundeisen.at\/en\/wp-json\/wp\/v2\/product"}],"about":[{"href":"https:\/\/lichtundeisen.at\/en\/wp-json\/wp\/v2\/types\/product"}],"wp:featuredmedia":[{"embeddable":true,"href":"https:\/\/lichtundeisen.at\/en\/wp-json\/wp\/v2\/media\/2793"}],"wp:attachment":[{"href":"https:\/\/lichtundeisen.at\/en\/wp-json\/wp\/v2\/media?parent=2784"}],"wp:term":[{"taxonomy":"product_brand","embeddable":true,"href":"https:\/\/lichtundeisen.at\/en\/wp-json\/wp\/v2\/product_brand?post=2784"},{"taxonomy":"product_cat","embeddable":true,"href":"https:\/\/lichtundeisen.at\/en\/wp-json\/wp\/v2\/product_cat?post=2784"},{"taxonomy":"product_tag","embeddable":true,"href":"https:\/\/lichtundeisen.at\/en\/wp-json\/wp\/v2\/product_tag?post=2784"}],"curies":[{"name":"wp","href":"https:\/\/api.w.org\/{rel}","templated":true}]}}