{"id":2703,"date":"2024-12-21T13:07:19","date_gmt":"2024-12-21T12:07:19","guid":{"rendered":"https:\/\/lichtundeisen.at\/?post_type=product&#038;p=2703"},"modified":"2026-01-10T12:49:27","modified_gmt":"2026-01-10T11:49:27","slug":"wandleuchte-wl01","status":"publish","type":"product","link":"https:\/\/lichtundeisen.at\/en\/produkt\/wandleuchte-wl01","title":{"rendered":"Wandleuchte Krickerl"},"content":{"rendered":"<p data-start=\"0\" data-end=\"55\"><strong data-start=\"0\" data-end=\"55\">Krickerl auf Metallplatte \u2013 hinterleuchtetes Unikat<\/strong><\/p>\n<p data-start=\"57\" data-end=\"420\">Dieses au\u00dfergew\u00f6hnliche Wandobjekt verbindet rustikale Natur\u00e4sthetik mit moderner Lichtinszenierung. Ein echtes <strong data-start=\"169\" data-end=\"205\">Krickerl (Rehgeh\u00f6rn) mit Sch\u00e4del<\/strong> ist auf einer schlichten, dunklen Metallplatte montiert und von hinten stimmungsvoll <strong data-start=\"291\" data-end=\"309\">hinterleuchtet<\/strong>. Das indirekte Licht erzeugt einen warmen Halo-Effekt an der Wand und setzt das Objekt eindrucksvoll in Szene.<\/p>\n<p data-start=\"422\" data-end=\"705\">Jedes St\u00fcck ist ein <strong data-start=\"442\" data-end=\"452\">Unikat<\/strong> \u2013 Form, Gr\u00f6\u00dfe und Charakter des Krickerls variieren naturbedingt und machen jede Ausf\u00fchrung einzigartig. Ideal als Blickfang in Chalets, Jagdzimmern, Almh\u00fctten, modernen Landhaus-Interieurs oder als markantes Statement-Piece in zeitgen\u00f6ssischen R\u00e4umen.<\/p>\n<p data-start=\"707\" data-end=\"719\"><strong data-start=\"707\" data-end=\"719\">Details:<\/strong><\/p>\n<ul data-start=\"720\" data-end=\"998\">\n<li data-start=\"720\" data-end=\"765\">\n<p data-start=\"722\" data-end=\"765\">Original Krickerl (Rehgeh\u00f6rn mit Sch\u00e4del)<\/p>\n<\/li>\n<li data-start=\"766\" data-end=\"803\">\n<p data-start=\"768\" data-end=\"803\">Montage auf stabiler Metallplatte<\/p>\n<\/li>\n<li data-start=\"804\" data-end=\"859\">\n<p data-start=\"806\" data-end=\"859\">Indirekte Hinterleuchtung f\u00fcr stimmungsvolles Licht<\/p>\n<\/li>\n<li data-start=\"860\" data-end=\"896\">\n<p data-start=\"862\" data-end=\"896\">Material: Naturmaterial &amp; Metall<\/p>\n<\/li>\n<li data-start=\"897\" data-end=\"940\">\n<p data-start=\"899\" data-end=\"940\">Stil: Rustikal \/ Alpin \/ Modern Natural<\/p>\n<\/li>\n<li data-start=\"941\" data-end=\"973\">\n<p data-start=\"943\" data-end=\"973\">Einsatzbereich: Innenbereich<\/p>\n<\/li>\n<li data-start=\"974\" data-end=\"998\">\n<p data-start=\"976\" data-end=\"998\">Jedes St\u00fcck ein Unikat<\/p>\n<\/li>\n<\/ul>\n<p data-start=\"1000\" data-end=\"1118\" data-is-last-node=\"\" data-is-only-node=\"\">Ein besonderes Designobjekt f\u00fcr Liebhaber alpiner Wohnkultur, nat\u00fcrlicher Materialien und atmosph\u00e4rischer Beleuchtung.<\/p>\n<h5 data-start=\"1000\" data-end=\"1118\">25% auf lagernde St\u00fccke<\/h5>\n","protected":false},"excerpt":{"rendered":"<p>Krickerl auf Metallplatte \u2013 hinterleuchtetes Unikat Dieses au\u00dfergew\u00f6hnliche Wandobjekt verbindet rustikale Natur\u00e4sthetik mit moderner Lichtinszenierung. Ein echtes Krickerl (Rehgeh\u00f6rn) mit Sch\u00e4del ist auf einer schlichten, dunklen Metallplatte montiert und von hinten stimmungsvoll hinterleuchtet. Das indirekte Licht erzeugt einen warmen Halo-Effekt an der Wand und setzt das Objekt eindrucksvoll in Szene. [&hellip;]<\/p>\n","protected":false},"featured_media":2708,"template":"","meta":[],"product_brand":[121],"product_cat":[104,105,58,59],"product_tag":[],"class_list":{"0":"post-2703","1":"product","2":"type-product","3":"status-publish","4":"has-post-thumbnail","6":"product_brand-lichtundeisen","7":"product_cat-abverkauf","8":"product_cat-geweihleuchten","9":"product_cat-modern","10":"product_cat-wandleuchten","12":"first","13":"instock","14":"sale","15":"taxable","16":"shipping-taxable","17":"purchasable","18":"product-type-simple"},"jetpack_sharing_enabled":true,"_links":{"self":[{"href":"https:\/\/lichtundeisen.at\/en\/wp-json\/wp\/v2\/product\/2703","targetHints":{"allow":["GET"]}}],"collection":[{"href":"https:\/\/lichtundeisen.at\/en\/wp-json\/wp\/v2\/product"}],"about":[{"href":"https:\/\/lichtundeisen.at\/en\/wp-json\/wp\/v2\/types\/product"}],"wp:featuredmedia":[{"embeddable":true,"href":"https:\/\/lichtundeisen.at\/en\/wp-json\/wp\/v2\/media\/2708"}],"wp:attachment":[{"href":"https:\/\/lichtundeisen.at\/en\/wp-json\/wp\/v2\/media?parent=2703"}],"wp:term":[{"taxonomy":"product_brand","embeddable":true,"href":"https:\/\/lichtundeisen.at\/en\/wp-json\/wp\/v2\/product_brand?post=2703"},{"taxonomy":"product_cat","embeddable":true,"href":"https:\/\/lichtundeisen.at\/en\/wp-json\/wp\/v2\/product_cat?post=2703"},{"taxonomy":"product_tag","embeddable":true,"href":"https:\/\/lichtundeisen.at\/en\/wp-json\/wp\/v2\/product_tag?post=2703"}],"curies":[{"name":"wp","href":"https:\/\/api.w.org\/{rel}","templated":true}]}}