{"id":2008,"date":"2021-03-06T22:10:20","date_gmt":"2021-03-06T21:10:20","guid":{"rendered":"https:\/\/lichtundeisen.at\/?post_type=product&#038;p=2008"},"modified":"2026-01-19T13:39:31","modified_gmt":"2026-01-19T12:39:31","slug":"tischleuchte-10t30","status":"publish","type":"product","link":"https:\/\/lichtundeisen.at\/en\/produkt\/tischleuchte-10t30","title":{"rendered":"Tischleuchte 10t30"},"content":{"rendered":"<p>Klassische Tischleuchte mit Naturlederschirm<\/p>\n<p>Tischleuchte 462\u20ac<\/p>\n<p>Naturlederschirm 250\u20ac (Einzelst\u00fcck)<\/p>\n<p>individuelle Anfertigung von anderen Schirmen aus Stoff oder Papier m\u00f6glich<\/p>\n<p>Preis ohne Schirm<\/p>\n<h2>50% Rabatt auf lagernde St\u00fccke<\/h2>\n","protected":false},"excerpt":{"rendered":"<p>Klassische Tischleuchte mit Naturlederschirm Tischleuchte 462\u20ac Naturlederschirm 250\u20ac (Einzelst\u00fcck) individuelle Anfertigung von anderen Schirmen aus Stoff oder Papier m\u00f6glich Preis ohne Schirm 50% Rabatt auf lagernde St\u00fccke<\/p>\n","protected":false},"featured_media":2009,"template":"","meta":[],"product_brand":[120],"product_cat":[104,107,57,56],"product_tag":[],"class_list":{"0":"post-2008","1":"product","2":"type-product","3":"status-publish","4":"has-post-thumbnail","6":"product_brand-beleuchtungshaus-schmidt","7":"product_cat-abverkauf","8":"product_cat-abverkauf-50","9":"product_cat-klassisch","10":"product_cat-tischleuchten","12":"first","13":"instock","14":"sale","15":"taxable","16":"shipping-taxable","17":"purchasable","18":"product-type-simple"},"jetpack_sharing_enabled":true,"_links":{"self":[{"href":"https:\/\/lichtundeisen.at\/en\/wp-json\/wp\/v2\/product\/2008","targetHints":{"allow":["GET"]}}],"collection":[{"href":"https:\/\/lichtundeisen.at\/en\/wp-json\/wp\/v2\/product"}],"about":[{"href":"https:\/\/lichtundeisen.at\/en\/wp-json\/wp\/v2\/types\/product"}],"wp:featuredmedia":[{"embeddable":true,"href":"https:\/\/lichtundeisen.at\/en\/wp-json\/wp\/v2\/media\/2009"}],"wp:attachment":[{"href":"https:\/\/lichtundeisen.at\/en\/wp-json\/wp\/v2\/media?parent=2008"}],"wp:term":[{"taxonomy":"product_brand","embeddable":true,"href":"https:\/\/lichtundeisen.at\/en\/wp-json\/wp\/v2\/product_brand?post=2008"},{"taxonomy":"product_cat","embeddable":true,"href":"https:\/\/lichtundeisen.at\/en\/wp-json\/wp\/v2\/product_cat?post=2008"},{"taxonomy":"product_tag","embeddable":true,"href":"https:\/\/lichtundeisen.at\/en\/wp-json\/wp\/v2\/product_tag?post=2008"}],"curies":[{"name":"wp","href":"https:\/\/api.w.org\/{rel}","templated":true}]}}