{"id":1996,"date":"2021-03-06T21:43:58","date_gmt":"2021-03-06T20:43:58","guid":{"rendered":"https:\/\/lichtundeisen.at\/?post_type=product&#038;p=1996"},"modified":"2026-01-09T23:53:00","modified_gmt":"2026-01-09T22:53:00","slug":"deckenleuchte-21d","status":"publish","type":"product","link":"https:\/\/lichtundeisen.at\/en\/produkt\/deckenleuchte-21d","title":{"rendered":"Deckenleuchte 21"},"content":{"rendered":"<p data-start=\"25\" data-end=\"438\">Diese elegante <strong data-start=\"40\" data-end=\"77\">Deckenleuchte im klassischen Stil<\/strong> verbindet kunstvolles Design mit warmem, wohnlichem Licht. Der aufwendig gearbeitete Metallrahmen in dunkler Bronze-Optik ist mit dekorativen <strong data-start=\"220\" data-end=\"249\">Schwung- und Rankenformen<\/strong> versehen und wird durch goldfarbene Akzente stilvoll erg\u00e4nzt. Drei nach au\u00dfen gerichtete Lampenschirme aus hellem Stoff sorgen f\u00fcr eine <strong data-start=\"386\" data-end=\"426\">gleichm\u00e4\u00dfige, angenehme Ausleuchtung<\/strong> des Raumes.<\/p>\n<p data-start=\"440\" data-end=\"674\">Die Leuchte eignet sich ideal f\u00fcr <strong data-start=\"474\" data-end=\"509\">Wohnzimmer, Esszimmer oder Flur<\/strong> und setzt dort einen dekorativen Blickfang. Durch ihr zeitloses Design l\u00e4sst sie sich sowohl mit klassischen als auch mit rustikalen Einrichtungsstilen kombinieren.<\/p>\n<p data-start=\"676\" data-end=\"689\"><strong data-start=\"676\" data-end=\"689\">Merkmale:<\/strong><\/p>\n<ul data-start=\"690\" data-end=\"885\">\n<li data-start=\"690\" data-end=\"718\">\n<p data-start=\"692\" data-end=\"718\">3-flammige Deckenleuchte<\/p>\n<\/li>\n<li data-start=\"719\" data-end=\"763\">\n<p data-start=\"721\" data-end=\"763\">Hochwertiger Metallrahmen mit Ornamenten<\/p>\n<\/li>\n<li data-start=\"764\" data-end=\"815\">\n<p data-start=\"766\" data-end=\"815\">Folienschirme in hellem Farbton f\u00fcr warmes Licht<\/p>\n<\/li>\n<li data-start=\"816\" data-end=\"846\">\n<p data-start=\"818\" data-end=\"846\">Klassisch-elegantes Design<\/p>\n<\/li>\n<li data-start=\"847\" data-end=\"885\">\n<p data-start=\"849\" data-end=\"885\">Geeignet f\u00fcr Wohn- und Essbereiche<\/p>\n<\/li>\n<\/ul>\n<p data-start=\"887\" data-end=\"1003\" data-is-last-node=\"\" data-is-only-node=\"\">Diese Deckenlampe vereint Funktionalit\u00e4t und \u00c4sthetik und verleiht jedem Raum eine stilvolle, gem\u00fctliche Atmosph\u00e4re.<\/p>\n<h5>Deckenleuchte 606\u20ac<\/h5>\n<h5>Schirme je 40\u20ac<\/h5>\n<h4>50% Rabatt auf lagernde St\u00fccke<\/h4>\n","protected":false},"excerpt":{"rendered":"<p>Klassische 3-flammige Deckenleuchte aus verziertem Metall mit Folienschirmen, die warmes Licht und elegante Wohnatmosph\u00e4re schafft.<\/p>\n","protected":false},"featured_media":1997,"template":"","meta":[],"product_brand":[120],"product_cat":[104,107,63,57],"product_tag":[],"class_list":{"0":"post-1996","1":"product","2":"type-product","3":"status-publish","4":"has-post-thumbnail","6":"product_brand-beleuchtungshaus-schmidt","7":"product_cat-abverkauf","8":"product_cat-abverkauf-50","9":"product_cat-deckenleuchte","10":"product_cat-klassisch","12":"first","13":"instock","14":"sale","15":"taxable","16":"shipping-taxable","17":"purchasable","18":"product-type-simple"},"jetpack_sharing_enabled":true,"_links":{"self":[{"href":"https:\/\/lichtundeisen.at\/en\/wp-json\/wp\/v2\/product\/1996","targetHints":{"allow":["GET"]}}],"collection":[{"href":"https:\/\/lichtundeisen.at\/en\/wp-json\/wp\/v2\/product"}],"about":[{"href":"https:\/\/lichtundeisen.at\/en\/wp-json\/wp\/v2\/types\/product"}],"wp:featuredmedia":[{"embeddable":true,"href":"https:\/\/lichtundeisen.at\/en\/wp-json\/wp\/v2\/media\/1997"}],"wp:attachment":[{"href":"https:\/\/lichtundeisen.at\/en\/wp-json\/wp\/v2\/media?parent=1996"}],"wp:term":[{"taxonomy":"product_brand","embeddable":true,"href":"https:\/\/lichtundeisen.at\/en\/wp-json\/wp\/v2\/product_brand?post=1996"},{"taxonomy":"product_cat","embeddable":true,"href":"https:\/\/lichtundeisen.at\/en\/wp-json\/wp\/v2\/product_cat?post=1996"},{"taxonomy":"product_tag","embeddable":true,"href":"https:\/\/lichtundeisen.at\/en\/wp-json\/wp\/v2\/product_tag?post=1996"}],"curies":[{"name":"wp","href":"https:\/\/api.w.org\/{rel}","templated":true}]}}