{"id":1990,"date":"2021-03-06T21:31:57","date_gmt":"2021-03-06T20:31:57","guid":{"rendered":"https:\/\/lichtundeisen.at\/?post_type=product&#038;p=1990"},"modified":"2026-01-09T23:55:58","modified_gmt":"2026-01-09T22:55:58","slug":"laterne-96gw","status":"publish","type":"product","link":"https:\/\/lichtundeisen.at\/en\/produkt\/laterne-96gw","title":{"rendered":"Laterne 96gw"},"content":{"rendered":"<p data-start=\"25\" data-end=\"412\">Diese klassische Wandleuchte im Laternenstil verleiht jedem Raum oder Au\u00dfenbereich einen zeitlos-eleganten Charakter. Das Geh\u00e4use aus Metall in antik wirkender Oberfl\u00e4che ist mit klaren Glasfl\u00e4chen versehen und erinnert an traditionelle Wandlaternen. Die geschwungenen Details im oberen Bereich unterstreichen den nostalgischen Look und machen die Leuchte zu einem dekorativen Blickfang.<\/p>\n<p data-start=\"414\" data-end=\"667\">Im Inneren befinden sich zwei kerzenf\u00f6rmige Leuchtmittel, die f\u00fcr eine gleichm\u00e4\u00dfige und stimmungsvolle Lichtverteilung sorgen. Durch die transparenten Glasfl\u00e4chen wird das Licht optimal nach au\u00dfen abgegeben und schafft eine warme, einladende Atmosph\u00e4re.<\/p>\n<p data-start=\"669\" data-end=\"684\"><strong data-start=\"669\" data-end=\"684\">Highlights:<\/strong><\/p>\n<ul data-start=\"685\" data-end=\"984\">\n<li data-start=\"685\" data-end=\"741\">\n<p data-start=\"687\" data-end=\"741\">Klassisches Laternen-Design mit nostalgischem Charme<\/p>\n<\/li>\n<li data-start=\"742\" data-end=\"786\">\n<p data-start=\"744\" data-end=\"786\">Robustes Metallgeh\u00e4use mit antiker Optik<\/p>\n<\/li>\n<li data-start=\"787\" data-end=\"846\">\n<p data-start=\"789\" data-end=\"846\">Klare Glasfl\u00e4chen f\u00fcr eine gleichm\u00e4\u00dfige Lichtverteilung<\/p>\n<\/li>\n<li data-start=\"847\" data-end=\"905\">\n<p data-start=\"849\" data-end=\"905\">Zwei kerzenf\u00f6rmige Fassungen f\u00fcr stimmungsvolles Licht<\/p>\n<\/li>\n<li data-start=\"906\" data-end=\"984\">\n<p data-start=\"908\" data-end=\"984\">Ideal f\u00fcr Flur, Treppenhaus, Eingangsbereich oder \u00fcberdachte Au\u00dfenbereiche<\/p>\n<\/li>\n<\/ul>\n<p data-start=\"986\" data-end=\"1131\" data-is-last-node=\"\" data-is-only-node=\"\">Diese Wandleuchte ist die perfekte Wahl f\u00fcr Liebhaber klassischer Designs, die Wert auf stilvolle Beleuchtung und hochwertige Verarbeitung legen.<\/p>\n<p data-start=\"986\" data-end=\"1131\" data-is-last-node=\"\" data-is-only-node=\"\">50% auf lagernde St\u00fccke<\/p>\n","protected":false},"excerpt":{"rendered":"<p>Wandlaterne aus dunklem Metall mit Glasfl\u00e4chen und zwei kerzenf\u00f6rmigen Leuchtmitteln im klassischen Stil.<\/p>\n","protected":false},"featured_media":2036,"template":"","meta":[],"product_brand":[120],"product_cat":[107,57,62],"product_tag":[],"class_list":{"0":"post-1990","1":"product","2":"type-product","3":"status-publish","4":"has-post-thumbnail","6":"product_brand-beleuchtungshaus-schmidt","7":"product_cat-abverkauf-50","8":"product_cat-klassisch","9":"product_cat-laternen","11":"first","12":"instock","13":"sale","14":"taxable","15":"shipping-taxable","16":"purchasable","17":"product-type-simple"},"jetpack_sharing_enabled":true,"_links":{"self":[{"href":"https:\/\/lichtundeisen.at\/en\/wp-json\/wp\/v2\/product\/1990","targetHints":{"allow":["GET"]}}],"collection":[{"href":"https:\/\/lichtundeisen.at\/en\/wp-json\/wp\/v2\/product"}],"about":[{"href":"https:\/\/lichtundeisen.at\/en\/wp-json\/wp\/v2\/types\/product"}],"wp:featuredmedia":[{"embeddable":true,"href":"https:\/\/lichtundeisen.at\/en\/wp-json\/wp\/v2\/media\/2036"}],"wp:attachment":[{"href":"https:\/\/lichtundeisen.at\/en\/wp-json\/wp\/v2\/media?parent=1990"}],"wp:term":[{"taxonomy":"product_brand","embeddable":true,"href":"https:\/\/lichtundeisen.at\/en\/wp-json\/wp\/v2\/product_brand?post=1990"},{"taxonomy":"product_cat","embeddable":true,"href":"https:\/\/lichtundeisen.at\/en\/wp-json\/wp\/v2\/product_cat?post=1990"},{"taxonomy":"product_tag","embeddable":true,"href":"https:\/\/lichtundeisen.at\/en\/wp-json\/wp\/v2\/product_tag?post=1990"}],"curies":[{"name":"wp","href":"https:\/\/api.w.org\/{rel}","templated":true}]}}