{"id":1956,"date":"2021-03-06T19:56:21","date_gmt":"2021-03-06T18:56:21","guid":{"rendered":"https:\/\/lichtundeisen.at\/?post_type=product&#038;p=1956"},"modified":"2026-01-19T13:48:03","modified_gmt":"2026-01-19T12:48:03","slug":"tischleuchte-986t","status":"publish","type":"product","link":"https:\/\/lichtundeisen.at\/en\/produkt\/tischleuchte-986t","title":{"rendered":"Tischleuchte 986t"},"content":{"rendered":"<h3 data-start=\"180\" data-end=\"226\"><strong data-start=\"184\" data-end=\"226\">Unser Klassiker \u2013 die Vogerltischlampe<\/strong><\/h3>\n<p data-start=\"228\" data-end=\"294\">Ein St\u00fcck traditioneller Schmiedekunst f\u00fcr stilvolle Innenr\u00e4ume.<\/p>\n<p data-start=\"296\" data-end=\"444\"><strong data-start=\"296\" data-end=\"311\">Ausf\u00fchrung:<\/strong> Handgeschmiedet, <strong data-start=\"329\" data-end=\"363\">schwarz lackiert und patiniert<\/strong><br data-start=\"363\" data-end=\"366\" \/><strong data-start=\"366\" data-end=\"382\">Abmessungen:<\/strong> H\u00f6he ca. 30 cm, Fu\u00df \u00d8 ca. 12 cm (ohne Schirm)<\/p>\n<p data-start=\"296\" data-end=\"444\"><strong>Preis: 420\u20ac<\/strong><\/p>\n<p data-start=\"296\" data-end=\"444\"><strong data-start=\"431\" data-end=\"442\">Schirm:<\/strong><\/p>\n<ul data-start=\"445\" data-end=\"578\">\n<li data-start=\"445\" data-end=\"495\">\n<p data-start=\"447\" data-end=\"495\">Standard: <strong data-start=\"457\" data-end=\"475\">Kunsthautfolie<\/strong>, Preis: <strong data-start=\"484\" data-end=\"493\">120 \u20ac<\/strong><\/p>\n<\/li>\n<li data-start=\"496\" data-end=\"578\">\n<p data-start=\"498\" data-end=\"578\">Alternativ: Schirme aus <strong data-start=\"522\" data-end=\"558\">vielen verschiedenen Materialien<\/strong> nach Wahl m\u00f6glich<\/p>\n<\/li>\n<\/ul>\n<p data-start=\"580\" data-end=\"716\"><strong data-start=\"580\" data-end=\"599\">Besonderheiten:<\/strong><br data-start=\"599\" data-end=\"602\" \/>Jede Lampe ist ein handgefertigtes Unikat \u2013 elegant, robust und mit feinem Gesp\u00fcr f\u00fcr Form und Detail gefertigt.<\/p>\n<p><strong>Preis inkl Schirm 540\u20ac<\/strong><\/p>\n","protected":false},"excerpt":{"rendered":"<p>Unser Klassiker \u2013 die Vogerltischlampe Ein St\u00fcck traditioneller Schmiedekunst f\u00fcr stilvolle Innenr\u00e4ume. Ausf\u00fchrung: Handgeschmiedet, schwarz lackiert und patiniertAbmessungen: H\u00f6he ca. 30 cm, Fu\u00df \u00d8 ca. 12 cm (ohne Schirm) Preis: 420\u20ac Schirm: Standard: Kunsthautfolie, Preis: 120 \u20ac Alternativ: Schirme aus vielen verschiedenen Materialien nach Wahl m\u00f6glich Besonderheiten:Jede Lampe ist ein [&hellip;]<\/p>\n","protected":false},"featured_media":1957,"template":"","meta":[],"product_brand":[120],"product_cat":[57,56],"product_tag":[],"class_list":{"0":"post-1956","1":"product","2":"type-product","3":"status-publish","4":"has-post-thumbnail","6":"product_brand-beleuchtungshaus-schmidt","7":"product_cat-klassisch","8":"product_cat-tischleuchten","10":"first","11":"onbackorder","12":"taxable","13":"shipping-taxable","14":"purchasable","15":"product-type-simple"},"jetpack_sharing_enabled":true,"_links":{"self":[{"href":"https:\/\/lichtundeisen.at\/en\/wp-json\/wp\/v2\/product\/1956","targetHints":{"allow":["GET"]}}],"collection":[{"href":"https:\/\/lichtundeisen.at\/en\/wp-json\/wp\/v2\/product"}],"about":[{"href":"https:\/\/lichtundeisen.at\/en\/wp-json\/wp\/v2\/types\/product"}],"wp:featuredmedia":[{"embeddable":true,"href":"https:\/\/lichtundeisen.at\/en\/wp-json\/wp\/v2\/media\/1957"}],"wp:attachment":[{"href":"https:\/\/lichtundeisen.at\/en\/wp-json\/wp\/v2\/media?parent=1956"}],"wp:term":[{"taxonomy":"product_brand","embeddable":true,"href":"https:\/\/lichtundeisen.at\/en\/wp-json\/wp\/v2\/product_brand?post=1956"},{"taxonomy":"product_cat","embeddable":true,"href":"https:\/\/lichtundeisen.at\/en\/wp-json\/wp\/v2\/product_cat?post=1956"},{"taxonomy":"product_tag","embeddable":true,"href":"https:\/\/lichtundeisen.at\/en\/wp-json\/wp\/v2\/product_tag?post=1956"}],"curies":[{"name":"wp","href":"https:\/\/api.w.org\/{rel}","templated":true}]}}