{"id":1947,"date":"2021-03-06T10:53:42","date_gmt":"2021-03-06T09:53:42","guid":{"rendered":"https:\/\/lichtundeisen.at\/?post_type=product&#038;p=1947"},"modified":"2026-01-19T12:38:06","modified_gmt":"2026-01-19T11:38:06","slug":"wandleuchte-991w1m","status":"publish","type":"product","link":"https:\/\/lichtundeisen.at\/en\/produkt\/wandleuchte-991w1m","title":{"rendered":"Wandleuchte 991w1m"},"content":{"rendered":"<h3 data-start=\"90\" data-end=\"152\"><strong data-start=\"94\" data-end=\"150\">Handgeschmiedete Wandleuchte mit Blumen und Pflanzen<\/strong><\/h3>\n<p data-start=\"154\" data-end=\"296\">Ausdrucksstarke, handgeschmiedete Wandleuchte mit liebevoll gestalteten floralen Elementen \u2013 ein kunsthandwerkliches Unikat f\u00fcr Ihr Zuhause.<\/p>\n<p data-start=\"298\" data-end=\"432\"><strong data-start=\"298\" data-end=\"310\">Fassung:<\/strong> 1 \u00d7 E14<br data-start=\"318\" data-end=\"321\" \/><strong data-start=\"321\" data-end=\"336\">Oberfl\u00e4che:<\/strong> Braun lackiert und patiniert<br data-start=\"365\" data-end=\"368\" \/><strong data-start=\"368\" data-end=\"377\">Stil:<\/strong> Kunsthandwerklich \u00b7 Florale Gestaltung \u00b7 Einzigartig<\/p>\n<p data-start=\"298\" data-end=\"432\"><strong data-start=\"475\" data-end=\"519\">25 % Rabatt auf lagernde St\u00fccke!<\/strong><\/p>\n","protected":false},"excerpt":{"rendered":"<p>Handgeschmiedete Wandleuchte mit Blumen und Pflanzen Ausdrucksstarke, handgeschmiedete Wandleuchte mit liebevoll gestalteten floralen Elementen \u2013 ein kunsthandwerkliches Unikat f\u00fcr Ihr Zuhause. Fassung: 1 \u00d7 E14Oberfl\u00e4che: Braun lackiert und patiniertStil: Kunsthandwerklich \u00b7 Florale Gestaltung \u00b7 Einzigartig 25 % Rabatt auf lagernde St\u00fccke!<\/p>\n","protected":false},"featured_media":1950,"template":"","meta":[],"product_brand":[120],"product_cat":[104,57,59],"product_tag":[],"class_list":{"0":"post-1947","1":"product","2":"type-product","3":"status-publish","4":"has-post-thumbnail","6":"product_brand-beleuchtungshaus-schmidt","7":"product_cat-abverkauf","8":"product_cat-klassisch","9":"product_cat-wandleuchten","11":"first","12":"instock","13":"sale","14":"taxable","15":"shipping-taxable","16":"purchasable","17":"product-type-simple"},"jetpack_sharing_enabled":true,"_links":{"self":[{"href":"https:\/\/lichtundeisen.at\/en\/wp-json\/wp\/v2\/product\/1947","targetHints":{"allow":["GET"]}}],"collection":[{"href":"https:\/\/lichtundeisen.at\/en\/wp-json\/wp\/v2\/product"}],"about":[{"href":"https:\/\/lichtundeisen.at\/en\/wp-json\/wp\/v2\/types\/product"}],"wp:featuredmedia":[{"embeddable":true,"href":"https:\/\/lichtundeisen.at\/en\/wp-json\/wp\/v2\/media\/1950"}],"wp:attachment":[{"href":"https:\/\/lichtundeisen.at\/en\/wp-json\/wp\/v2\/media?parent=1947"}],"wp:term":[{"taxonomy":"product_brand","embeddable":true,"href":"https:\/\/lichtundeisen.at\/en\/wp-json\/wp\/v2\/product_brand?post=1947"},{"taxonomy":"product_cat","embeddable":true,"href":"https:\/\/lichtundeisen.at\/en\/wp-json\/wp\/v2\/product_cat?post=1947"},{"taxonomy":"product_tag","embeddable":true,"href":"https:\/\/lichtundeisen.at\/en\/wp-json\/wp\/v2\/product_tag?post=1947"}],"curies":[{"name":"wp","href":"https:\/\/api.w.org\/{rel}","templated":true}]}}