{"id":1945,"date":"2021-03-05T18:48:27","date_gmt":"2021-03-05T17:48:27","guid":{"rendered":"https:\/\/lichtundeisen.at\/?post_type=product&#038;p=1945"},"modified":"2026-01-19T12:37:52","modified_gmt":"2026-01-19T11:37:52","slug":"hangeleuchte-966h655h","status":"publish","type":"product","link":"https:\/\/lichtundeisen.at\/en\/produkt\/hangeleuchte-966h655h","title":{"rendered":"H\u00e4ngeleuchte 996h655h"},"content":{"rendered":"<p data-start=\"149\" data-end=\"356\"><strong data-start=\"149\" data-end=\"191\">Luster mit Fr\u00fcchten und Bl\u00e4ttermotiven<\/strong><br data-start=\"191\" data-end=\"194\" \/>Handgeschmiedeter Luster mit dekorativen Fr\u00fcchte- und Bl\u00e4ttermotiven.<br data-start=\"263\" data-end=\"266\" \/>Ausgestattet mit sechs E14-Fassungen sowie einem zus\u00e4tzlichen Spot zur Tischbeleuchtung.<\/p>\n<p data-start=\"358\" data-end=\"485\">Oberfl\u00e4che: braun lackiert und patiniert<br data-start=\"398\" data-end=\"401\" \/>Durchmesser: ca. 66 cm<br data-start=\"423\" data-end=\"426\" \/>H\u00f6he: ca. 55 cm (zzgl. Abh\u00e4ngung mit Kette und Baldachin<\/p>\n<p data-start=\"358\" data-end=\"485\">25% auf lagernde St\u00fccke<\/p>\n","protected":false},"excerpt":{"rendered":"<p>Luster mit Fr\u00fcchten und Bl\u00e4ttermotivenHandgeschmiedeter Luster mit dekorativen Fr\u00fcchte- und Bl\u00e4ttermotiven.Ausgestattet mit sechs E14-Fassungen sowie einem zus\u00e4tzlichen Spot zur Tischbeleuchtung. Oberfl\u00e4che: braun lackiert und patiniertDurchmesser: ca. 66 cmH\u00f6he: ca. 55 cm (zzgl. Abh\u00e4ngung mit Kette und Baldachin 25% auf lagernde St\u00fccke<\/p>\n","protected":false},"featured_media":1946,"template":"","meta":[],"product_brand":[120],"product_cat":[104,54,57,119],"product_tag":[],"class_list":{"0":"post-1945","1":"product","2":"type-product","3":"status-publish","4":"has-post-thumbnail","6":"product_brand-beleuchtungshaus-schmidt","7":"product_cat-abverkauf","8":"product_cat-hangeleuchten","9":"product_cat-klassisch","10":"product_cat-luster","11":"product_shipping_class-sperrgut","13":"first","14":"instock","15":"sale","16":"taxable","17":"shipping-taxable","18":"purchasable","19":"product-type-simple"},"jetpack_sharing_enabled":true,"_links":{"self":[{"href":"https:\/\/lichtundeisen.at\/en\/wp-json\/wp\/v2\/product\/1945","targetHints":{"allow":["GET"]}}],"collection":[{"href":"https:\/\/lichtundeisen.at\/en\/wp-json\/wp\/v2\/product"}],"about":[{"href":"https:\/\/lichtundeisen.at\/en\/wp-json\/wp\/v2\/types\/product"}],"wp:featuredmedia":[{"embeddable":true,"href":"https:\/\/lichtundeisen.at\/en\/wp-json\/wp\/v2\/media\/1946"}],"wp:attachment":[{"href":"https:\/\/lichtundeisen.at\/en\/wp-json\/wp\/v2\/media?parent=1945"}],"wp:term":[{"taxonomy":"product_brand","embeddable":true,"href":"https:\/\/lichtundeisen.at\/en\/wp-json\/wp\/v2\/product_brand?post=1945"},{"taxonomy":"product_cat","embeddable":true,"href":"https:\/\/lichtundeisen.at\/en\/wp-json\/wp\/v2\/product_cat?post=1945"},{"taxonomy":"product_tag","embeddable":true,"href":"https:\/\/lichtundeisen.at\/en\/wp-json\/wp\/v2\/product_tag?post=1945"}],"curies":[{"name":"wp","href":"https:\/\/api.w.org\/{rel}","templated":true}]}}