{"id":1938,"date":"2021-03-05T15:53:07","date_gmt":"2021-03-05T14:53:07","guid":{"rendered":"https:\/\/lichtundeisen.at\/?post_type=product&#038;p=1938"},"modified":"2026-03-17T10:10:54","modified_gmt":"2026-03-17T09:10:54","slug":"wandleuchte-1032w27a","status":"publish","type":"product","link":"https:\/\/lichtundeisen.at\/en\/produkt\/wandleuchte-1032w27a","title":{"rendered":"Wandleuchte 1032w27a"},"content":{"rendered":"<h3 data-start=\"112\" data-end=\"147\"><strong data-start=\"116\" data-end=\"145\">Wandleuchte mit Wildschwein<\/strong><\/h3>\n<p data-start=\"149\" data-end=\"253\">Handgeschmiedete Wandleuchte mit rustikalem Charakter \u2013 liebevoll gestaltet und individuell patiniert.<\/p>\n<p data-start=\"255\" data-end=\"447\"><strong data-start=\"255\" data-end=\"270\">Ausf\u00fchrung:<\/strong> Handgeschmiedet, <strong data-start=\"288\" data-end=\"307\">braun patiniert<\/strong><br data-start=\"307\" data-end=\"310\" \/><strong data-start=\"310\" data-end=\"322\">Fassung:<\/strong> 1 \u00d7 E14<br data-start=\"330\" data-end=\"333\" \/><strong data-start=\"333\" data-end=\"350\">Besonderheit:<\/strong> Auch mit anderen Tiermotiven erh\u00e4ltlich<br data-start=\"390\" data-end=\"393\" \/><strong data-start=\"393\" data-end=\"402\">Stil:<\/strong> Kunsthandwerklich \u00b7 Rustikal \u00b7 Einzigartig<\/p>\n<p data-start=\"255\" data-end=\"447\"><strong data-start=\"490\" data-end=\"534\">25 % Rabatt auf lagernde St\u00fccke!<\/strong><\/p>\n","protected":false},"excerpt":{"rendered":"<p>Wandleuchte mit Wildschwein Handgeschmiedete Wandleuchte mit rustikalem Charakter \u2013 liebevoll gestaltet und individuell patiniert. Ausf\u00fchrung: Handgeschmiedet, braun patiniertFassung: 1 \u00d7 E14Besonderheit: Auch mit anderen Tiermotiven erh\u00e4ltlichStil: Kunsthandwerklich \u00b7 Rustikal \u00b7 Einzigartig 25 % Rabatt auf lagernde St\u00fccke!<\/p>\n","protected":false},"featured_media":3965,"template":"","meta":[],"product_brand":[120],"product_cat":[57,59],"product_tag":[],"class_list":{"0":"post-1938","1":"product","2":"type-product","3":"status-publish","4":"has-post-thumbnail","6":"product_brand-beleuchtungshaus-schmidt","7":"product_cat-klassisch","8":"product_cat-wandleuchten","10":"first","11":"onbackorder","12":"taxable","13":"shipping-taxable","14":"purchasable","15":"product-type-simple"},"jetpack_sharing_enabled":true,"_links":{"self":[{"href":"https:\/\/lichtundeisen.at\/en\/wp-json\/wp\/v2\/product\/1938","targetHints":{"allow":["GET"]}}],"collection":[{"href":"https:\/\/lichtundeisen.at\/en\/wp-json\/wp\/v2\/product"}],"about":[{"href":"https:\/\/lichtundeisen.at\/en\/wp-json\/wp\/v2\/types\/product"}],"wp:featuredmedia":[{"embeddable":true,"href":"https:\/\/lichtundeisen.at\/en\/wp-json\/wp\/v2\/media\/3965"}],"wp:attachment":[{"href":"https:\/\/lichtundeisen.at\/en\/wp-json\/wp\/v2\/media?parent=1938"}],"wp:term":[{"taxonomy":"product_brand","embeddable":true,"href":"https:\/\/lichtundeisen.at\/en\/wp-json\/wp\/v2\/product_brand?post=1938"},{"taxonomy":"product_cat","embeddable":true,"href":"https:\/\/lichtundeisen.at\/en\/wp-json\/wp\/v2\/product_cat?post=1938"},{"taxonomy":"product_tag","embeddable":true,"href":"https:\/\/lichtundeisen.at\/en\/wp-json\/wp\/v2\/product_tag?post=1938"}],"curies":[{"name":"wp","href":"https:\/\/api.w.org\/{rel}","templated":true}]}}