{"id":1936,"date":"2021-03-05T15:48:54","date_gmt":"2021-03-05T14:48:54","guid":{"rendered":"https:\/\/lichtundeisen.at\/?post_type=product&#038;p=1936"},"modified":"2026-01-10T00:06:49","modified_gmt":"2026-01-09T23:06:49","slug":"hangeleuchte-1032h269","status":"publish","type":"product","link":"https:\/\/lichtundeisen.at\/en\/produkt\/hangeleuchte-1032h269","title":{"rendered":"H\u00e4ngeleuchte 1032h269"},"content":{"rendered":"<h3 data-start=\"134\" data-end=\"165\"><strong data-start=\"138\" data-end=\"165\">H\u00e4ngeleuchte mit Tieren<\/strong><\/h3>\n<p data-start=\"167\" data-end=\"306\">Ein handgeschmiedeter Luster mit liebevoll gestalteten Tiermotiven \u2013 jedes St\u00fcck ein charaktervolles Unikat traditioneller Schmiedekunst.<\/p>\n<p data-start=\"308\" data-end=\"571\"><strong data-start=\"308\" data-end=\"323\">Ausf\u00fchrung:<\/strong> Handgeschmiedet<br data-start=\"339\" data-end=\"342\" \/><strong data-start=\"342\" data-end=\"356\">Fassungen:<\/strong> 3 \u00d7 E14<br data-start=\"364\" data-end=\"367\" \/><strong data-start=\"367\" data-end=\"383\">Durchmesser:<\/strong> ca. 30 cm<br data-start=\"393\" data-end=\"396\" \/><strong data-start=\"396\" data-end=\"405\">H\u00f6he:<\/strong> ca. 40 cm (zzgl. Abh\u00e4ngung und Baldachin)<br data-start=\"447\" data-end=\"450\" data-is-only-node=\"\" \/><strong data-start=\"450\" data-end=\"465\">Oberfl\u00e4che:<\/strong> Schmiedeeisen, wahlweise patiniert oder lackiert<br data-start=\"514\" data-end=\"517\" \/><strong data-start=\"517\" data-end=\"526\">Stil:<\/strong> Rustikal \u00b7 Kunsthandwerklich \u00b7 Einzigartig<\/p>\n<p data-start=\"573\" data-end=\"637\">Preis f\u00fcr lagernde St\u00fccke: <strong>714 \u20ac<\/strong><\/p>\n<p data-start=\"573\" data-end=\"637\"><br data-start=\"589\" data-end=\"592\" \/>\u2728 <strong data-start=\"594\" data-end=\"637\">Jetzt -25 % Rabatt auf lagernde St\u00fccke!<\/strong><\/p>\n","protected":false},"excerpt":{"rendered":"<p>H\u00e4ngeleuchte mit Tieren Ein handgeschmiedeter Luster mit liebevoll gestalteten Tiermotiven \u2013 jedes St\u00fcck ein charaktervolles Unikat traditioneller Schmiedekunst. Ausf\u00fchrung: HandgeschmiedetFassungen: 3 \u00d7 E14Durchmesser: ca. 30 cmH\u00f6he: ca. 40 cm (zzgl. Abh\u00e4ngung und Baldachin)Oberfl\u00e4che: Schmiedeeisen, wahlweise patiniert oder lackiertStil: Rustikal \u00b7 Kunsthandwerklich \u00b7 Einzigartig Preis f\u00fcr lagernde St\u00fccke: 714 \u20ac \u2728 [&hellip;]<\/p>\n","protected":false},"featured_media":3955,"template":"","meta":[],"product_brand":[],"product_cat":[104,54,57,119],"product_tag":[],"class_list":{"0":"post-1936","1":"product","2":"type-product","3":"status-publish","4":"has-post-thumbnail","6":"product_cat-abverkauf","7":"product_cat-hangeleuchten","8":"product_cat-klassisch","9":"product_cat-luster","11":"first","12":"instock","13":"sale","14":"taxable","15":"shipping-taxable","16":"purchasable","17":"product-type-simple"},"jetpack_sharing_enabled":true,"_links":{"self":[{"href":"https:\/\/lichtundeisen.at\/en\/wp-json\/wp\/v2\/product\/1936","targetHints":{"allow":["GET"]}}],"collection":[{"href":"https:\/\/lichtundeisen.at\/en\/wp-json\/wp\/v2\/product"}],"about":[{"href":"https:\/\/lichtundeisen.at\/en\/wp-json\/wp\/v2\/types\/product"}],"wp:featuredmedia":[{"embeddable":true,"href":"https:\/\/lichtundeisen.at\/en\/wp-json\/wp\/v2\/media\/3955"}],"wp:attachment":[{"href":"https:\/\/lichtundeisen.at\/en\/wp-json\/wp\/v2\/media?parent=1936"}],"wp:term":[{"taxonomy":"product_brand","embeddable":true,"href":"https:\/\/lichtundeisen.at\/en\/wp-json\/wp\/v2\/product_brand?post=1936"},{"taxonomy":"product_cat","embeddable":true,"href":"https:\/\/lichtundeisen.at\/en\/wp-json\/wp\/v2\/product_cat?post=1936"},{"taxonomy":"product_tag","embeddable":true,"href":"https:\/\/lichtundeisen.at\/en\/wp-json\/wp\/v2\/product_tag?post=1936"}],"curies":[{"name":"wp","href":"https:\/\/api.w.org\/{rel}","templated":true}]}}