{"id":1932,"date":"2021-03-04T09:52:58","date_gmt":"2021-03-04T08:52:58","guid":{"rendered":"https:\/\/lichtundeisen.at\/?post_type=product&#038;p=1932"},"modified":"2026-01-19T12:35:09","modified_gmt":"2026-01-19T11:35:09","slug":"hangeleuchte-1032h28h","status":"publish","type":"product","link":"https:\/\/lichtundeisen.at\/en\/produkt\/hangeleuchte-1032h28h","title":{"rendered":"H\u00e4ngeleuchte 1032h28h"},"content":{"rendered":"<p data-start=\"77\" data-end=\"213\"><strong data-start=\"77\" data-end=\"110\">Ovaler Luster mit 8 Fassungen und 2 Spots<\/strong><br data-start=\"110\" data-end=\"113\" \/>Handgeschmiedeter, ovaler Luster mit acht E27-Fassungen.<br data-start=\"169\" data-end=\"172\" \/>Oberfl\u00e4che: schwarz lackiert mit Patina<\/p>\n<p data-start=\"215\" data-end=\"293\">Ma\u00dfe: 100 cm breit \u00d7 66 cm tief \u00d7 61 cm hoch (zzgl. Abh\u00e4ngung und Baldachin)<\/p>\n","protected":false},"excerpt":{"rendered":"<p>Ovaler Luster mit 8 Fassungen und 2 SpotsHandgeschmiedeter, ovaler Luster mit acht E27-Fassungen.Oberfl\u00e4che: schwarz lackiert mit Patina Ma\u00dfe: 100 cm breit \u00d7 66 cm tief \u00d7 61 cm hoch (zzgl. Abh\u00e4ngung und Baldachin)<\/p>\n","protected":false},"featured_media":1935,"template":"","meta":[],"product_brand":[],"product_cat":[54,57,119],"product_tag":[],"class_list":{"0":"post-1932","1":"product","2":"type-product","3":"status-publish","4":"has-post-thumbnail","6":"product_cat-hangeleuchten","7":"product_cat-klassisch","8":"product_cat-luster","9":"product_shipping_class-sperrgut","11":"first","12":"onbackorder","13":"taxable","14":"shipping-taxable","15":"purchasable","16":"product-type-simple"},"jetpack_sharing_enabled":true,"_links":{"self":[{"href":"https:\/\/lichtundeisen.at\/en\/wp-json\/wp\/v2\/product\/1932","targetHints":{"allow":["GET"]}}],"collection":[{"href":"https:\/\/lichtundeisen.at\/en\/wp-json\/wp\/v2\/product"}],"about":[{"href":"https:\/\/lichtundeisen.at\/en\/wp-json\/wp\/v2\/types\/product"}],"wp:featuredmedia":[{"embeddable":true,"href":"https:\/\/lichtundeisen.at\/en\/wp-json\/wp\/v2\/media\/1935"}],"wp:attachment":[{"href":"https:\/\/lichtundeisen.at\/en\/wp-json\/wp\/v2\/media?parent=1932"}],"wp:term":[{"taxonomy":"product_brand","embeddable":true,"href":"https:\/\/lichtundeisen.at\/en\/wp-json\/wp\/v2\/product_brand?post=1932"},{"taxonomy":"product_cat","embeddable":true,"href":"https:\/\/lichtundeisen.at\/en\/wp-json\/wp\/v2\/product_cat?post=1932"},{"taxonomy":"product_tag","embeddable":true,"href":"https:\/\/lichtundeisen.at\/en\/wp-json\/wp\/v2\/product_tag?post=1932"}],"curies":[{"name":"wp","href":"https:\/\/api.w.org\/{rel}","templated":true}]}}