{"id":1930,"date":"2021-03-04T09:41:31","date_gmt":"2021-03-04T08:41:31","guid":{"rendered":"https:\/\/lichtundeisen.at\/?post_type=product&#038;p=1930"},"modified":"2026-01-19T12:34:49","modified_gmt":"2026-01-19T11:34:49","slug":"hangeleuchte-1032h270","status":"publish","type":"product","link":"https:\/\/lichtundeisen.at\/en\/produkt\/hangeleuchte-1032h270","title":{"rendered":"H\u00e4ngeleuchte 1032h270"},"content":{"rendered":"<p data-start=\"171\" data-end=\"307\"><strong data-start=\"171\" data-end=\"198\">H\u00e4ngeleuchte mit Tieren<\/strong><br data-start=\"198\" data-end=\"201\" \/>Handgeschmiedeter Luster mit vier Fassungen und einem zus\u00e4tzlichen Spot nach unten zur Tischbeleuchtung.<\/p>\n<p data-start=\"309\" data-end=\"381\">Durchmesser: ca. 60 cm<br data-start=\"331\" data-end=\"334\" \/>H\u00f6he: ca. 50 cm (zzgl. Abh\u00e4ngung \/ Baldachin)<\/p>\n<p data-start=\"309\" data-end=\"381\">Richtpreis 1620\u20ac &#8211; Bitte Angebot anfordern<\/p>\n<p>&nbsp;<\/p>\n<p>&nbsp;<\/p>\n","protected":false},"excerpt":{"rendered":"<p>H\u00e4ngeleuchte mit TierenHandgeschmiedeter Luster mit vier Fassungen und einem zus\u00e4tzlichen Spot nach unten zur Tischbeleuchtung. Durchmesser: ca. 60 cmH\u00f6he: ca. 50 cm (zzgl. Abh\u00e4ngung \/ Baldachin) Richtpreis 1620\u20ac &#8211; Bitte Angebot anfordern &nbsp; &nbsp;<\/p>\n","protected":false},"featured_media":1934,"template":"","meta":[],"product_brand":[],"product_cat":[54,57],"product_tag":[],"class_list":{"0":"post-1930","1":"product","2":"type-product","3":"status-publish","4":"has-post-thumbnail","6":"product_cat-hangeleuchten","7":"product_cat-klassisch","9":"first","10":"onbackorder","11":"taxable","12":"shipping-taxable","13":"purchasable","14":"product-type-simple"},"jetpack_sharing_enabled":true,"_links":{"self":[{"href":"https:\/\/lichtundeisen.at\/en\/wp-json\/wp\/v2\/product\/1930","targetHints":{"allow":["GET"]}}],"collection":[{"href":"https:\/\/lichtundeisen.at\/en\/wp-json\/wp\/v2\/product"}],"about":[{"href":"https:\/\/lichtundeisen.at\/en\/wp-json\/wp\/v2\/types\/product"}],"wp:featuredmedia":[{"embeddable":true,"href":"https:\/\/lichtundeisen.at\/en\/wp-json\/wp\/v2\/media\/1934"}],"wp:attachment":[{"href":"https:\/\/lichtundeisen.at\/en\/wp-json\/wp\/v2\/media?parent=1930"}],"wp:term":[{"taxonomy":"product_brand","embeddable":true,"href":"https:\/\/lichtundeisen.at\/en\/wp-json\/wp\/v2\/product_brand?post=1930"},{"taxonomy":"product_cat","embeddable":true,"href":"https:\/\/lichtundeisen.at\/en\/wp-json\/wp\/v2\/product_cat?post=1930"},{"taxonomy":"product_tag","embeddable":true,"href":"https:\/\/lichtundeisen.at\/en\/wp-json\/wp\/v2\/product_tag?post=1930"}],"curies":[{"name":"wp","href":"https:\/\/api.w.org\/{rel}","templated":true}]}}