{"id":1928,"date":"2021-03-04T09:35:26","date_gmt":"2021-03-04T08:35:26","guid":{"rendered":"https:\/\/lichtundeisen.at\/?post_type=product&#038;p=1928"},"modified":"2026-01-19T12:34:18","modified_gmt":"2026-01-19T11:34:18","slug":"hangeleuchte-1032h16h","status":"publish","type":"product","link":"https:\/\/lichtundeisen.at\/en\/produkt\/hangeleuchte-1032h16h","title":{"rendered":"H\u00e4ngeleuchte 1032h26h"},"content":{"rendered":"<p data-start=\"0\" data-end=\"56\"><strong data-start=\"0\" data-end=\"56\">Rustikale Schmiedeeisen-H\u00e4ngeleuchte mit Jagdmotiven<\/strong><\/p>\n<p data-start=\"58\" data-end=\"404\">Diese handgefertigte H\u00e4ngeleuchte aus robustem Schmiedeeisen vereint traditionelles Handwerk mit charakterstarkem Design. Rund um den Leuchtenkranz sind detailreiche Tier- und Jagdmotive aus Metall angebracht \u2013 darunter Wildtiere wie ein Hirsch, ein Wildschwein und weitere Figuren, die der Leuchte eine besondere, erz\u00e4hlerische Note verleihen.<\/p>\n<p data-start=\"406\" data-end=\"668\">Sechs kerzenf\u00f6rmige Leuchtarme mit warmwei\u00dfen LED-Lampen sorgen f\u00fcr eine behagliche, atmosph\u00e4rische Beleuchtung und unterstreichen den klassischen Charakter des Designs. Die kr\u00e4ftige Kettenabh\u00e4ngung verleiht der Leuchte Stabilit\u00e4t und betont den rustikalen Stil.<\/p>\n<p data-start=\"670\" data-end=\"695\"><strong data-start=\"670\" data-end=\"693\">Besondere Merkmale:<\/strong><\/p>\n<ul data-start=\"696\" data-end=\"998\">\n<li data-start=\"696\" data-end=\"741\">\n<p data-start=\"698\" data-end=\"741\">Handgefertigte Schmiedeeisen-Konstruktion<\/p>\n<\/li>\n<li data-start=\"742\" data-end=\"804\">\n<p data-start=\"744\" data-end=\"804\">Dekorative Tier- und Jagdmotive als umlaufende Silhouetten<\/p>\n<\/li>\n<li data-start=\"805\" data-end=\"870\">\n<p data-start=\"807\" data-end=\"870\">Sechs kerzenartige Lichtquellen f\u00fcr warmes, gem\u00fctliches Licht<\/p>\n<\/li>\n<li data-start=\"871\" data-end=\"916\">\n<p data-start=\"873\" data-end=\"916\">Robuste Kettenabh\u00e4ngung f\u00fcr sicheren Halt<\/p>\n<\/li>\n<li data-start=\"917\" data-end=\"998\">\n<p data-start=\"919\" data-end=\"998\">Ideal f\u00fcr Jagdh\u00e4user, Chalets, Almh\u00fctten, Landh\u00e4user oder rustikale Wohnr\u00e4ume<\/p>\n<\/li>\n<\/ul>\n<p data-start=\"1000\" data-end=\"1085\" data-is-last-node=\"\" data-is-only-node=\"\">Eine ausdrucksstarke Leuchte, die jedem Raum Charakter, Tradition und W\u00e4rme verleiht.<\/p>\n","protected":false},"excerpt":{"rendered":"<p>Rustikale Schmiedeeisen-H\u00e4ngeleuchte mit Jagdmotiven Diese handgefertigte H\u00e4ngeleuchte aus robustem Schmiedeeisen vereint traditionelles Handwerk mit charakterstarkem Design. Rund um den Leuchtenkranz sind detailreiche Tier- und Jagdmotive aus Metall angebracht \u2013 darunter Wildtiere wie ein Hirsch, ein Wildschwein und weitere Figuren, die der Leuchte eine besondere, erz\u00e4hlerische Note verleihen. Sechs kerzenf\u00f6rmige Leuchtarme [&hellip;]<\/p>\n","protected":false},"featured_media":1929,"template":"","meta":[],"product_brand":[],"product_cat":[54,57,119],"product_tag":[],"class_list":{"0":"post-1928","1":"product","2":"type-product","3":"status-publish","4":"has-post-thumbnail","6":"product_cat-hangeleuchten","7":"product_cat-klassisch","8":"product_cat-luster","9":"product_shipping_class-sperrgut","11":"first","12":"onbackorder","13":"taxable","14":"shipping-taxable","15":"purchasable","16":"product-type-simple"},"jetpack_sharing_enabled":true,"_links":{"self":[{"href":"https:\/\/lichtundeisen.at\/en\/wp-json\/wp\/v2\/product\/1928","targetHints":{"allow":["GET"]}}],"collection":[{"href":"https:\/\/lichtundeisen.at\/en\/wp-json\/wp\/v2\/product"}],"about":[{"href":"https:\/\/lichtundeisen.at\/en\/wp-json\/wp\/v2\/types\/product"}],"wp:featuredmedia":[{"embeddable":true,"href":"https:\/\/lichtundeisen.at\/en\/wp-json\/wp\/v2\/media\/1929"}],"wp:attachment":[{"href":"https:\/\/lichtundeisen.at\/en\/wp-json\/wp\/v2\/media?parent=1928"}],"wp:term":[{"taxonomy":"product_brand","embeddable":true,"href":"https:\/\/lichtundeisen.at\/en\/wp-json\/wp\/v2\/product_brand?post=1928"},{"taxonomy":"product_cat","embeddable":true,"href":"https:\/\/lichtundeisen.at\/en\/wp-json\/wp\/v2\/product_cat?post=1928"},{"taxonomy":"product_tag","embeddable":true,"href":"https:\/\/lichtundeisen.at\/en\/wp-json\/wp\/v2\/product_tag?post=1928"}],"curies":[{"name":"wp","href":"https:\/\/api.w.org\/{rel}","templated":true}]}}