{"id":1919,"date":"2021-03-01T20:53:53","date_gmt":"2021-03-01T19:53:53","guid":{"rendered":"https:\/\/lichtundeisen.at\/?post_type=product&#038;p=1919"},"modified":"2026-01-19T11:26:08","modified_gmt":"2026-01-19T10:26:08","slug":"tisch-01","status":"publish","type":"product","link":"https:\/\/lichtundeisen.at\/en\/produkt\/tisch-01","title":{"rendered":"Tisch Nr.1"},"content":{"rendered":"<p data-start=\"0\" data-end=\"56\"><strong data-start=\"0\" data-end=\"56\">Tisch mit Ahorn-Wurmholzplatte<\/strong><\/p>\n<p data-start=\"58\" data-end=\"501\">Dieser exklusive Tisch vereint nat\u00fcrliche Eleganz mit markantem Industrial-Design. Die massive Tischplatte aus Ahorn-Wurmholz besticht durch ihre einzigartige Struktur: charakteristische Wurmspuren, nat\u00fcrliche Verf\u00e4rbungen und individuelle Maserungen machen jedes St\u00fcck zu einem unverwechselbaren Unikat. Die helle Holzfarbe sorgt f\u00fcr eine freundliche, warme Ausstrahlung und bringt die Nat\u00fcrlichkeit des Materials besonders sch\u00f6n zur Geltung.<\/p>\n<p data-start=\"503\" data-end=\"778\">Getragen wird die massive Holzplatte von filigranen, gitterf\u00f6rmigen Metallbeinen, die einen spannenden Kontrast zur kraftvollen Platte bilden. Die Kombination aus massivem Naturholz und schlankem Metall verleiht dem Tisch Stabilit\u00e4t bei gleichzeitig leichter, moderner Optik.<\/p>\n<p data-start=\"780\" data-end=\"795\"><strong data-start=\"780\" data-end=\"795\">Highlights:<\/strong><\/p>\n<ul data-start=\"796\" data-end=\"1060\">\n<li data-start=\"796\" data-end=\"855\">\n<p data-start=\"798\" data-end=\"855\">Massive Ahorn-Wurmholzplatte mit einzigartiger Struktur<\/p>\n<\/li>\n<li data-start=\"856\" data-end=\"902\">\n<p data-start=\"858\" data-end=\"902\">Jede Tischplatte ein handverlesenes Unikat<\/p>\n<\/li>\n<li data-start=\"903\" data-end=\"956\">\n<p data-start=\"905\" data-end=\"956\">Stabile, filigrane Metallbeine im Industrial-Stil<\/p>\n<\/li>\n<li data-start=\"957\" data-end=\"1003\">\n<p data-start=\"959\" data-end=\"1003\">Zeitloses Design mit nat\u00fcrlichem Charakter<\/p>\n<\/li>\n<li data-start=\"1004\" data-end=\"1060\">\n<p data-start=\"1006\" data-end=\"1060\">Ideal als Schreibtisch, Esstisch oder Konferenztisch<\/p>\n<\/li>\n<\/ul>\n<p data-start=\"1062\" data-end=\"1212\" data-is-last-node=\"\" data-is-only-node=\"\">Dieser Tisch ist die perfekte Wahl f\u00fcr Liebhaber nat\u00fcrlicher Materialien, die Wert auf Individualit\u00e4t, Qualit\u00e4t und ein ausdrucksstarkes Design legen.<\/p>\n<p data-start=\"1062\" data-end=\"1212\" data-is-last-node=\"\" data-is-only-node=\"\">zuz\u00fcglich Versandkosten (Spedition)<\/p>\n","protected":false},"excerpt":{"rendered":"<p>Massiver Tisch mit einzigartiger Ahorn-Wurmholzplatte und filigranen Metallbeinen im Industrial-Design, der nat\u00fcrliche Individualit\u00e4t und moderne Eleganz vereint.<\/p>\n","protected":false},"featured_media":1920,"template":"","meta":[],"product_brand":[],"product_cat":[61,58],"product_tag":[],"class_list":{"0":"post-1919","1":"product","2":"type-product","3":"status-publish","4":"has-post-thumbnail","6":"product_cat-moebel","7":"product_cat-modern","8":"product_shipping_class-spedition","10":"first","11":"instock","12":"taxable","13":"shipping-taxable","14":"purchasable","15":"product-type-simple"},"jetpack_sharing_enabled":true,"_links":{"self":[{"href":"https:\/\/lichtundeisen.at\/en\/wp-json\/wp\/v2\/product\/1919","targetHints":{"allow":["GET"]}}],"collection":[{"href":"https:\/\/lichtundeisen.at\/en\/wp-json\/wp\/v2\/product"}],"about":[{"href":"https:\/\/lichtundeisen.at\/en\/wp-json\/wp\/v2\/types\/product"}],"wp:featuredmedia":[{"embeddable":true,"href":"https:\/\/lichtundeisen.at\/en\/wp-json\/wp\/v2\/media\/1920"}],"wp:attachment":[{"href":"https:\/\/lichtundeisen.at\/en\/wp-json\/wp\/v2\/media?parent=1919"}],"wp:term":[{"taxonomy":"product_brand","embeddable":true,"href":"https:\/\/lichtundeisen.at\/en\/wp-json\/wp\/v2\/product_brand?post=1919"},{"taxonomy":"product_cat","embeddable":true,"href":"https:\/\/lichtundeisen.at\/en\/wp-json\/wp\/v2\/product_cat?post=1919"},{"taxonomy":"product_tag","embeddable":true,"href":"https:\/\/lichtundeisen.at\/en\/wp-json\/wp\/v2\/product_tag?post=1919"}],"curies":[{"name":"wp","href":"https:\/\/api.w.org\/{rel}","templated":true}]}}