{"id":1817,"date":"2021-02-28T18:11:22","date_gmt":"2021-02-28T17:11:22","guid":{"rendered":"https:\/\/lichtundeisen.at\/?post_type=product&#038;p=1817"},"modified":"2026-01-19T12:33:19","modified_gmt":"2026-01-19T11:33:19","slug":"hangeleuchte-1034h8","status":"publish","type":"product","link":"https:\/\/lichtundeisen.at\/en\/produkt\/hangeleuchte-1034h8","title":{"rendered":"H\u00e4ngeleuchte 1032h8+4"},"content":{"rendered":"<p data-start=\"106\" data-end=\"239\"><strong data-start=\"106\" data-end=\"144\">Luster mit 8 Fassungen und 4 Spots<\/strong><br data-start=\"144\" data-end=\"147\" \/>Handgeschmiedeter Luster mit acht E27-Fassungen und vier Spots zur Beleuchtung nach unten.<\/p>\n<p data-start=\"241\" data-end=\"364\">Oberfl\u00e4che: schwarz lackiert und patiniert<br data-start=\"283\" data-end=\"286\" \/>Ma\u00dfe: 150 cm breit \u00d7 40 cm tief \u00d7 40 cm hoch (zzgl. Abh\u00e4ngung und Baldachin)<\/p>\n","protected":false},"excerpt":{"rendered":"<p>Luster mit 8 Fassungen und 4 SpotsHandgeschmiedeter Luster mit acht E27-Fassungen und vier Spots zur Beleuchtung nach unten. Oberfl\u00e4che: schwarz lackiert und patiniertMa\u00dfe: 150 cm breit \u00d7 40 cm tief \u00d7 40 cm hoch (zzgl. Abh\u00e4ngung und Baldachin)<\/p>\n","protected":false},"featured_media":1822,"template":"","meta":[],"product_brand":[],"product_cat":[54,57,119],"product_tag":[],"class_list":{"0":"post-1817","1":"product","2":"type-product","3":"status-publish","4":"has-post-thumbnail","6":"product_cat-hangeleuchten","7":"product_cat-klassisch","8":"product_cat-luster","9":"product_shipping_class-spedition","11":"first","12":"onbackorder","13":"taxable","14":"shipping-taxable","15":"purchasable","16":"product-type-simple"},"jetpack_sharing_enabled":true,"_links":{"self":[{"href":"https:\/\/lichtundeisen.at\/en\/wp-json\/wp\/v2\/product\/1817","targetHints":{"allow":["GET"]}}],"collection":[{"href":"https:\/\/lichtundeisen.at\/en\/wp-json\/wp\/v2\/product"}],"about":[{"href":"https:\/\/lichtundeisen.at\/en\/wp-json\/wp\/v2\/types\/product"}],"wp:featuredmedia":[{"embeddable":true,"href":"https:\/\/lichtundeisen.at\/en\/wp-json\/wp\/v2\/media\/1822"}],"wp:attachment":[{"href":"https:\/\/lichtundeisen.at\/en\/wp-json\/wp\/v2\/media?parent=1817"}],"wp:term":[{"taxonomy":"product_brand","embeddable":true,"href":"https:\/\/lichtundeisen.at\/en\/wp-json\/wp\/v2\/product_brand?post=1817"},{"taxonomy":"product_cat","embeddable":true,"href":"https:\/\/lichtundeisen.at\/en\/wp-json\/wp\/v2\/product_cat?post=1817"},{"taxonomy":"product_tag","embeddable":true,"href":"https:\/\/lichtundeisen.at\/en\/wp-json\/wp\/v2\/product_tag?post=1817"}],"curies":[{"name":"wp","href":"https:\/\/api.w.org\/{rel}","templated":true}]}}