{"id":1757,"date":"2021-02-28T09:46:11","date_gmt":"2021-02-28T08:46:11","guid":{"rendered":"https:\/\/lichtundeisen.at\/?post_type=product&#038;p=1757"},"modified":"2026-01-19T12:31:55","modified_gmt":"2026-01-19T11:31:55","slug":"tischleuchte-03","status":"publish","type":"product","link":"https:\/\/lichtundeisen.at\/en\/produkt\/tischleuchte-03","title":{"rendered":"Tischleuchte Nr.3"},"content":{"rendered":"<p data-start=\"0\" data-end=\"73\"><strong data-start=\"0\" data-end=\"73\">Tischleuchte im Geweih-Design \u2013 Rustikaler Akzent f\u00fcr stilvolle R\u00e4ume<\/strong><\/p>\n<p data-start=\"75\" data-end=\"399\">Diese dekorative Tischleuchte vereint nat\u00fcrliche Anmutung mit rustikalem Charme. Der Lampenfu\u00df ist kunstvoll in Geweih-Optik gestaltet und macht jede Leuchte zu einem individuellen Blickfang. Der helle, leicht strukturierte Stoffschirm sorgt f\u00fcr ein angenehm warmes, blendfreies Licht und schafft eine gem\u00fctliche Atmosph\u00e4re.<\/p>\n<p data-start=\"401\" data-end=\"587\">Ob auf dem Beistelltisch, Sideboard oder Nachttisch \u2013 diese Leuchte passt perfekt in Wohnr\u00e4ume im Landhaus-, Chalet- oder Lodge-Stil und setzt gezielte Akzente mit nat\u00fcrlichem Charakter.<\/p>\n<p data-start=\"589\" data-end=\"614\"><strong data-start=\"589\" data-end=\"614\">Details &amp; Highlights:<\/strong><\/p>\n<ul data-start=\"615\" data-end=\"829\">\n<li data-start=\"615\" data-end=\"654\">\n<p data-start=\"617\" data-end=\"654\">Markanter Lampenfu\u00df in Geweih-Optik<\/p>\n<\/li>\n<li data-start=\"655\" data-end=\"707\">\n<p data-start=\"657\" data-end=\"707\">Heller Stoffschirm f\u00fcr weiches, wohnliches Licht<\/p>\n<\/li>\n<li data-start=\"708\" data-end=\"742\">\n<p data-start=\"710\" data-end=\"742\">Stabile Bodenplatte aus Metall<\/p>\n<\/li>\n<li data-start=\"743\" data-end=\"772\">\n<p data-start=\"745\" data-end=\"772\">Praktischer Kabelschalter<\/p>\n<\/li>\n<li data-start=\"773\" data-end=\"829\">\n<p data-start=\"775\" data-end=\"829\">Ideal als Akzent-, Stimmungs- oder Nachttischleuchte<\/p>\n<\/li>\n<\/ul>\n<p data-start=\"831\" data-end=\"928\" data-is-last-node=\"\" data-is-only-node=\"\">Eine stilvolle Tischlampe f\u00fcr alle, die Naturverbundenheit und au\u00dfergew\u00f6hnliches Design sch\u00e4tzen.<\/p>\n<h5 data-start=\"831\" data-end=\"928\">Leuchte 380\u20ac<\/h5>\n<p data-start=\"831\" data-end=\"928\" data-is-last-node=\"\" data-is-only-node=\"\">H\u00f6he 52cm, Fuss Durchmesser 21cm<\/p>\n<h5 data-start=\"831\" data-end=\"928\">Schirm 200\u20ac<\/h5>\n<p data-start=\"831\" data-end=\"928\" data-is-last-node=\"\" data-is-only-node=\"\">Durchmesser 44cm, H\u00f6he 16cm<\/p>\n","protected":false},"excerpt":{"rendered":"<p>Tischleuchte im Geweih-Design \u2013 Rustikaler Akzent f\u00fcr stilvolle R\u00e4ume Diese dekorative Tischleuchte vereint nat\u00fcrliche Anmutung mit rustikalem Charme. Der Lampenfu\u00df ist kunstvoll in Geweih-Optik gestaltet und macht jede Leuchte zu einem individuellen Blickfang. Der helle, leicht strukturierte Stoffschirm sorgt f\u00fcr ein angenehm warmes, blendfreies Licht und schafft eine gem\u00fctliche Atmosph\u00e4re. [&hellip;]<\/p>\n","protected":false},"featured_media":2016,"template":"","meta":[],"product_brand":[121],"product_cat":[105,57,56],"product_tag":[],"class_list":{"0":"post-1757","1":"product","2":"type-product","3":"status-publish","4":"has-post-thumbnail","6":"product_brand-lichtundeisen","7":"product_cat-geweihleuchten","8":"product_cat-klassisch","9":"product_cat-tischleuchten","11":"first","12":"onbackorder","13":"taxable","14":"shipping-taxable","15":"purchasable","16":"product-type-simple"},"jetpack_sharing_enabled":true,"_links":{"self":[{"href":"https:\/\/lichtundeisen.at\/en\/wp-json\/wp\/v2\/product\/1757","targetHints":{"allow":["GET"]}}],"collection":[{"href":"https:\/\/lichtundeisen.at\/en\/wp-json\/wp\/v2\/product"}],"about":[{"href":"https:\/\/lichtundeisen.at\/en\/wp-json\/wp\/v2\/types\/product"}],"wp:featuredmedia":[{"embeddable":true,"href":"https:\/\/lichtundeisen.at\/en\/wp-json\/wp\/v2\/media\/2016"}],"wp:attachment":[{"href":"https:\/\/lichtundeisen.at\/en\/wp-json\/wp\/v2\/media?parent=1757"}],"wp:term":[{"taxonomy":"product_brand","embeddable":true,"href":"https:\/\/lichtundeisen.at\/en\/wp-json\/wp\/v2\/product_brand?post=1757"},{"taxonomy":"product_cat","embeddable":true,"href":"https:\/\/lichtundeisen.at\/en\/wp-json\/wp\/v2\/product_cat?post=1757"},{"taxonomy":"product_tag","embeddable":true,"href":"https:\/\/lichtundeisen.at\/en\/wp-json\/wp\/v2\/product_tag?post=1757"}],"curies":[{"name":"wp","href":"https:\/\/api.w.org\/{rel}","templated":true}]}}