{"id":1751,"date":"2021-02-28T09:46:43","date_gmt":"2021-02-28T08:46:43","guid":{"rendered":"https:\/\/lichtundeisen.at\/?post_type=product&#038;p=1751"},"modified":"2026-01-19T12:33:31","modified_gmt":"2026-01-19T11:33:31","slug":"stehleuchte05","status":"publish","type":"product","link":"https:\/\/lichtundeisen.at\/en\/produkt\/stehleuchte05","title":{"rendered":"Stehleuchte tripod"},"content":{"rendered":"<h2 data-start=\"145\" data-end=\"170\">Stehleuchte <em data-start=\"160\" data-end=\"168\">Tripod<\/em><\/h2>\n<p data-start=\"172\" data-end=\"208\"><strong data-start=\"172\" data-end=\"206\">Details Leuchte (ohne Schirm):<\/strong><\/p>\n<ul data-start=\"209\" data-end=\"319\">\n<li data-start=\"209\" data-end=\"225\">\n<p data-start=\"211\" data-end=\"225\">H\u00f6he: 134 cm<\/p>\n<\/li>\n<li data-start=\"226\" data-end=\"246\">\n<p data-start=\"228\" data-end=\"246\">Fassung: 1 \u00d7 E27<\/p>\n<\/li>\n<li data-start=\"247\" data-end=\"298\">\n<p data-start=\"249\" data-end=\"298\">Kabel: 2 m schwarzes Stoffkabel mit Fu\u00dfschalter<\/p>\n<\/li>\n<li data-start=\"299\" data-end=\"319\">\n<p data-start=\"301\" data-end=\"319\">Preis: <strong data-start=\"308\" data-end=\"317\">420 \u20ac<\/strong><\/p>\n<\/li>\n<\/ul>\n<p data-start=\"321\" data-end=\"351\"><strong data-start=\"321\" data-end=\"349\">Lampenschirm (optional):<\/strong><\/p>\n<ul data-start=\"352\" data-end=\"448\">\n<li data-start=\"352\" data-end=\"388\">\n<p data-start=\"354\" data-end=\"388\">Material: handgesch\u00f6pftes Papier<\/p>\n<\/li>\n<li data-start=\"389\" data-end=\"404\">\n<p data-start=\"391\" data-end=\"404\">H\u00f6he: 30 cm<\/p>\n<\/li>\n<li data-start=\"405\" data-end=\"427\">\n<p data-start=\"407\" data-end=\"427\">Durchmesser: 30 cm<\/p>\n<\/li>\n<li data-start=\"428\" data-end=\"448\">\n<p data-start=\"430\" data-end=\"448\">Preis: <strong data-start=\"437\" data-end=\"446\">126 \u20ac<\/strong><\/p>\n<\/li>\n<\/ul>\n<p data-start=\"450\" data-end=\"489\"><strong data-start=\"450\" data-end=\"477\">Gesamtpreis mit Schirm:<\/strong> <strong data-start=\"478\" data-end=\"487\">546 \u20ac<\/strong><\/p>\n<p>&nbsp;<\/p>\n<p>&nbsp;<\/p>\n<p>&nbsp;<\/p>\n","protected":false},"excerpt":{"rendered":"<p>Stehleuchte Tripod Details Leuchte (ohne Schirm): H\u00f6he: 134 cm Fassung: 1 \u00d7 E27 Kabel: 2 m schwarzes Stoffkabel mit Fu\u00dfschalter Preis: 420 \u20ac Lampenschirm (optional): Material: handgesch\u00f6pftes Papier H\u00f6he: 30 cm Durchmesser: 30 cm Preis: 126 \u20ac Gesamtpreis mit Schirm: 546 \u20ac &nbsp; &nbsp; &nbsp;<\/p>\n","protected":false},"featured_media":2015,"template":"","meta":[],"product_brand":[],"product_cat":[58,55],"product_tag":[],"class_list":{"0":"post-1751","1":"product","2":"type-product","3":"status-publish","4":"has-post-thumbnail","6":"product_cat-modern","7":"product_cat-stehleuchten","8":"product_shipping_class-sperrgut","10":"first","11":"onbackorder","12":"taxable","13":"shipping-taxable","14":"purchasable","15":"product-type-simple"},"jetpack_sharing_enabled":true,"_links":{"self":[{"href":"https:\/\/lichtundeisen.at\/en\/wp-json\/wp\/v2\/product\/1751","targetHints":{"allow":["GET"]}}],"collection":[{"href":"https:\/\/lichtundeisen.at\/en\/wp-json\/wp\/v2\/product"}],"about":[{"href":"https:\/\/lichtundeisen.at\/en\/wp-json\/wp\/v2\/types\/product"}],"wp:featuredmedia":[{"embeddable":true,"href":"https:\/\/lichtundeisen.at\/en\/wp-json\/wp\/v2\/media\/2015"}],"wp:attachment":[{"href":"https:\/\/lichtundeisen.at\/en\/wp-json\/wp\/v2\/media?parent=1751"}],"wp:term":[{"taxonomy":"product_brand","embeddable":true,"href":"https:\/\/lichtundeisen.at\/en\/wp-json\/wp\/v2\/product_brand?post=1751"},{"taxonomy":"product_cat","embeddable":true,"href":"https:\/\/lichtundeisen.at\/en\/wp-json\/wp\/v2\/product_cat?post=1751"},{"taxonomy":"product_tag","embeddable":true,"href":"https:\/\/lichtundeisen.at\/en\/wp-json\/wp\/v2\/product_tag?post=1751"}],"curies":[{"name":"wp","href":"https:\/\/api.w.org\/{rel}","templated":true}]}}